{"id":762788,"date":"2025-08-28T10:20:28","date_gmt":"2025-08-28T07:20:28","guid":{"rendered":"https:\/\/roveyayinevi.com.tr\/index.php\/urun\/gizli-pasif-agresif-narsist\/"},"modified":"2026-04-15T03:27:46","modified_gmt":"2026-04-15T00:27:46","slug":"gizli-pasif-agresif-narsist","status":"publish","type":"product","link":"https:\/\/roveyayinevi.com.tr\/index.php\/urun\/gizli-pasif-agresif-narsist\/","title":{"rendered":"Gizli Pasif-Agresif  Narsist"},"content":{"rendered":"<p>E\u015finizi, arkada\u015f\u0131n\u0131z\u0131, anne baban\u0131z\u0131 ya da patronunuzu seviyorsunuz ve onlar\u0131n da sizi sevdi\u011fini d\u00fc\u015f\u00fcn\u00fcyorsunuz. \u0130li\u015fkinizde her \u015fey yolundaym\u0131\u015f gibi g\u00f6r\u00fcnse de hayat\u0131n\u0131zdaki insan\u0131n size yakla\u015f\u0131m\u0131 onunla ilgili inan\u00e7lar\u0131n\u0131z\u0131 sorgulaman\u0131za yol a\u00e7\u0131yor. Kafan\u0131z kar\u0131\u015f\u0131k, tedirginsiniz ama nedenini anlam\u0131yorsunuz. T\u00fckenmi\u015f hissediyor, kendinizi asla yeterince iyi bulmuyor, sorunun sizde olup olmad\u0131\u011f\u0131n\u0131 d\u00fc\u015f\u00fcn\u00fcyorsunuz. Peki gizli bir narsist taraf\u0131ndan duygusal olarak istismar ediliyor olabilir misiniz? Gizli Pasif-Agresif Narsist narsisizmin en sinsi bi\u00e7imi olan gizli narsisizm \u00fcst\u00fcne ufuk a\u00e7\u0131c\u0131 bir k\u0131lavuz. Gizli narsistlerin kontrol ve manipu\u0308lasyon taktiklerini, hedef olanlar\u0131n maruz kald\u0131klar\u0131 sevgi bombard\u0131man\u0131, de\u011fersizle\u015ftirme ve bir kenara b\u0131rakma evrelerini incelerken gizli narsistlerle ili\u015fki atlatanlar\u0131n deneyimlerine kulak veriyor. Ve toksik ili\u015fkilerden ar\u0131nm\u0131\u015f g\u00fczel bir gelecek ad\u0131na iyile\u015fmeye ve kendini onarmaya giden yol i\u00e7in incelikli \u00f6neriler sunuyor. <\/p>\n","protected":false},"excerpt":{"rendered":"<p>E\u015finizi, arkada\u015f\u0131n\u0131z\u0131, anne baban\u0131z\u0131 ya da patronunuzu seviyorsunuz ve onlar\u0131n da sizi sevdi\u011fini d\u00fc\u015f\u00fcn\u00fcyorsunuz. \u0130li\u015fkinizde her \u015fey yolundaym\u0131\u015f gibi g\u00f6r\u00fcnse de hayat\u0131n\u0131zdaki insan\u0131n size yakla\u015f\u0131m\u0131 onunla<span class=\"excerpt-hellip\"> [\u2026]<\/span><\/p>\n","protected":false},"featured_media":0,"template":"","meta":{"_monsterinsights_skip_tracking":false,"_monsterinsights_sitenote_active":false,"_monsterinsights_sitenote_note":"","_monsterinsights_sitenote_category":0},"product_brand":[],"product_cat":[20502,12357],"product_tag":[],"class_list":{"0":"post-762788","1":"product","2":"type-product","3":"status-publish","5":"product_cat-basvuru-kitaplari-psikoloji","6":"product_cat-psikoloji","7":"pa_cilt-ciltsiz","8":"pa_tur-kitap","9":"pa_yayinevi-aganta","10":"pa_yazar-debbie-mirza","12":"first","13":"instock","14":"sale","15":"shipping-taxable","16":"purchasable","17":"product-type-simple"},"_links":{"self":[{"href":"https:\/\/roveyayinevi.com.tr\/index.php\/wp-json\/wp\/v2\/product\/762788","targetHints":{"allow":["GET"]}}],"collection":[{"href":"https:\/\/roveyayinevi.com.tr\/index.php\/wp-json\/wp\/v2\/product"}],"about":[{"href":"https:\/\/roveyayinevi.com.tr\/index.php\/wp-json\/wp\/v2\/types\/product"}],"wp:attachment":[{"href":"https:\/\/roveyayinevi.com.tr\/index.php\/wp-json\/wp\/v2\/media?parent=762788"}],"wp:term":[{"taxonomy":"product_brand","embeddable":true,"href":"https:\/\/roveyayinevi.com.tr\/index.php\/wp-json\/wp\/v2\/product_brand?post=762788"},{"taxonomy":"product_cat","embeddable":true,"href":"https:\/\/roveyayinevi.com.tr\/index.php\/wp-json\/wp\/v2\/product_cat?post=762788"},{"taxonomy":"product_tag","embeddable":true,"href":"https:\/\/roveyayinevi.com.tr\/index.php\/wp-json\/wp\/v2\/product_tag?post=762788"}],"curies":[{"name":"wp","href":"https:\/\/api.w.org\/{rel}","templated":true}]}}