{"id":762786,"date":"2025-08-28T10:20:25","date_gmt":"2025-08-28T07:20:25","guid":{"rendered":"https:\/\/roveyayinevi.com.tr\/index.php\/urun\/arkeofili\/"},"modified":"2026-04-15T03:27:46","modified_gmt":"2026-04-15T00:27:46","slug":"arkeofili","status":"publish","type":"product","link":"https:\/\/roveyayinevi.com.tr\/index.php\/urun\/arkeofili\/","title":{"rendered":"Arkeofili"},"content":{"rendered":"<p>Siz de bir \u201carkeofil\u201d misiniz?   G\u00f6beklitepe\u2019deki insanlar dev ta\u015flar\u0131 oyup bunlar\u0131 belirli bir d\u00fczende yerle\u015ftirirken ne ama\u00e7l\u0131yorlard\u0131? Bir Homo sapiens ve bir Neandertal ilk defa kar\u015f\u0131la\u015ft\u0131\u011f\u0131nda ne hissetti? Piramitler nas\u0131l yap\u0131ld\u0131? Kolezyum gibi Antik Roma yap\u0131lar\u0131 nas\u0131l h\u00e2l\u00e2 ayakta durabiliyor?   Ge\u00e7mi\u015fte ya\u015fam\u0131\u015f insanlar\u0131 ve onlar\u0131n g\u00fcnl\u00fck ya\u015famlar\u0131n\u0131 merak etmekten ve \u00fczerine kafa yormaktan daha e\u011flenceli ne olabilir? \u00dcstelik bunun i\u00e7in arkeolog olman\u0131za da gerek yok! Belki antik kentte g\u00f6rd\u00fc\u011f\u00fcn\u00fcz y\u0131pranm\u0131\u015f bir s\u00fctuna, belki dedenizden kalan bir cep saatine, belki de sahafta buldu\u011funuz, i\u00e7i notlarla dolu eski bir kitaba bakarken bunlara kimlerin elinin de\u011fdi\u011fini, nelere tan\u0131kl\u0131k etmi\u015f olabileceklerini d\u00fc\u015f\u00fcnerek uzaklara dal\u0131yorsan\u0131z, hayal d\u00fcnyan\u0131zda o d\u00f6nemlere yolculuk yap\u0131yorsan\u0131z, yani k\u0131sacas\u0131 eski olan her \u015feye ilgi duyan biriyseniz, siz de bir arkeofilsiniz!   Arkeolog Erman Ertu\u011frul\u2019un yazd\u0131\u011f\u0131 Arkeofili: Arkeoloji Merakl\u0131s\u0131n\u0131n Elkitab\u0131, uzak ge\u00e7mi\u015fle ilgili en merak edilen sorular \u00fczerine, karma\u015f\u0131k terimler kullanmadan, kolay anla\u015f\u0131l\u0131r \u00fcslupla verilmi\u015f cevaplar okumak isteyen t\u00fcm \u201cge\u00e7mi\u015f merakl\u0131s\u0131\u201d zihinler i\u00e7in\u2026 <\/p>\n","protected":false},"excerpt":{"rendered":"<p>Siz de bir \u201carkeofil\u201d misiniz? G\u00f6beklitepe\u2019deki insanlar dev ta\u015flar\u0131 oyup bunlar\u0131 belirli bir d\u00fczende yerle\u015ftirirken ne ama\u00e7l\u0131yorlard\u0131? Bir Homo sapiens ve bir Neandertal ilk defa kar\u015f\u0131la\u015ft\u0131\u011f\u0131nda<span class=\"excerpt-hellip\"> [\u2026]<\/span><\/p>\n","protected":false},"featured_media":0,"template":"","meta":{"_monsterinsights_skip_tracking":false,"_monsterinsights_sitenote_active":false,"_monsterinsights_sitenote_note":"","_monsterinsights_sitenote_category":0},"product_brand":[],"product_cat":[52477,52478],"product_tag":[],"class_list":{"0":"post-762786","1":"product","2":"type-product","3":"status-publish","5":"product_cat-arastirma","6":"product_cat-arkeoloji","7":"pa_cilt-ciltsiz","8":"pa_tur-kitap","9":"pa_yayinevi-mundi","10":"pa_yazar-erman-ertugrul","12":"first","13":"instock","14":"sale","15":"shipping-taxable","16":"purchasable","17":"product-type-simple"},"_links":{"self":[{"href":"https:\/\/roveyayinevi.com.tr\/index.php\/wp-json\/wp\/v2\/product\/762786","targetHints":{"allow":["GET"]}}],"collection":[{"href":"https:\/\/roveyayinevi.com.tr\/index.php\/wp-json\/wp\/v2\/product"}],"about":[{"href":"https:\/\/roveyayinevi.com.tr\/index.php\/wp-json\/wp\/v2\/types\/product"}],"wp:attachment":[{"href":"https:\/\/roveyayinevi.com.tr\/index.php\/wp-json\/wp\/v2\/media?parent=762786"}],"wp:term":[{"taxonomy":"product_brand","embeddable":true,"href":"https:\/\/roveyayinevi.com.tr\/index.php\/wp-json\/wp\/v2\/product_brand?post=762786"},{"taxonomy":"product_cat","embeddable":true,"href":"https:\/\/roveyayinevi.com.tr\/index.php\/wp-json\/wp\/v2\/product_cat?post=762786"},{"taxonomy":"product_tag","embeddable":true,"href":"https:\/\/roveyayinevi.com.tr\/index.php\/wp-json\/wp\/v2\/product_tag?post=762786"}],"curies":[{"name":"wp","href":"https:\/\/api.w.org\/{rel}","templated":true}]}}