{"id":762781,"date":"2025-08-28T10:20:14","date_gmt":"2025-08-28T07:20:14","guid":{"rendered":"https:\/\/roveyayinevi.com.tr\/index.php\/urun\/cikmaz-sokak-3\/"},"modified":"2026-04-15T03:27:46","modified_gmt":"2026-04-15T00:27:46","slug":"cikmaz-sokak-3","status":"publish","type":"product","link":"https:\/\/roveyayinevi.com.tr\/index.php\/urun\/cikmaz-sokak-3\/","title":{"rendered":"\u00c7\u0131kmaz Sokak"},"content":{"rendered":"<p>Uyu\u015fturucu ticareti yapan bir \u00f6rg\u00fct liderinin \u00e7ocuklar\u0131n\u0131n hik\u00e2yesi.   Babas\u0131n\u0131n \u00f6l\u00fcm\u00fcnden sonra bir uyu\u015fturucu \u00e7etesine kat\u0131lan Azak Kan\u00e7al ile komiser olmay\u0131 se\u00e7en ve bu t\u00fcr \u00f6rg\u00fctlere amans\u0131z bir sava\u015f a\u00e7an Azak&#8217;\u0131n karde\u015fi Ada&#8217;n\u0131n dramatik \u00e7at\u0131\u015fmalar\u0131&#8230; Karde\u015fine olan sevgisi ve ac\u0131mas\u0131z \u00f6rg\u00fct\u00fcn yapt\u0131klar\u0131 Azak&#8217;\u0131n \u00f6rg\u00fct\u00fc yok etme karar\u0131 almas\u0131na sebep olur; a\u015fk, sevgi ve macera dolu bir yolculuk ba\u015flar&#8230;<\/p>\n","protected":false},"excerpt":{"rendered":"<p>Uyu\u015fturucu ticareti yapan bir \u00f6rg\u00fct liderinin \u00e7ocuklar\u0131n\u0131n hik\u00e2yesi. Babas\u0131n\u0131n \u00f6l\u00fcm\u00fcnden sonra bir uyu\u015fturucu \u00e7etesine kat\u0131lan Azak Kan\u00e7al ile komiser olmay\u0131 se\u00e7en ve bu t\u00fcr \u00f6rg\u00fctlere amans\u0131z<span class=\"excerpt-hellip\"> [\u2026]<\/span><\/p>\n","protected":false},"featured_media":0,"template":"","meta":{"_monsterinsights_skip_tracking":false,"_monsterinsights_sitenote_active":false,"_monsterinsights_sitenote_note":"","_monsterinsights_sitenote_category":0},"product_brand":[],"product_cat":[12291,15445],"product_tag":[],"class_list":{"0":"post-762781","1":"product","2":"type-product","3":"status-publish","5":"product_cat-edebiyat","6":"product_cat-polisiye","7":"pa_cilt-ciltsiz","8":"pa_tur-kitap","9":"pa_yayinevi-elpis-yayinlari","10":"pa_yazar-eyup-ugurlu","12":"first","13":"instock","14":"sale","15":"shipping-taxable","16":"purchasable","17":"product-type-simple"},"_links":{"self":[{"href":"https:\/\/roveyayinevi.com.tr\/index.php\/wp-json\/wp\/v2\/product\/762781","targetHints":{"allow":["GET"]}}],"collection":[{"href":"https:\/\/roveyayinevi.com.tr\/index.php\/wp-json\/wp\/v2\/product"}],"about":[{"href":"https:\/\/roveyayinevi.com.tr\/index.php\/wp-json\/wp\/v2\/types\/product"}],"wp:attachment":[{"href":"https:\/\/roveyayinevi.com.tr\/index.php\/wp-json\/wp\/v2\/media?parent=762781"}],"wp:term":[{"taxonomy":"product_brand","embeddable":true,"href":"https:\/\/roveyayinevi.com.tr\/index.php\/wp-json\/wp\/v2\/product_brand?post=762781"},{"taxonomy":"product_cat","embeddable":true,"href":"https:\/\/roveyayinevi.com.tr\/index.php\/wp-json\/wp\/v2\/product_cat?post=762781"},{"taxonomy":"product_tag","embeddable":true,"href":"https:\/\/roveyayinevi.com.tr\/index.php\/wp-json\/wp\/v2\/product_tag?post=762781"}],"curies":[{"name":"wp","href":"https:\/\/api.w.org\/{rel}","templated":true}]}}