{"id":762780,"date":"2025-08-28T10:20:12","date_gmt":"2025-08-28T07:20:12","guid":{"rendered":"https:\/\/roveyayinevi.com.tr\/index.php\/urun\/esrarlim\/"},"modified":"2026-04-15T03:27:46","modified_gmt":"2026-04-15T00:27:46","slug":"esrarlim","status":"publish","type":"product","link":"https:\/\/roveyayinevi.com.tr\/index.php\/urun\/esrarlim\/","title":{"rendered":"Esrarl\u0131m"},"content":{"rendered":"<p>Sevgili okurlar\u0131m \u00f6ncelikle hayal d\u00fcnyama ho\u015fgeldiniz. Duygular\u0131m\u0131 ka\u011f\u0131tlara d\u00f6kmeye \u00e7al\u0131\u015ft\u0131\u011f\u0131m bu \u00e7al\u0131\u015fmama sizleri de ortak etmekten k\u0131van\u00e7 duyaca\u011f\u0131m\u0131 belirtmeliyim. Sizde hak verirsiniz ki, ka\u011f\u0131da d\u00f6k\u00fclmeyen her s\u00f6z, her c\u00fcmle, her d\u00fc\u015f\u00fcnce unutulmaya mahkumdur. <\/p>\n","protected":false},"excerpt":{"rendered":"<p>Sevgili okurlar\u0131m \u00f6ncelikle hayal d\u00fcnyama ho\u015fgeldiniz. Duygular\u0131m\u0131 ka\u011f\u0131tlara d\u00f6kmeye \u00e7al\u0131\u015ft\u0131\u011f\u0131m bu \u00e7al\u0131\u015fmama sizleri de ortak etmekten k\u0131van\u00e7 duyaca\u011f\u0131m\u0131 belirtmeliyim. Sizde hak verirsiniz ki, ka\u011f\u0131da d\u00f6k\u00fclmeyen her<span class=\"excerpt-hellip\"> [\u2026]<\/span><\/p>\n","protected":false},"featured_media":0,"template":"","meta":{"_monsterinsights_skip_tracking":false,"_monsterinsights_sitenote_active":false,"_monsterinsights_sitenote_note":"","_monsterinsights_sitenote_category":0},"product_brand":[],"product_cat":[12291,12509],"product_tag":[],"class_list":{"0":"post-762780","1":"product","2":"type-product","3":"status-publish","5":"product_cat-edebiyat","6":"product_cat-siir","7":"pa_cilt-ciltsiz","8":"pa_tur-kitap","9":"pa_yayinevi-platanus-publishing","10":"pa_yazar-ilhan-bozoglu","12":"first","13":"instock","14":"sale","15":"shipping-taxable","16":"purchasable","17":"product-type-simple"},"_links":{"self":[{"href":"https:\/\/roveyayinevi.com.tr\/index.php\/wp-json\/wp\/v2\/product\/762780","targetHints":{"allow":["GET"]}}],"collection":[{"href":"https:\/\/roveyayinevi.com.tr\/index.php\/wp-json\/wp\/v2\/product"}],"about":[{"href":"https:\/\/roveyayinevi.com.tr\/index.php\/wp-json\/wp\/v2\/types\/product"}],"wp:attachment":[{"href":"https:\/\/roveyayinevi.com.tr\/index.php\/wp-json\/wp\/v2\/media?parent=762780"}],"wp:term":[{"taxonomy":"product_brand","embeddable":true,"href":"https:\/\/roveyayinevi.com.tr\/index.php\/wp-json\/wp\/v2\/product_brand?post=762780"},{"taxonomy":"product_cat","embeddable":true,"href":"https:\/\/roveyayinevi.com.tr\/index.php\/wp-json\/wp\/v2\/product_cat?post=762780"},{"taxonomy":"product_tag","embeddable":true,"href":"https:\/\/roveyayinevi.com.tr\/index.php\/wp-json\/wp\/v2\/product_tag?post=762780"}],"curies":[{"name":"wp","href":"https:\/\/api.w.org\/{rel}","templated":true}]}}