{"id":762779,"date":"2025-08-28T10:20:10","date_gmt":"2025-08-28T07:20:10","guid":{"rendered":"https:\/\/roveyayinevi.com.tr\/index.php\/urun\/ormancilikta-sel-cig-ve-kaya-yuvarlanmasi-kontrolu-terimleri-sozlugu-turkce-ingilizce-almanca\/"},"modified":"2026-04-15T03:27:46","modified_gmt":"2026-04-15T00:27:46","slug":"ormancilikta-sel-cig-ve-kaya-yuvarlanmasi-kontrolu-terimleri-sozlugu-turkce-ingilizce-almanca","status":"publish","type":"product","link":"https:\/\/roveyayinevi.com.tr\/index.php\/urun\/ormancilikta-sel-cig-ve-kaya-yuvarlanmasi-kontrolu-terimleri-sozlugu-turkce-ingilizce-almanca\/","title":{"rendered":"Ormanc\u0131l\u0131kta Sel, \u00c7\u0131\u011f ve Kaya Yuvarlanmas\u0131 Kontrol\u00fc Terimleri S\u00f6zl\u00fc\u011f\u00fc (T\u00fcrk\u00e7e \u2013 \u0130ngilizce \u2013 Almanca)"},"content":{"rendered":"<p>Bu \u00e7al\u0131\u015fma, yaln\u0131zca bir ara\u015ft\u0131rma \u00fcr\u00fcn\u00fc de\u011fil, ayn\u0131 zamanda akademik ve sosyal ya\u015fam\u0131m boyunca edindi\u011fim deneyimlerin ve \u00f6\u011fretilerin bir birikimidir. Sevgili k\u0131z\u0131m Fat\u0131ma Elif&#8217;e ithafen, bu \u00e7al\u0131\u015fmay\u0131 ger\u00e7ekle\u015ftirirken bana ilham veren ve her ad\u0131mda yan\u0131mda olan aileme en i\u00e7ten te\u015fekk\u00fcrlerimi sunuyorum. Onlar\u0131n sevgi ve deste\u011fi olmadan bu projeyi tamamlamak m\u00fcmk\u00fcn olmazd\u0131. Hepinize minnettar\u0131m. Ormanc\u0131l\u0131k, do\u011fal kaynaklar\u0131n s\u00fcrd\u00fcr\u00fclebilir y\u00f6netimi ve ekosistemlerin korunmas\u0131 a\u00e7\u0131s\u0131ndan hayati bir \u00f6neme sahiptir. Ancak, ormanc\u0131l\u0131k faaliyetleri s\u0131ras\u0131nda do\u011fal afetlerle kar\u015f\u0131la\u015fmak ka\u00e7\u0131n\u0131lmazd\u0131r ve bu afetlerin etkilerini azaltmak i\u00e7in stratejiler geli\u015ftirilmesi gerekmektedir. Sel, \u00e7\u0131\u011f ve kaya d\u00fc\u015fmesi gibi ormanl\u0131k alanlarda meydana gelen olaylar, ormanc\u0131l\u0131k faaliyetlerinin g\u00fcvenli\u011fi ve verimlili\u011fi a\u00e7\u0131s\u0131ndan ciddi tehditler olu\u015fturmaktad\u0131r. Bu terimler s\u00f6zl\u00fc\u011f\u00fc, ormanc\u0131l\u0131k sekt\u00f6r\u00fcnde \u00e7al\u0131\u015fan akademisyenlerin, \u00f6\u011frencilerin, profesyonellerin ve di\u011fer ilgili payda\u015flar\u0131n bu tehlikeli olaylarla ilgili temel terimleri anlamalar\u0131na ve do\u011fru m\u00fcdahale stratejilerini belirlemelerine yard\u0131mc\u0131 olmay\u0131 hedeflemektedir. Ancak bir\u00e7ok alanda oldu\u011fu gibi ormanc\u0131l\u0131kta da sel, \u00e7\u0131\u011f ve kaya d\u00fc\u015fmesi kontrol\u00fc ile ilgili terimlerde farkl\u0131l\u0131klar bulunmaktad\u0131r. \u00c7\u00fcnk\u00fc bu konular, sel ve \u00e7\u0131\u011f kontrol\u00fc ile kaya d\u00fc\u015fmelerini i\u00e7eren geni\u015f bir disiplini kapsamaktad\u0131r. \u00c7al\u0131\u015fman\u0131n, ormanl\u0131k alanlarda meydana gelen tehlikeli olaylar\u0131n y\u0131k\u0131c\u0131 etkilerini azaltmada ve daha g\u00fcvenli bir d\u00fcnya in\u015fa etmede \u00f6nemli bir rol oynayaca\u011f\u0131na inan\u0131yorum. Bu hedefe katk\u0131da bulunmak benim i\u00e7in b\u00fcy\u00fck bir mutluluk kayna\u011f\u0131 olacakt\u0131r. <\/p>\n","protected":false},"excerpt":{"rendered":"<p>Bu \u00e7al\u0131\u015fma, yaln\u0131zca bir ara\u015ft\u0131rma \u00fcr\u00fcn\u00fc de\u011fil, ayn\u0131 zamanda akademik ve sosyal ya\u015fam\u0131m boyunca edindi\u011fim deneyimlerin ve \u00f6\u011fretilerin bir birikimidir. Sevgili k\u0131z\u0131m Fat\u0131ma Elif&#8217;e ithafen, bu<span class=\"excerpt-hellip\"> [\u2026]<\/span><\/p>\n","protected":false},"featured_media":0,"template":"","meta":{"_monsterinsights_skip_tracking":false,"_monsterinsights_sitenote_active":false,"_monsterinsights_sitenote_note":"","_monsterinsights_sitenote_category":0},"product_brand":[],"product_cat":[12566,13611],"product_tag":[],"class_list":{"0":"post-762779","1":"product","2":"type-product","3":"status-publish","5":"product_cat-egitim","6":"product_cat-sozlukler-ve-konusma-kilavuzlari","7":"pa_cilt-ciltsiz","8":"pa_tur-kitap","9":"pa_yayinevi-platanus-publishing","10":"pa_yazar-tayfun-kurt","12":"first","13":"instock","14":"sale","15":"shipping-taxable","16":"purchasable","17":"product-type-simple"},"_links":{"self":[{"href":"https:\/\/roveyayinevi.com.tr\/index.php\/wp-json\/wp\/v2\/product\/762779","targetHints":{"allow":["GET"]}}],"collection":[{"href":"https:\/\/roveyayinevi.com.tr\/index.php\/wp-json\/wp\/v2\/product"}],"about":[{"href":"https:\/\/roveyayinevi.com.tr\/index.php\/wp-json\/wp\/v2\/types\/product"}],"wp:attachment":[{"href":"https:\/\/roveyayinevi.com.tr\/index.php\/wp-json\/wp\/v2\/media?parent=762779"}],"wp:term":[{"taxonomy":"product_brand","embeddable":true,"href":"https:\/\/roveyayinevi.com.tr\/index.php\/wp-json\/wp\/v2\/product_brand?post=762779"},{"taxonomy":"product_cat","embeddable":true,"href":"https:\/\/roveyayinevi.com.tr\/index.php\/wp-json\/wp\/v2\/product_cat?post=762779"},{"taxonomy":"product_tag","embeddable":true,"href":"https:\/\/roveyayinevi.com.tr\/index.php\/wp-json\/wp\/v2\/product_tag?post=762779"}],"curies":[{"name":"wp","href":"https:\/\/api.w.org\/{rel}","templated":true}]}}