{"id":762775,"date":"2025-08-28T10:20:03","date_gmt":"2025-08-28T07:20:03","guid":{"rendered":"https:\/\/roveyayinevi.com.tr\/index.php\/urun\/bektasi-sairleri-ve-nefesleri\/"},"modified":"2026-04-15T03:27:45","modified_gmt":"2026-04-15T00:27:45","slug":"bektasi-sairleri-ve-nefesleri","status":"publish","type":"product","link":"https:\/\/roveyayinevi.com.tr\/index.php\/urun\/bektasi-sairleri-ve-nefesleri\/","title":{"rendered":"Bekta\u015fi \u015eairleri ve Nefesleri"},"content":{"rendered":"<p>Sadeddin N\u00fczhet Ergun (1901-1946) T\u00fcrk Edebiyat Tarihi alan\u0131nda \u00e7al\u0131\u015fma yapan bir ka\u00e7 b\u00fcy\u00fck bilginden biri olarak kabul edilir. Bekta\u015f\u00ee \u015eairleri ve Nefesleri (19. Asra Kadar) ilkin 1930 y\u0131l\u0131nda yay\u0131mlanm\u0131\u015f, kitapta alfabetik s\u0131rayla yer alan \u015fairlerin ya\u015fam \u00f6yk\u00fclerine ve \u015fiirlerinden \u00f6rneklere yer verilmi\u015ftir. Eklerle birlikte 180 ismin bulundu\u011fu kitap, yazar taraf\u0131ndan 1944 y\u0131l\u0131nda geni\u015fletilip \u00fc\u00e7 cilt olarak (I ve II. ciltler bir arada) yeniden yay\u0131mlanm\u0131\u015ft\u0131r. Kitap, edebiyat tarihi oldu\u011fu kadar Bekta\u015f\u00eelik tarihi \u00e7al\u0131\u015fmalar\u0131 i\u00e7in de \u00f6nemlidir. <\/p>\n","protected":false},"excerpt":{"rendered":"<p>Sadeddin N\u00fczhet Ergun (1901-1946) T\u00fcrk Edebiyat Tarihi alan\u0131nda \u00e7al\u0131\u015fma yapan bir ka\u00e7 b\u00fcy\u00fck bilginden biri olarak kabul edilir. Bekta\u015f\u00ee \u015eairleri ve Nefesleri (19. Asra Kadar) ilkin<span class=\"excerpt-hellip\"> [\u2026]<\/span><\/p>\n","protected":false},"featured_media":0,"template":"","meta":{"_monsterinsights_skip_tracking":false,"_monsterinsights_sitenote_active":false,"_monsterinsights_sitenote_note":"","_monsterinsights_sitenote_category":0},"product_brand":[],"product_cat":[13575,12718,12719],"product_tag":[],"class_list":{"0":"post-762775","1":"product","2":"type-product","3":"status-publish","5":"product_cat-alevilik-bektasilik","6":"product_cat-din","7":"product_cat-islam","8":"pa_cilt-ciltsiz","9":"pa_tur-kitap","10":"pa_yayinevi-bilgesu-yayincilik","11":"pa_yazar-sadeddin-nuzhet-ergun","13":"first","14":"instock","15":"sale","16":"shipping-taxable","17":"purchasable","18":"product-type-simple"},"_links":{"self":[{"href":"https:\/\/roveyayinevi.com.tr\/index.php\/wp-json\/wp\/v2\/product\/762775","targetHints":{"allow":["GET"]}}],"collection":[{"href":"https:\/\/roveyayinevi.com.tr\/index.php\/wp-json\/wp\/v2\/product"}],"about":[{"href":"https:\/\/roveyayinevi.com.tr\/index.php\/wp-json\/wp\/v2\/types\/product"}],"wp:attachment":[{"href":"https:\/\/roveyayinevi.com.tr\/index.php\/wp-json\/wp\/v2\/media?parent=762775"}],"wp:term":[{"taxonomy":"product_brand","embeddable":true,"href":"https:\/\/roveyayinevi.com.tr\/index.php\/wp-json\/wp\/v2\/product_brand?post=762775"},{"taxonomy":"product_cat","embeddable":true,"href":"https:\/\/roveyayinevi.com.tr\/index.php\/wp-json\/wp\/v2\/product_cat?post=762775"},{"taxonomy":"product_tag","embeddable":true,"href":"https:\/\/roveyayinevi.com.tr\/index.php\/wp-json\/wp\/v2\/product_tag?post=762775"}],"curies":[{"name":"wp","href":"https:\/\/api.w.org\/{rel}","templated":true}]}}