{"id":762768,"date":"2025-08-28T10:19:50","date_gmt":"2025-08-28T07:19:50","guid":{"rendered":"https:\/\/roveyayinevi.com.tr\/index.php\/urun\/buzagi-zelo-yavru-hayvan-hikayeleri\/"},"modified":"2026-04-12T03:19:55","modified_gmt":"2026-04-12T00:19:55","slug":"buzagi-zelo-yavru-hayvan-hikayeleri","status":"publish","type":"product","link":"https:\/\/roveyayinevi.com.tr\/index.php\/urun\/buzagi-zelo-yavru-hayvan-hikayeleri\/","title":{"rendered":"Buza\u011f\u0131 Zelo \u2013 Yavru Hayvan Hikayeleri"},"content":{"rendered":"<p>\u00c7ocu\u011funuz \u2018Yavru Hayvan Hik\u00e2yeleri Serisi\u2019 ile bir taraftan e\u011flenceli vakit ge\u00e7irirken di\u011fer taraftan da sevimli hayvanlar hakk\u0131nda k\u0131sa bilgiler \u00f6\u011frenecek.<\/p>\n","protected":false},"excerpt":{"rendered":"<p>\u00c7ocu\u011funuz \u2018Yavru Hayvan Hik\u00e2yeleri Serisi\u2019 ile bir taraftan e\u011flenceli vakit ge\u00e7irirken di\u011fer taraftan da sevimli hayvanlar hakk\u0131nda k\u0131sa bilgiler \u00f6\u011frenecek.<\/p>\n","protected":false},"featured_media":0,"template":"","meta":{"_monsterinsights_skip_tracking":false,"_monsterinsights_sitenote_active":false,"_monsterinsights_sitenote_note":"","_monsterinsights_sitenote_category":0},"product_brand":[],"product_cat":[12274,12284],"product_tag":[],"class_list":{"0":"post-762768","1":"product","2":"type-product","3":"status-publish","5":"product_cat-cocuk-ve-genclik-kitaplari","6":"product_cat-hikayeler","7":"pa_cilt-ciltsiz","8":"pa_tur-kitap","9":"pa_yayinevi-0-6-yas-yayinlari","10":"pa_yazar-taha-toptas","12":"first","13":"instock","14":"sale","15":"shipping-taxable","16":"purchasable","17":"product-type-simple"},"_links":{"self":[{"href":"https:\/\/roveyayinevi.com.tr\/index.php\/wp-json\/wp\/v2\/product\/762768","targetHints":{"allow":["GET"]}}],"collection":[{"href":"https:\/\/roveyayinevi.com.tr\/index.php\/wp-json\/wp\/v2\/product"}],"about":[{"href":"https:\/\/roveyayinevi.com.tr\/index.php\/wp-json\/wp\/v2\/types\/product"}],"wp:attachment":[{"href":"https:\/\/roveyayinevi.com.tr\/index.php\/wp-json\/wp\/v2\/media?parent=762768"}],"wp:term":[{"taxonomy":"product_brand","embeddable":true,"href":"https:\/\/roveyayinevi.com.tr\/index.php\/wp-json\/wp\/v2\/product_brand?post=762768"},{"taxonomy":"product_cat","embeddable":true,"href":"https:\/\/roveyayinevi.com.tr\/index.php\/wp-json\/wp\/v2\/product_cat?post=762768"},{"taxonomy":"product_tag","embeddable":true,"href":"https:\/\/roveyayinevi.com.tr\/index.php\/wp-json\/wp\/v2\/product_tag?post=762768"}],"curies":[{"name":"wp","href":"https:\/\/api.w.org\/{rel}","templated":true}]}}