{"id":762765,"date":"2025-08-28T10:19:45","date_gmt":"2025-08-28T07:19:45","guid":{"rendered":"https:\/\/roveyayinevi.com.tr\/index.php\/urun\/tanrilarin-vatani-anadolu\/"},"modified":"2026-04-15T03:27:45","modified_gmt":"2026-04-15T00:27:45","slug":"tanrilarin-vatani-anadolu","status":"publish","type":"product","link":"https:\/\/roveyayinevi.com.tr\/index.php\/urun\/tanrilarin-vatani-anadolu\/","title":{"rendered":"Tanr\u0131lar\u0131n Vatan\u0131 Anadolu"},"content":{"rendered":"<p>Gizemli Hititlerin Ke\u015ffi     Tanr\u0131lar\u0131n Vatan\u0131 Anadolu, y\u00fczy\u0131llar \u00f6nce Anadolu\u2019ya gelip ola\u011fan\u00fcst\u00fc bir uygarl\u0131k kuran ve uzun y\u0131llar gizemli kalan Hititlerin 19. y\u00fczy\u0131l\u0131n ba\u015flar\u0131nda ke\u015ffedilmesinin heyecan verici hik\u00e2yesini anlat\u0131yor.   \u00d6n Asya\u2019da 500 y\u0131l s\u00fcreyle siyasal, sosyolojik ve k\u00fclt\u00fcrel a\u00e7\u0131dan en \u00f6nde gelen \u0130ndo-Cermen k\u00f6kenli Hitit Devleti\u2019nin \u00e7a\u011fda\u015flar\u0131na oranla \u00fcst\u00fcnl\u00fc\u011f\u00fc M\u00d6 1200 y\u0131llar\u0131na kadar s\u00fcrm\u00fc\u015ft\u00fcr. Kutsal kitaplarda da kendinden s\u00f6z ettiren, buna kar\u015f\u0131l\u0131k Yunan ve Roma\u2019ya yabanc\u0131 kalm\u0131\u015f bu b\u00fcy\u00fck uygarl\u0131\u011f\u0131n, kaz\u0131lar sonucu g\u00fcn \u0131\u015f\u0131\u011f\u0131na \u00e7\u0131kar\u0131lmas\u0131, \u00e7a\u011fda\u015f arkeolojiye yeni ufuklar a\u00e7m\u0131\u015ft\u0131r.         Kurt W. Marek (C. W. Ceram) 20 Ocak 1915 tarihinde Berlin\u2019de do\u011fdu. 1946 y\u0131l\u0131n\u0131n sonundan 1952 y\u0131l\u0131na kadar Rowohlt yay\u0131nevinin eser inceleme ba\u015fuzman\u0131 olarak \u00e7al\u0131\u015ft\u0131.   Arkeolojinin tarihsel geli\u015fiminin izini s\u00fcren Marek, 1945-1949 y\u0131llar\u0131 aras\u0131nda Arkeolojinin Roman\u0131: Tanr\u0131lar Mezarlar ve Bilginler\u2019i yazd\u0131 ve Ceram takma ad\u0131yla yay\u0131mland\u0131; bu eseri sayesinde d\u00fcnya \u00e7ap\u0131nda \u00fcne kavu\u015ftu. Eser yirmiden fazla dile \u00e7evrildi ve her dilde bir\u00e7ok kereler bas\u0131ld\u0131.   C. W. Ceram, yurdumuza gelerek bizzat kat\u0131ld\u0131\u011f\u0131 Hititlerin ke\u015fif ara\u015ft\u0131rmalar\u0131nda edinilen bulgularla da 1955 y\u0131l\u0131nda yine tarihe \u0131\u015f\u0131k tutan Tanr\u0131lar\u0131n Vatan\u0131 Anadolu\u2019yu yazd\u0131.<\/p>\n","protected":false},"excerpt":{"rendered":"<p>Gizemli Hititlerin Ke\u015ffi Tanr\u0131lar\u0131n Vatan\u0131 Anadolu, y\u00fczy\u0131llar \u00f6nce Anadolu\u2019ya gelip ola\u011fan\u00fcst\u00fc bir uygarl\u0131k kuran ve uzun y\u0131llar gizemli kalan Hititlerin 19. y\u00fczy\u0131l\u0131n ba\u015flar\u0131nda ke\u015ffedilmesinin heyecan verici<span class=\"excerpt-hellip\"> [\u2026]<\/span><\/p>\n","protected":false},"featured_media":0,"template":"","meta":{"_monsterinsights_skip_tracking":false,"_monsterinsights_sitenote_active":false,"_monsterinsights_sitenote_note":"","_monsterinsights_sitenote_category":0},"product_brand":[],"product_cat":[52477,52478],"product_tag":[],"class_list":{"0":"post-762765","1":"product","2":"type-product","3":"status-publish","5":"product_cat-arastirma","6":"product_cat-arkeoloji","7":"pa_cilt-ciltsiz","8":"pa_tur-kitap","9":"pa_yayinevi-remzi-kitabevi","10":"pa_yazar-c-w-ceram","12":"first","13":"instock","14":"sale","15":"shipping-taxable","16":"purchasable","17":"product-type-simple"},"_links":{"self":[{"href":"https:\/\/roveyayinevi.com.tr\/index.php\/wp-json\/wp\/v2\/product\/762765","targetHints":{"allow":["GET"]}}],"collection":[{"href":"https:\/\/roveyayinevi.com.tr\/index.php\/wp-json\/wp\/v2\/product"}],"about":[{"href":"https:\/\/roveyayinevi.com.tr\/index.php\/wp-json\/wp\/v2\/types\/product"}],"wp:attachment":[{"href":"https:\/\/roveyayinevi.com.tr\/index.php\/wp-json\/wp\/v2\/media?parent=762765"}],"wp:term":[{"taxonomy":"product_brand","embeddable":true,"href":"https:\/\/roveyayinevi.com.tr\/index.php\/wp-json\/wp\/v2\/product_brand?post=762765"},{"taxonomy":"product_cat","embeddable":true,"href":"https:\/\/roveyayinevi.com.tr\/index.php\/wp-json\/wp\/v2\/product_cat?post=762765"},{"taxonomy":"product_tag","embeddable":true,"href":"https:\/\/roveyayinevi.com.tr\/index.php\/wp-json\/wp\/v2\/product_tag?post=762765"}],"curies":[{"name":"wp","href":"https:\/\/api.w.org\/{rel}","templated":true}]}}