{"id":762760,"date":"2025-08-28T10:19:36","date_gmt":"2025-08-28T07:19:36","guid":{"rendered":"https:\/\/roveyayinevi.com.tr\/index.php\/urun\/meslekleri-taniyalim-polis\/"},"modified":"2026-04-15T03:27:45","modified_gmt":"2026-04-15T00:27:45","slug":"meslekleri-taniyalim-polis","status":"publish","type":"product","link":"https:\/\/roveyayinevi.com.tr\/index.php\/urun\/meslekleri-taniyalim-polis\/","title":{"rendered":"Meslekleri Tan\u0131yal\u0131m &#8211; Polis"},"content":{"rendered":"<p>Meslekleri Tan\u0131yal\u0131m Serisi, \u00e7ocu\u011funuza aktiviteler ve boyamalar ile e\u011flenceli zamanlar sunuyor. <\/p>\n","protected":false},"excerpt":{"rendered":"<p>Meslekleri Tan\u0131yal\u0131m Serisi, \u00e7ocu\u011funuza aktiviteler ve boyamalar ile e\u011flenceli zamanlar sunuyor.<\/p>\n","protected":false},"featured_media":0,"template":"","meta":{"_monsterinsights_skip_tracking":false,"_monsterinsights_sitenote_active":false,"_monsterinsights_sitenote_note":"","_monsterinsights_sitenote_category":0},"product_brand":[],"product_cat":[12644,12274],"product_tag":[],"class_list":{"0":"post-762760","1":"product","2":"type-product","3":"status-publish","5":"product_cat-boyama-kitaplari","6":"product_cat-cocuk-ve-genclik-kitaplari","7":"pa_cilt-ciltsiz","8":"pa_tur-kitap","9":"pa_yayinevi-parilti-yayinlari","10":"pa_yazar-barbaros-ozcan","12":"first","13":"instock","14":"sale","15":"shipping-taxable","16":"purchasable","17":"product-type-simple"},"_links":{"self":[{"href":"https:\/\/roveyayinevi.com.tr\/index.php\/wp-json\/wp\/v2\/product\/762760","targetHints":{"allow":["GET"]}}],"collection":[{"href":"https:\/\/roveyayinevi.com.tr\/index.php\/wp-json\/wp\/v2\/product"}],"about":[{"href":"https:\/\/roveyayinevi.com.tr\/index.php\/wp-json\/wp\/v2\/types\/product"}],"wp:attachment":[{"href":"https:\/\/roveyayinevi.com.tr\/index.php\/wp-json\/wp\/v2\/media?parent=762760"}],"wp:term":[{"taxonomy":"product_brand","embeddable":true,"href":"https:\/\/roveyayinevi.com.tr\/index.php\/wp-json\/wp\/v2\/product_brand?post=762760"},{"taxonomy":"product_cat","embeddable":true,"href":"https:\/\/roveyayinevi.com.tr\/index.php\/wp-json\/wp\/v2\/product_cat?post=762760"},{"taxonomy":"product_tag","embeddable":true,"href":"https:\/\/roveyayinevi.com.tr\/index.php\/wp-json\/wp\/v2\/product_tag?post=762760"}],"curies":[{"name":"wp","href":"https:\/\/api.w.org\/{rel}","templated":true}]}}