{"id":762754,"date":"2025-08-28T10:19:26","date_gmt":"2025-08-28T07:19:26","guid":{"rendered":"https:\/\/roveyayinevi.com.tr\/index.php\/urun\/muziksel-yazma-egitimi-ve-ezgi-bankasi\/"},"modified":"2026-04-15T03:27:45","modified_gmt":"2026-04-15T00:27:45","slug":"muziksel-yazma-egitimi-ve-ezgi-bankasi","status":"publish","type":"product","link":"https:\/\/roveyayinevi.com.tr\/index.php\/urun\/muziksel-yazma-egitimi-ve-ezgi-bankasi\/","title":{"rendered":"M\u00fcziksel Yazma E\u011fitimi ve Ezgi Bankas\u0131"},"content":{"rendered":"<p>Solfej M\u00fcziksel Yazma E\u011fitimi ve Ezgi Bankas\u0131 kitab\u0131nda, a\u011f\u0131rl\u0131kl\u0131 olarak yazma e\u011fitimine yer verilmektedir. Sistematik bir yakla\u015f\u0131mla ve zengin bir materyal ile olu\u015fturulan kitapta yazma e\u011fitimi; ritim yazmadan kadans yazmaya, tek sesli yazmadan \u00e7ok sesli yazmaya, tonal ezgi yazmadan makamsal ezgi yazmaya de\u011fin s\u00fcren kapsaml\u0131 bir \u00e7al\u0131\u015fma olarak ilgililere sunulmaktad\u0131r. Kitab\u0131n son b\u00f6l\u00fcm\u00fcnde, ezgisel belle\u011fi geli\u015ftirme amac\u0131yla olu\u015fturulan tonal ve makamsal y\u00fczlerce \u00f6zg\u00fcn ezginin yer ald\u0131\u011f\u0131 ezgi bankas\u0131 bulunmaktad\u0131r.  <\/p>\n","protected":false},"excerpt":{"rendered":"<p>Solfej M\u00fcziksel Yazma E\u011fitimi ve Ezgi Bankas\u0131 kitab\u0131nda, a\u011f\u0131rl\u0131kl\u0131 olarak yazma e\u011fitimine yer verilmektedir. Sistematik bir yakla\u015f\u0131mla ve zengin bir materyal ile olu\u015fturulan kitapta yazma e\u011fitimi;<span class=\"excerpt-hellip\"> [\u2026]<\/span><\/p>\n","protected":false},"featured_media":0,"template":"","meta":{"_monsterinsights_skip_tracking":false,"_monsterinsights_sitenote_active":false,"_monsterinsights_sitenote_note":"","_monsterinsights_sitenote_category":0},"product_brand":[],"product_cat":[14556,20810],"product_tag":[],"class_list":{"0":"post-762754","1":"product","2":"type-product","3":"status-publish","5":"product_cat-muzik","6":"product_cat-ogrenim-kitaplari","7":"pa_cilt-ciltsiz","8":"pa_tur-kitap","9":"pa_yayinevi-arkadas-yayinlari-muzik-kitaplari","10":"pa_yazar-ulku-ozgur-salih-aydogan","12":"first","13":"instock","14":"sale","15":"shipping-taxable","16":"purchasable","17":"product-type-simple"},"_links":{"self":[{"href":"https:\/\/roveyayinevi.com.tr\/index.php\/wp-json\/wp\/v2\/product\/762754","targetHints":{"allow":["GET"]}}],"collection":[{"href":"https:\/\/roveyayinevi.com.tr\/index.php\/wp-json\/wp\/v2\/product"}],"about":[{"href":"https:\/\/roveyayinevi.com.tr\/index.php\/wp-json\/wp\/v2\/types\/product"}],"wp:attachment":[{"href":"https:\/\/roveyayinevi.com.tr\/index.php\/wp-json\/wp\/v2\/media?parent=762754"}],"wp:term":[{"taxonomy":"product_brand","embeddable":true,"href":"https:\/\/roveyayinevi.com.tr\/index.php\/wp-json\/wp\/v2\/product_brand?post=762754"},{"taxonomy":"product_cat","embeddable":true,"href":"https:\/\/roveyayinevi.com.tr\/index.php\/wp-json\/wp\/v2\/product_cat?post=762754"},{"taxonomy":"product_tag","embeddable":true,"href":"https:\/\/roveyayinevi.com.tr\/index.php\/wp-json\/wp\/v2\/product_tag?post=762754"}],"curies":[{"name":"wp","href":"https:\/\/api.w.org\/{rel}","templated":true}]}}