{"id":762752,"date":"2025-08-28T10:19:22","date_gmt":"2025-08-28T07:19:22","guid":{"rendered":"https:\/\/roveyayinevi.com.tr\/index.php\/urun\/cocuklarda-vergi-bilinci\/"},"modified":"2026-01-27T03:51:40","modified_gmt":"2026-01-27T00:51:40","slug":"cocuklarda-vergi-bilinci","status":"publish","type":"product","link":"https:\/\/roveyayinevi.com.tr\/index.php\/urun\/cocuklarda-vergi-bilinci\/","title":{"rendered":"\u00c7ocuklarda Vergi Bilinci"},"content":{"rendered":"<p>1.B\u00d6L\u00dcM       ARA\u015eTIRMANIN GENEL \u00c7ER\u00c7EVES\u0130         2. B\u00d6L\u00dcM       VERG\u0130 B\u0130L\u0130NC\u0130: TANIM, KAVRAM VE ANA FELSEFE         3.B\u00d6L\u00dcM       \u00c7OCUK VE VERG\u0130 B\u0130L\u0130NC\u0130         4.B\u00d6L\u00dcM       \u00c7OCUKLARDA VERG\u0130 B\u0130L\u0130NC\u0130N\u0130N \u00d6L\u00c7\u00dcLMES\u0130 VE ARTIRILMASI:        D\u0130YARBAKIR  \u00d6RNE\u011e\u0130 <\/p>\n","protected":false},"excerpt":{"rendered":"<p>1.B\u00d6L\u00dcM ARA\u015eTIRMANIN GENEL \u00c7ER\u00c7EVES\u0130 2. B\u00d6L\u00dcM VERG\u0130 B\u0130L\u0130NC\u0130: TANIM, KAVRAM VE ANA FELSEFE 3.B\u00d6L\u00dcM \u00c7OCUK VE VERG\u0130 B\u0130L\u0130NC\u0130 4.B\u00d6L\u00dcM \u00c7OCUKLARDA VERG\u0130 B\u0130L\u0130NC\u0130N\u0130N \u00d6L\u00c7\u00dcLMES\u0130 VE ARTIRILMASI: D\u0130YARBAKIR<span class=\"excerpt-hellip\"> [\u2026]<\/span><\/p>\n","protected":false},"featured_media":0,"template":"","meta":{"_monsterinsights_skip_tracking":false,"_monsterinsights_sitenote_active":false,"_monsterinsights_sitenote_note":"","_monsterinsights_sitenote_category":0},"product_brand":[],"product_cat":[20333,13043],"product_tag":[],"class_list":{"0":"post-762752","1":"product","2":"type-product","3":"status-publish","5":"product_cat-diger-ekonomi","6":"product_cat-ekonomi","7":"pa_cilt-ciltsiz","8":"pa_tur-kitap","9":"pa_yayinevi-gazi-kitabevi","10":"pa_yazar-kolektif","12":"first","13":"instock","14":"sale","15":"shipping-taxable","16":"purchasable","17":"product-type-simple"},"_links":{"self":[{"href":"https:\/\/roveyayinevi.com.tr\/index.php\/wp-json\/wp\/v2\/product\/762752","targetHints":{"allow":["GET"]}}],"collection":[{"href":"https:\/\/roveyayinevi.com.tr\/index.php\/wp-json\/wp\/v2\/product"}],"about":[{"href":"https:\/\/roveyayinevi.com.tr\/index.php\/wp-json\/wp\/v2\/types\/product"}],"wp:attachment":[{"href":"https:\/\/roveyayinevi.com.tr\/index.php\/wp-json\/wp\/v2\/media?parent=762752"}],"wp:term":[{"taxonomy":"product_brand","embeddable":true,"href":"https:\/\/roveyayinevi.com.tr\/index.php\/wp-json\/wp\/v2\/product_brand?post=762752"},{"taxonomy":"product_cat","embeddable":true,"href":"https:\/\/roveyayinevi.com.tr\/index.php\/wp-json\/wp\/v2\/product_cat?post=762752"},{"taxonomy":"product_tag","embeddable":true,"href":"https:\/\/roveyayinevi.com.tr\/index.php\/wp-json\/wp\/v2\/product_tag?post=762752"}],"curies":[{"name":"wp","href":"https:\/\/api.w.org\/{rel}","templated":true}]}}