{"id":762751,"date":"2025-08-28T10:19:21","date_gmt":"2025-08-28T07:19:21","guid":{"rendered":"https:\/\/roveyayinevi.com.tr\/index.php\/urun\/kalkinmak-az-gelismislikten-gelismeye\/"},"modified":"2026-04-15T03:27:45","modified_gmt":"2026-04-15T00:27:45","slug":"kalkinmak-az-gelismislikten-gelismeye","status":"publish","type":"product","link":"https:\/\/roveyayinevi.com.tr\/index.php\/urun\/kalkinmak-az-gelismislikten-gelismeye\/","title":{"rendered":"Kalk\u0131nmak Az Geli\u015fmi\u015flikten, Geli\u015fmeye"},"content":{"rendered":"<p>B\u0130R\u0130NC\u0130 B\u00d6L\u00dcM: EKONOM\u0130 KAVRAMI, \u00dcRET\u0130M FAKT\u00d6RLER\u0130 ve \u0130ST\u0130HDAMIN \u00d6NEM\u0130   \u0130K\u0130NC\u0130 B\u00d6L\u00dcM: EKONOM\u0130K B\u00dcY\u00dcME ve B\u00dcY\u00dcME D\u0130NAM\u0130KLER\u0130   \u00dc\u00c7\u00dcNC\u00dc B\u00d6L\u00dcM: AZ GEL\u0130\u015eM\u0130\u015e ve GEL\u0130\u015eM\u0130\u015e \u00dcLKE \u00d6ZELL\u0130KLER\u0130   D\u00d6RD\u00dcNC\u00dc B\u00d6L\u00dcM: KALKINMA \u0130KT\u0130SADININ GEL\u0130\u015e\u0130M\u0130 ve TEMEL ANAL\u0130ZLER\u0130   BE\u015e\u0130NC\u0130 B\u00d6L\u00dcM: ATAT\u00dcRK\u2019\u00dcN KALKINMA MODEL\u0130   ALTINCI B\u00d6L\u00dcM: KALKINMAK <\/p>\n","protected":false},"excerpt":{"rendered":"<p>B\u0130R\u0130NC\u0130 B\u00d6L\u00dcM: EKONOM\u0130 KAVRAMI, \u00dcRET\u0130M FAKT\u00d6RLER\u0130 ve \u0130ST\u0130HDAMIN \u00d6NEM\u0130 \u0130K\u0130NC\u0130 B\u00d6L\u00dcM: EKONOM\u0130K B\u00dcY\u00dcME ve B\u00dcY\u00dcME D\u0130NAM\u0130KLER\u0130 \u00dc\u00c7\u00dcNC\u00dc B\u00d6L\u00dcM: AZ GEL\u0130\u015eM\u0130\u015e ve GEL\u0130\u015eM\u0130\u015e \u00dcLKE \u00d6ZELL\u0130KLER\u0130 D\u00d6RD\u00dcNC\u00dc B\u00d6L\u00dcM:<span class=\"excerpt-hellip\"> [\u2026]<\/span><\/p>\n","protected":false},"featured_media":0,"template":"","meta":{"_monsterinsights_skip_tracking":false,"_monsterinsights_sitenote_active":false,"_monsterinsights_sitenote_note":"","_monsterinsights_sitenote_category":0},"product_brand":[],"product_cat":[13043,19008],"product_tag":[],"class_list":{"0":"post-762751","1":"product","2":"type-product","3":"status-publish","5":"product_cat-ekonomi","6":"product_cat-yonetim","7":"pa_cilt-ciltsiz","8":"pa_tur-kitap","9":"pa_yayinevi-gazi-kitabevi","10":"pa_yazar-emel-yildiz","12":"first","13":"instock","14":"sale","15":"shipping-taxable","16":"purchasable","17":"product-type-simple"},"_links":{"self":[{"href":"https:\/\/roveyayinevi.com.tr\/index.php\/wp-json\/wp\/v2\/product\/762751","targetHints":{"allow":["GET"]}}],"collection":[{"href":"https:\/\/roveyayinevi.com.tr\/index.php\/wp-json\/wp\/v2\/product"}],"about":[{"href":"https:\/\/roveyayinevi.com.tr\/index.php\/wp-json\/wp\/v2\/types\/product"}],"wp:attachment":[{"href":"https:\/\/roveyayinevi.com.tr\/index.php\/wp-json\/wp\/v2\/media?parent=762751"}],"wp:term":[{"taxonomy":"product_brand","embeddable":true,"href":"https:\/\/roveyayinevi.com.tr\/index.php\/wp-json\/wp\/v2\/product_brand?post=762751"},{"taxonomy":"product_cat","embeddable":true,"href":"https:\/\/roveyayinevi.com.tr\/index.php\/wp-json\/wp\/v2\/product_cat?post=762751"},{"taxonomy":"product_tag","embeddable":true,"href":"https:\/\/roveyayinevi.com.tr\/index.php\/wp-json\/wp\/v2\/product_tag?post=762751"}],"curies":[{"name":"wp","href":"https:\/\/api.w.org\/{rel}","templated":true}]}}