{"id":762749,"date":"2025-08-28T10:19:19","date_gmt":"2025-08-28T07:19:19","guid":{"rendered":"https:\/\/roveyayinevi.com.tr\/index.php\/urun\/levant\/"},"modified":"2026-04-15T03:27:45","modified_gmt":"2026-04-15T00:27:45","slug":"levant","status":"publish","type":"product","link":"https:\/\/roveyayinevi.com.tr\/index.php\/urun\/levant\/","title":{"rendered":"Levant"},"content":{"rendered":"<p>B\u00fcy\u00fck tarih\u00e7i Philip Mansel\u2019in Levantenlik mefhumuna ve prati\u011fine hasretti\u011fi Levant\u2019ta bir zamanlar\u0131n b\u00fcy\u00fck liman kentleri, zevk\u00fcsefa, \u00f6zg\u00fcrl\u00fck ve refah\u0131n payitahtlar\u0131 olarak boy g\u00f6stermi\u015f \u00fc\u00e7 \u015fehrin hik\u00e2yesini okuyoruz: Smyrna, \u0130skenderiye ve Beyrut. Bu in\u015fay\u0131 ger\u00e7ekle\u015ftirebilmek i\u00e7in pek \u00e7ok co\u011frafya, tarih ve k\u00fclt\u00fcrle hemhal olan ve say\u0131s\u0131z kayna\u011fa ba\u015fvuran Mansel, dini olanla siyasi olan\u0131 ayr\u0131\u015ft\u0131r\u0131p birbirine kar\u0131yor, ayn\u0131 anda var olabilen kozmopolitlikle milliyet\u00e7ili\u011fin gizli sava\u015f\u0131n\u0131 t\u00fcm \u00e7\u0131plakl\u0131\u011f\u0131yla ortaya koyuyor. Rum, T\u00fcrk, Ermeni ve Araplar\u0131n \u2026 M\u00fcsl\u00fcman, Yahudi ve H\u0131ristiyanlar\u0131n \u2026 Frans\u0131z, \u0130ngiliz ve Osmanl\u0131lar\u0131n bir kar\u015f\u0131la\u015fma sahas\u0131 olarak i\u015f g\u00f6ren bu ziyadesiyle renkli d\u00fcnya g\u00fcn\u00fcn sonunda kararacak, felaketlerle y\u00fczle\u015fecektir: Smyrna yanm\u0131\u015f, \u0130skenderiye millile\u015ftirilmi\u015f, Beyrut i\u00e7 sava\u015f sonucu par\u00e7alanm\u0131\u015ft\u0131r.   \u201cBu \u00e7al\u0131\u015fma ola\u011fan\u00fcst\u00fc bir ba\u015far\u0131 demek: tutkulu ama yans\u0131z, hayat dolu ama bilimsel.\u201d \u2013Barnaby Rogerson   \u201cMansel\u2019in Levant\u2019\u0131 Smyrna, \u0130skenderiye ve Beyrut\u2019un sosyal tarihine ili\u015fkin olarak ortaya konmu\u015f s\u0131rad\u0131\u015f\u0131 ve fevkalade bir \u00e7al\u0131\u015fma.\u201d \u2013Lev Myshkin   \u201cBu muhte\u015fem kitab\u0131 elimden bir t\u00fcrl\u00fc d\u00fc\u015f\u00fcremedim.\u201d \u2013Simon Sebag Montefiore   \u201cM\u00fckemmel bir \u00e7al\u0131\u015fma.\u201d \u2013Moris Farhi <\/p>\n","protected":false},"excerpt":{"rendered":"<p>B\u00fcy\u00fck tarih\u00e7i Philip Mansel\u2019in Levantenlik mefhumuna ve prati\u011fine hasretti\u011fi Levant\u2019ta bir zamanlar\u0131n b\u00fcy\u00fck liman kentleri, zevk\u00fcsefa, \u00f6zg\u00fcrl\u00fck ve refah\u0131n payitahtlar\u0131 olarak boy g\u00f6stermi\u015f \u00fc\u00e7 \u015fehrin hik\u00e2yesini<span class=\"excerpt-hellip\"> [\u2026]<\/span><\/p>\n","protected":false},"featured_media":0,"template":"","meta":{"_monsterinsights_skip_tracking":false,"_monsterinsights_sitenote_active":false,"_monsterinsights_sitenote_note":"","_monsterinsights_sitenote_category":0},"product_brand":[],"product_cat":[12305,12304],"product_tag":[],"class_list":{"0":"post-762749","1":"product","2":"type-product","3":"status-publish","5":"product_cat-dunya-tarihi","6":"product_cat-tarih","7":"pa_cilt-ciltsiz","8":"pa_tur-kitap","9":"pa_yayinevi-alfa-yayinlari","10":"pa_yazar-philip-mansel","12":"first","13":"instock","14":"sale","15":"shipping-taxable","16":"purchasable","17":"product-type-simple"},"_links":{"self":[{"href":"https:\/\/roveyayinevi.com.tr\/index.php\/wp-json\/wp\/v2\/product\/762749","targetHints":{"allow":["GET"]}}],"collection":[{"href":"https:\/\/roveyayinevi.com.tr\/index.php\/wp-json\/wp\/v2\/product"}],"about":[{"href":"https:\/\/roveyayinevi.com.tr\/index.php\/wp-json\/wp\/v2\/types\/product"}],"wp:attachment":[{"href":"https:\/\/roveyayinevi.com.tr\/index.php\/wp-json\/wp\/v2\/media?parent=762749"}],"wp:term":[{"taxonomy":"product_brand","embeddable":true,"href":"https:\/\/roveyayinevi.com.tr\/index.php\/wp-json\/wp\/v2\/product_brand?post=762749"},{"taxonomy":"product_cat","embeddable":true,"href":"https:\/\/roveyayinevi.com.tr\/index.php\/wp-json\/wp\/v2\/product_cat?post=762749"},{"taxonomy":"product_tag","embeddable":true,"href":"https:\/\/roveyayinevi.com.tr\/index.php\/wp-json\/wp\/v2\/product_tag?post=762749"}],"curies":[{"name":"wp","href":"https:\/\/api.w.org\/{rel}","templated":true}]}}