{"id":762746,"date":"2025-08-28T10:19:12","date_gmt":"2025-08-28T07:19:12","guid":{"rendered":"https:\/\/roveyayinevi.com.tr\/index.php\/urun\/baldiri-ciplak-hayirseverler\/"},"modified":"2026-04-15T03:27:45","modified_gmt":"2026-04-15T00:27:45","slug":"baldiri-ciplak-hayirseverler","status":"publish","type":"product","link":"https:\/\/roveyayinevi.com.tr\/index.php\/urun\/baldiri-ciplak-hayirseverler\/","title":{"rendered":"Bald\u0131r\u0131 \u00c7\u0131plak Hay\u0131rseverler"},"content":{"rendered":"<p>Adam ayaklar\u0131n\u0131 hissetmiyordu. Delik \u00e7izmesinden i\u00e7eri s\u0131zan ya\u011fmur onu, yolun kar\u015f\u0131s\u0131ndan gelen, eprimi\u015f h\u0131rkas\u0131na s\u0131k\u0131 s\u0131k\u0131ya sar\u0131lm\u0131\u015f, paltosuz kad\u0131ndan daha \u00e7ok rahats\u0131z ediyor olabilir miydi? Ya da bir d\u00fckk\u00e2n tentesi alt\u0131na s\u0131\u011f\u0131nm\u0131\u015f, elindeki kuru ekme\u011fi kemiren o \u00e7ocuktan?   1800\u2019lerin sonundaki kurgusal \u0130ngiliz kasabas\u0131 Mugsborough&#8217;da ge\u00e7en hik\u00e2yede, i\u015f\u00e7i s\u0131n\u0131f\u0131n\u0131n a\u00e7l\u0131k ve sefalet i\u00e7indeki ya\u015fam m\u00fccadelesi ele al\u0131n\u0131yor. Kendi de i\u015f\u00e7i s\u0131n\u0131f\u0131ndan olan Robert Tressell, yar\u0131 otobiyografik eseri Bald\u0131r\u0131 \u00c7\u0131plak Hay\u0131rseverler\u2019de, toplumdaki e\u015fitsizli\u011fi, dini s\u00f6m\u00fcrenleri, \u00e7arp\u0131k kapitalist d\u00fczeni ve yozla\u015fm\u0131\u015f meclis \u00fcyelerini anlat\u0131yor. Mizahi unsurlar\u0131n da yer ald\u0131\u011f\u0131 romanda, yazar hay\u0131rseverler diyerek kendi canlar\u0131 pahas\u0131na, onlar\u0131 s\u00f6m\u00fcren patronlara sesini \u00e7\u0131karmayan i\u015f\u00e7ilere bir g\u00f6nderme yap\u0131yor. Politik bir eser olan roman, i\u015f\u00e7i s\u0131n\u0131f\u0131n\u0131 i\u015fleyen yap\u0131tlar aras\u0131nda bir klasik kabul ediliyor.   \u201cHerkesin okumas\u0131 gereken bir kitap.\u201d \u2013George Orwell <\/p>\n","protected":false},"excerpt":{"rendered":"<p>Adam ayaklar\u0131n\u0131 hissetmiyordu. Delik \u00e7izmesinden i\u00e7eri s\u0131zan ya\u011fmur onu, yolun kar\u015f\u0131s\u0131ndan gelen, eprimi\u015f h\u0131rkas\u0131na s\u0131k\u0131 s\u0131k\u0131ya sar\u0131lm\u0131\u015f, paltosuz kad\u0131ndan daha \u00e7ok rahats\u0131z ediyor olabilir miydi? Ya<span class=\"excerpt-hellip\"> [\u2026]<\/span><\/p>\n","protected":false},"featured_media":0,"template":"","meta":{"_monsterinsights_skip_tracking":false,"_monsterinsights_sitenote_active":false,"_monsterinsights_sitenote_note":"","_monsterinsights_sitenote_category":0},"product_brand":[],"product_cat":[12291,12711],"product_tag":[],"class_list":{"0":"post-762746","1":"product","2":"type-product","3":"status-publish","5":"product_cat-edebiyat","6":"product_cat-roman-oyku","7":"pa_cilt-ciltsiz","8":"pa_tur-kitap","9":"pa_yayinevi-alfa-yayinlari","10":"pa_yazar-robert-tressell","12":"first","13":"instock","14":"sale","15":"shipping-taxable","16":"purchasable","17":"product-type-simple"},"_links":{"self":[{"href":"https:\/\/roveyayinevi.com.tr\/index.php\/wp-json\/wp\/v2\/product\/762746","targetHints":{"allow":["GET"]}}],"collection":[{"href":"https:\/\/roveyayinevi.com.tr\/index.php\/wp-json\/wp\/v2\/product"}],"about":[{"href":"https:\/\/roveyayinevi.com.tr\/index.php\/wp-json\/wp\/v2\/types\/product"}],"wp:attachment":[{"href":"https:\/\/roveyayinevi.com.tr\/index.php\/wp-json\/wp\/v2\/media?parent=762746"}],"wp:term":[{"taxonomy":"product_brand","embeddable":true,"href":"https:\/\/roveyayinevi.com.tr\/index.php\/wp-json\/wp\/v2\/product_brand?post=762746"},{"taxonomy":"product_cat","embeddable":true,"href":"https:\/\/roveyayinevi.com.tr\/index.php\/wp-json\/wp\/v2\/product_cat?post=762746"},{"taxonomy":"product_tag","embeddable":true,"href":"https:\/\/roveyayinevi.com.tr\/index.php\/wp-json\/wp\/v2\/product_tag?post=762746"}],"curies":[{"name":"wp","href":"https:\/\/api.w.org\/{rel}","templated":true}]}}