{"id":762744,"date":"2025-08-28T10:19:09","date_gmt":"2025-08-28T07:19:09","guid":{"rendered":"https:\/\/roveyayinevi.com.tr\/index.php\/urun\/neseli-baloncuklar-biz-de-yapabiliriz\/"},"modified":"2026-04-15T03:27:45","modified_gmt":"2026-04-15T00:27:45","slug":"neseli-baloncuklar-biz-de-yapabiliriz","status":"publish","type":"product","link":"https:\/\/roveyayinevi.com.tr\/index.php\/urun\/neseli-baloncuklar-biz-de-yapabiliriz\/","title":{"rendered":"Ne\u015feli Baloncuklar &#8211; Biz de Yapabiliriz!"},"content":{"rendered":"<p>NE\u015eEL\u0130 BALONCUKLAR-B\u0130Z DE YAPAB\u0130L\u0130R\u0130Z! Renkli ve ne\u015feli be\u015f baloncuk \u00e7ocu\u011funuza yard\u0131m etmek i\u00e7in burada. Do\u011fum g\u00fcn\u00fc partisine yard\u0131m etmek \u00e7ok e\u011flenceli olacak. Bu kitaptaki renkli ve ne\u015feli be\u015f baloncuk da ayn\u0131 \u015feyi yap\u0131yor\u2026 \u00c7ocu\u011funuz bu kitap sayesinde e\u011flenirken hem renkleri tan\u0131yacak hem de k\u00fc\u00e7\u00fck motor becerileri elde edecek. Ayr\u0131ca \u00e7\u0131kartmalar\u0131 yap\u0131\u015ft\u0131rarak dikkat geli\u015fimini de sa\u011flam\u0131\u015f olacak. <\/p>\n","protected":false},"excerpt":{"rendered":"<p>NE\u015eEL\u0130 BALONCUKLAR-B\u0130Z DE YAPAB\u0130L\u0130R\u0130Z! Renkli ve ne\u015feli be\u015f baloncuk \u00e7ocu\u011funuza yard\u0131m etmek i\u00e7in burada. Do\u011fum g\u00fcn\u00fc partisine yard\u0131m etmek \u00e7ok e\u011flenceli olacak. Bu kitaptaki renkli ve<span class=\"excerpt-hellip\"> [\u2026]<\/span><\/p>\n","protected":false},"featured_media":0,"template":"","meta":{"_monsterinsights_skip_tracking":false,"_monsterinsights_sitenote_active":false,"_monsterinsights_sitenote_note":"","_monsterinsights_sitenote_category":0},"product_brand":[],"product_cat":[12644,12274],"product_tag":[],"class_list":{"0":"post-762744","1":"product","2":"type-product","3":"status-publish","5":"product_cat-boyama-kitaplari","6":"product_cat-cocuk-ve-genclik-kitaplari","7":"pa_cilt-ciltsiz","8":"pa_tur-kitap","9":"pa_yayinevi-parilti-yayinlari","10":"pa_yazar-kolektif","12":"first","13":"instock","14":"sale","15":"shipping-taxable","16":"purchasable","17":"product-type-simple"},"_links":{"self":[{"href":"https:\/\/roveyayinevi.com.tr\/index.php\/wp-json\/wp\/v2\/product\/762744","targetHints":{"allow":["GET"]}}],"collection":[{"href":"https:\/\/roveyayinevi.com.tr\/index.php\/wp-json\/wp\/v2\/product"}],"about":[{"href":"https:\/\/roveyayinevi.com.tr\/index.php\/wp-json\/wp\/v2\/types\/product"}],"wp:attachment":[{"href":"https:\/\/roveyayinevi.com.tr\/index.php\/wp-json\/wp\/v2\/media?parent=762744"}],"wp:term":[{"taxonomy":"product_brand","embeddable":true,"href":"https:\/\/roveyayinevi.com.tr\/index.php\/wp-json\/wp\/v2\/product_brand?post=762744"},{"taxonomy":"product_cat","embeddable":true,"href":"https:\/\/roveyayinevi.com.tr\/index.php\/wp-json\/wp\/v2\/product_cat?post=762744"},{"taxonomy":"product_tag","embeddable":true,"href":"https:\/\/roveyayinevi.com.tr\/index.php\/wp-json\/wp\/v2\/product_tag?post=762744"}],"curies":[{"name":"wp","href":"https:\/\/api.w.org\/{rel}","templated":true}]}}