{"id":762741,"date":"2025-08-28T10:19:02","date_gmt":"2025-08-28T07:19:02","guid":{"rendered":"https:\/\/roveyayinevi.com.tr\/index.php\/urun\/dostluk-kazansin\/"},"modified":"2026-03-14T03:10:43","modified_gmt":"2026-03-14T00:10:43","slug":"dostluk-kazansin","status":"publish","type":"product","link":"https:\/\/roveyayinevi.com.tr\/index.php\/urun\/dostluk-kazansin\/","title":{"rendered":"Dostluk Kazans\u0131n"},"content":{"rendered":"<p>Bu kitap T\u00fcrkiye Cumhuriyeti\u2019nin kurucusu Ulu \u00d6nder Mustafa Kemal Atat\u00fcrk\u2019\u00fcn \u201cYurtta sulh, cihanda sulh\u201d ilkesinden yola \u00e7\u0131kan bir T\u00fcrk genci olan Feruz Bozaslan\u2019\u0131n bar\u0131\u015f d\u00fc\u015f\u00fcncesinin geli\u015fimi i\u00e7in yapt\u0131klar\u0131ndan ilham al\u0131narak yaz\u0131lm\u0131\u015ft\u0131r. 1930\u2019y\u0131l\u0131nda T\u00fcrkiye ve Yunanistan aras\u0131nda yar\u0131m kalan ma\u00e7\u0131n 84 y\u0131l sonra yeniden oynanmas\u0131ndan Fair Play \u00d6d\u00fcl\u00fc\u2019ne kadar giden yolculuk roman\u0131n ana konusunu olu\u015fturmaktad\u0131r. T\u00fcrkiye\u2019de futbolun nas\u0131l geli\u015fti\u011fi aktar\u0131lanlar aras\u0131nda yer alsa da sevginin dili yans\u0131t\u0131lmaktad\u0131r. Bug\u00fcne kadar ya\u015fananlara ra\u011fmen, kom\u015fu Yunanistan milletiyle T\u00fcrk milleti aras\u0131nda dostluk ba\u011f\u0131n\u0131n kopmad\u0131\u011f\u0131 ve daha da g\u00fc\u00e7lenmesi gerekti\u011fi belirtilmektedir. Bu iki \u00fclkede; do\u011fduklar\u0131 yerlerden kopar\u0131lan insanlar\u0131n, o\u011fullar\u0131n\u0131, e\u015flerini kaybeden kad\u0131nlar\u0131n, annelerini ve babalar\u0131n\u0131 topra\u011fa veren \u00e7ocuklar\u0131n, sava\u015fa s\u00fcr\u00fcklenen milletlerin ac\u0131s\u0131 ortakt\u0131r. Ge\u00e7mi\u015fimizi \u00e7ok iyi bilmeli, ac\u0131lar\u0131m\u0131zdan ders almal\u0131 ve yeni ac\u0131lar ya\u015fanmas\u0131n\u0131n \u00f6n\u00fcne ge\u00e7meliyiz. D\u00fcnyan\u0131n en pop\u00fcler sporlar\u0131ndan olan futbolu siyasetten uzak tutup hayat\u0131m\u0131z\u0131 renklendirmesine devam etmesi i\u00e7in izin vermeliyiz. Bu kitap yazar ve y\u00f6netmen G\u00f6kmen K\u00fc\u00e7\u00fckta\u015fdemir\u2019in bir projesi olmakla birlikte a\u015fa\u011f\u0131da ismi ge\u00e7en farkl\u0131 mesleklere sahip de\u011ferli isimler taraf\u0131ndan sava\u015f\u0131n olmad\u0131\u011f\u0131 bir d\u00fcnya temennisi ile kaleme al\u0131nm\u0131\u015ft\u0131r: Ali Ilgaz Limoncu, Asl\u0131 \u015eanl\u0131, Ay\u015fe Canan Yaz\u0131c\u0131, Birgen Engin, Bahar Bilge, Beg\u00fcm Gurgan, Eda \u00d6zt\u00fcrk, Elvan Karanfil, Eylem Aslan, Fadime Kaya, G\u00f6zde \u00c7ayhan, Hakan As\u0131lkefeli, I\u015f\u0131l \u00c7a\u011flar, \u0130brahim Avc\u0131, Nazl\u0131 Kay\u0131, Orhan \u00c7atma, Oytun Cebeci, \u00d6nder \u015eeng\u00fcl, \u00d6zlem \u00c7inleti, Sevgi Aksu, Sinem Yi\u011fit, \u015eafak Sipahi, Yelda Tekin, Yeliz \u00dcnal ve Zeki Hozer. Ayr\u0131ca eserin tarihsel b\u00f6l\u00fcmlerinde Bedri Cumhur Do\u011fu\u2019dan dan\u0131\u015fmanl\u0131k al\u0131nm\u0131\u015f, proje safhas\u0131nda Semin \u00d6zge G\u00fcl\u2019\u00fcn deste\u011fine ba\u015fvurulmu\u015ftur. Proje, \u0130zmir B\u00fcy\u00fck\u015fehir Belediyesi\u2019ne ba\u011fl\u0131 \u0130zmir K\u00fclt\u00fcr Fonu\u2019nun a\u00e7t\u0131\u011f\u0131 yar\u0131\u015fmada Fikir ve Uygulama alanlar\u0131nda 2 \u00f6d\u00fcle lay\u0131k g\u00f6r\u00fclm\u00fc\u015ft\u00fcr. <\/p>\n","protected":false},"excerpt":{"rendered":"<p>Bu kitap T\u00fcrkiye Cumhuriyeti\u2019nin kurucusu Ulu \u00d6nder Mustafa Kemal Atat\u00fcrk\u2019\u00fcn \u201cYurtta sulh, cihanda sulh\u201d ilkesinden yola \u00e7\u0131kan bir T\u00fcrk genci olan Feruz Bozaslan\u2019\u0131n bar\u0131\u015f d\u00fc\u015f\u00fcncesinin geli\u015fimi<span class=\"excerpt-hellip\"> [\u2026]<\/span><\/p>\n","protected":false},"featured_media":0,"template":"","meta":{"_monsterinsights_skip_tracking":false,"_monsterinsights_sitenote_active":false,"_monsterinsights_sitenote_note":"","_monsterinsights_sitenote_category":0},"product_brand":[],"product_cat":[12777,12291],"product_tag":[],"class_list":{"0":"post-762741","1":"product","2":"type-product","3":"status-publish","5":"product_cat-deneme","6":"product_cat-edebiyat","7":"pa_cilt-ciltsiz","8":"pa_tur-kitap","9":"pa_yayinevi-platanus-publishing","10":"pa_yazar-gokmen-kucuktasdemir","12":"first","13":"instock","14":"sale","15":"shipping-taxable","16":"purchasable","17":"product-type-simple"},"_links":{"self":[{"href":"https:\/\/roveyayinevi.com.tr\/index.php\/wp-json\/wp\/v2\/product\/762741","targetHints":{"allow":["GET"]}}],"collection":[{"href":"https:\/\/roveyayinevi.com.tr\/index.php\/wp-json\/wp\/v2\/product"}],"about":[{"href":"https:\/\/roveyayinevi.com.tr\/index.php\/wp-json\/wp\/v2\/types\/product"}],"wp:attachment":[{"href":"https:\/\/roveyayinevi.com.tr\/index.php\/wp-json\/wp\/v2\/media?parent=762741"}],"wp:term":[{"taxonomy":"product_brand","embeddable":true,"href":"https:\/\/roveyayinevi.com.tr\/index.php\/wp-json\/wp\/v2\/product_brand?post=762741"},{"taxonomy":"product_cat","embeddable":true,"href":"https:\/\/roveyayinevi.com.tr\/index.php\/wp-json\/wp\/v2\/product_cat?post=762741"},{"taxonomy":"product_tag","embeddable":true,"href":"https:\/\/roveyayinevi.com.tr\/index.php\/wp-json\/wp\/v2\/product_tag?post=762741"}],"curies":[{"name":"wp","href":"https:\/\/api.w.org\/{rel}","templated":true}]}}