{"id":762740,"date":"2025-08-28T10:19:01","date_gmt":"2025-08-28T07:19:01","guid":{"rendered":"https:\/\/roveyayinevi.com.tr\/index.php\/urun\/burasi-kimin-odasi\/"},"modified":"2026-04-15T03:27:44","modified_gmt":"2026-04-15T00:27:44","slug":"burasi-kimin-odasi","status":"publish","type":"product","link":"https:\/\/roveyayinevi.com.tr\/index.php\/urun\/burasi-kimin-odasi\/","title":{"rendered":"Buras\u0131 Kimin Odas\u0131?"},"content":{"rendered":"<p>Melisa eve d\u00f6nd\u00fc\u011f\u00fcnde bir s\u00fcrprizle kar\u015f\u0131la\u015f\u0131r: Bir sincap odas\u0131na yerle\u015fmi\u015ftir. Orman kurallar\u0131na g\u00f6re, bir canl\u0131 yuvas\u0131n\u0131 terk ederse yeni gelen oray\u0131 sahiplenir. Buras\u0131 art\u0131k kimin odas\u0131? \u0130\u00e7inde an\u0131lar\u0131 olan k\u00fc\u00e7\u00fck k\u0131z\u0131n m\u0131, oday\u0131 ya\u015fad\u0131\u011f\u0131 dal\u0131n bir par\u00e7as\u0131 olarak g\u00f6ren sincab\u0131n m\u0131? Sevilen yazar \u00d6zge Bahar Sunar bizleri yuva ve sahiplik kavramlar\u0131 \u00fczerine d\u00fc\u015f\u00fcnd\u00fcr\u00fcyor. K\u00fc\u00e7\u00fck k\u0131z ve sincab\u0131n tatl\u0131 at\u0131\u015fmalar\u0131, \u00f6d\u00fcll\u00fc \u0130spanyol ill\u00fcstrat\u00f6r Albert Asensio\u2019nun resimleri ile hayat buluyor. <\/p>\n","protected":false},"excerpt":{"rendered":"<p>Melisa eve d\u00f6nd\u00fc\u011f\u00fcnde bir s\u00fcrprizle kar\u015f\u0131la\u015f\u0131r: Bir sincap odas\u0131na yerle\u015fmi\u015ftir. Orman kurallar\u0131na g\u00f6re, bir canl\u0131 yuvas\u0131n\u0131 terk ederse yeni gelen oray\u0131 sahiplenir. Buras\u0131 art\u0131k kimin odas\u0131?<span class=\"excerpt-hellip\"> [\u2026]<\/span><\/p>\n","protected":false},"featured_media":0,"template":"","meta":{"_monsterinsights_skip_tracking":false,"_monsterinsights_sitenote_active":false,"_monsterinsights_sitenote_note":"","_monsterinsights_sitenote_category":0},"product_brand":[],"product_cat":[12913,12274],"product_tag":[],"class_list":{"0":"post-762740","1":"product","2":"type-product","3":"status-publish","5":"product_cat-3-6-yas-kitaplari","6":"product_cat-cocuk-ve-genclik-kitaplari","7":"pa_cilt-ciltsiz","8":"pa_tur-kitap","9":"pa_yayinevi-redhouse-kidz-yayinlari","10":"pa_yazar-ozge-bahar-sunar","12":"first","13":"instock","14":"sale","15":"shipping-taxable","16":"purchasable","17":"product-type-simple"},"_links":{"self":[{"href":"https:\/\/roveyayinevi.com.tr\/index.php\/wp-json\/wp\/v2\/product\/762740","targetHints":{"allow":["GET"]}}],"collection":[{"href":"https:\/\/roveyayinevi.com.tr\/index.php\/wp-json\/wp\/v2\/product"}],"about":[{"href":"https:\/\/roveyayinevi.com.tr\/index.php\/wp-json\/wp\/v2\/types\/product"}],"wp:attachment":[{"href":"https:\/\/roveyayinevi.com.tr\/index.php\/wp-json\/wp\/v2\/media?parent=762740"}],"wp:term":[{"taxonomy":"product_brand","embeddable":true,"href":"https:\/\/roveyayinevi.com.tr\/index.php\/wp-json\/wp\/v2\/product_brand?post=762740"},{"taxonomy":"product_cat","embeddable":true,"href":"https:\/\/roveyayinevi.com.tr\/index.php\/wp-json\/wp\/v2\/product_cat?post=762740"},{"taxonomy":"product_tag","embeddable":true,"href":"https:\/\/roveyayinevi.com.tr\/index.php\/wp-json\/wp\/v2\/product_tag?post=762740"}],"curies":[{"name":"wp","href":"https:\/\/api.w.org\/{rel}","templated":true}]}}