{"id":762736,"date":"2025-08-28T10:18:53","date_gmt":"2025-08-28T07:18:53","guid":{"rendered":"https:\/\/roveyayinevi.com.tr\/index.php\/urun\/kuytu-kose-cicekleri\/"},"modified":"2026-04-15T03:27:44","modified_gmt":"2026-04-15T00:27:44","slug":"kuytu-kose-cicekleri","status":"publish","type":"product","link":"https:\/\/roveyayinevi.com.tr\/index.php\/urun\/kuytu-kose-cicekleri\/","title":{"rendered":"Kuytu K\u00f6\u015fe \u00c7i\u00e7ekleri"},"content":{"rendered":"<p>\u015eiirlerim, her yerden, her konudan ama genelini ve \u00f6z\u00fcn\u00fc a\u015fk olu\u015fturuyor. San\u0131r\u0131m bir zamanlar en sevdi\u011fim duyguydu a\u015fk! Y\u0131llar ge\u00e7tik\u00e7e yerini i\u00e7 hesapla\u015fmalar ald\u0131. Anlam\u0131n\u0131 yava\u015f yava\u015f, hissettirmeden kaybetti. Zamanla a\u015fk\u0131n u\u00e7ucu bir parf\u00fcm gibi oldu\u011funu anlad\u0131m. \u0130lk s\u00fcr\u00fcld\u00fc\u011f\u00fcnde ba\u015f d\u00f6nd\u00fcr\u00fcyor ama sonras\u0131nda burnunuza gelen az \u00e7ok hafif bir koku kal\u0131yor. O da e\u011fer parf\u00fcm kaliteli ise! Aksi takdirde \u00e7e\u015fit \u00e7e\u015fit ba\u015fka kokular s\u00fcr\u00fcyorsunuz ar\u0131nmak i\u00e7in. Ama kaliteliyse, u\u00e7ucu da olsa, o parf\u00fcm\u00fcn ad\u0131 unutulmaz, kokusu her an sizi hat\u0131rlat\u0131r. Ta ki yeni parf\u00fcmlerden biri onun \u00f6z\u00fcn\u00fc silene dek! (E.D.P.). <\/p>\n","protected":false},"excerpt":{"rendered":"<p>\u015eiirlerim, her yerden, her konudan ama genelini ve \u00f6z\u00fcn\u00fc a\u015fk olu\u015fturuyor. San\u0131r\u0131m bir zamanlar en sevdi\u011fim duyguydu a\u015fk! Y\u0131llar ge\u00e7tik\u00e7e yerini i\u00e7 hesapla\u015fmalar ald\u0131. Anlam\u0131n\u0131 yava\u015f<span class=\"excerpt-hellip\"> [\u2026]<\/span><\/p>\n","protected":false},"featured_media":0,"template":"","meta":{"_monsterinsights_skip_tracking":false,"_monsterinsights_sitenote_active":false,"_monsterinsights_sitenote_note":"","_monsterinsights_sitenote_category":0},"product_brand":[],"product_cat":[12291,12509],"product_tag":[],"class_list":{"0":"post-762736","1":"product","2":"type-product","3":"status-publish","5":"product_cat-edebiyat","6":"product_cat-siir","7":"pa_cilt-ciltsiz","8":"pa_tur-kitap","9":"pa_yayinevi-denizkizi-yayinlari","10":"pa_yazar-emel-dereboylu-poulain","12":"first","13":"instock","14":"sale","15":"shipping-taxable","16":"purchasable","17":"product-type-simple"},"_links":{"self":[{"href":"https:\/\/roveyayinevi.com.tr\/index.php\/wp-json\/wp\/v2\/product\/762736","targetHints":{"allow":["GET"]}}],"collection":[{"href":"https:\/\/roveyayinevi.com.tr\/index.php\/wp-json\/wp\/v2\/product"}],"about":[{"href":"https:\/\/roveyayinevi.com.tr\/index.php\/wp-json\/wp\/v2\/types\/product"}],"wp:attachment":[{"href":"https:\/\/roveyayinevi.com.tr\/index.php\/wp-json\/wp\/v2\/media?parent=762736"}],"wp:term":[{"taxonomy":"product_brand","embeddable":true,"href":"https:\/\/roveyayinevi.com.tr\/index.php\/wp-json\/wp\/v2\/product_brand?post=762736"},{"taxonomy":"product_cat","embeddable":true,"href":"https:\/\/roveyayinevi.com.tr\/index.php\/wp-json\/wp\/v2\/product_cat?post=762736"},{"taxonomy":"product_tag","embeddable":true,"href":"https:\/\/roveyayinevi.com.tr\/index.php\/wp-json\/wp\/v2\/product_tag?post=762736"}],"curies":[{"name":"wp","href":"https:\/\/api.w.org\/{rel}","templated":true}]}}