{"id":762734,"date":"2025-08-28T10:18:48","date_gmt":"2025-08-28T07:18:48","guid":{"rendered":"https:\/\/roveyayinevi.com.tr\/index.php\/urun\/davetsiz-misafir-4\/"},"modified":"2026-04-07T03:22:19","modified_gmt":"2026-04-07T00:22:19","slug":"davetsiz-misafir-4","status":"publish","type":"product","link":"https:\/\/roveyayinevi.com.tr\/index.php\/urun\/davetsiz-misafir-4\/","title":{"rendered":"Davetsiz Misafir"},"content":{"rendered":"<p>\u201cMiminal \u00d6yk\u00fc\u201d ya da \u201cK\u00fc\u00e7\u00fcrek \u00d6yk\u00fc\u201d son y\u0131llarda \u00fclkemizde pop\u00fcler olmaya ba\u015flayan bir \u00f6yk\u00fc bi\u00e7imi. Kimi zaman bir sat\u0131r kimi zaman bir paragraf yetiyor anlatmaya. \u00d6. \u00d6zt\u00fcrk\u2019\u00fcn \u201cKaraelmas\u0131n y\u00fcre\u011fine yaz\u0131lm\u0131\u015f, madencinin al\u0131n teri\u2026\u201d \u00f6yk\u00fcs\u00fcnde oldu\u011fu gibi \u00e7o\u011fu zaman onlarca c\u00fcmleye gerek kalm\u0131yor. Bir dize anlat\u0131yor her anlat\u0131lmak isteneni\u2026  \u015eair ve yazar \u00d6. \u00d6zt\u00fcrk de \u00fclkemizdeki minimal\/k\u00fc\u00e7\u00fcrek \u00f6yk\u00fcc\u00fcl\u00fc\u011f\u00fcn \u00f6nemli temsilcilerinden. Kitab\u0131n ilk b\u00f6l\u00fcmlerinde g\u00f6r\u00fclece\u011fi gibi, bol \u00f6d\u00fcll\u00fc ve \u00fcretken bir yazar \u00d6. \u00d6zt\u00fcrk. Bu eserinde, g\u00f6rd\u00fcklerini, ya\u015fad\u0131klar\u0131n\u0131, bildiklerini ve birikimlerini bazen a\u00e7\u0131k\u00e7a bazen \u00fcst\u00fc kapal\u0131 bir bi\u00e7imde (anlayan anlas\u0131n) minik \u00f6yk\u00fclerle aktar\u0131yor bize. Gelecekte k\u00fc\u00e7\u00fcrek \u00f6yk\u00fcc\u00fcl\u00fc\u011f\u00fcn \u00f6nemli kilometre ta\u015flar\u0131ndan biri olaca\u011f\u0131n\u0131 umdu\u011fumuz bu eseri Alden Yay\u0131nlar\u0131 olarak be\u011feninize sunuyoruz.<\/p>\n","protected":false},"excerpt":{"rendered":"<p>\u201cMiminal \u00d6yk\u00fc\u201d ya da \u201cK\u00fc\u00e7\u00fcrek \u00d6yk\u00fc\u201d son y\u0131llarda \u00fclkemizde pop\u00fcler olmaya ba\u015flayan bir \u00f6yk\u00fc bi\u00e7imi. Kimi zaman bir sat\u0131r kimi zaman bir paragraf yetiyor anlatmaya. \u00d6.<span class=\"excerpt-hellip\"> [\u2026]<\/span><\/p>\n","protected":false},"featured_media":0,"template":"","meta":{"_monsterinsights_skip_tracking":false,"_monsterinsights_sitenote_active":false,"_monsterinsights_sitenote_note":"","_monsterinsights_sitenote_category":0},"product_brand":[],"product_cat":[12291,12711],"product_tag":[],"class_list":{"0":"post-762734","1":"product","2":"type-product","3":"status-publish","5":"product_cat-edebiyat","6":"product_cat-roman-oyku","7":"pa_cilt-ciltsiz","8":"pa_tur-kitap","9":"pa_yayinevi-alden-yayinlari","10":"pa_yazar-ozcan-ozturk","12":"first","13":"instock","14":"sale","15":"shipping-taxable","16":"purchasable","17":"product-type-simple"},"_links":{"self":[{"href":"https:\/\/roveyayinevi.com.tr\/index.php\/wp-json\/wp\/v2\/product\/762734","targetHints":{"allow":["GET"]}}],"collection":[{"href":"https:\/\/roveyayinevi.com.tr\/index.php\/wp-json\/wp\/v2\/product"}],"about":[{"href":"https:\/\/roveyayinevi.com.tr\/index.php\/wp-json\/wp\/v2\/types\/product"}],"wp:attachment":[{"href":"https:\/\/roveyayinevi.com.tr\/index.php\/wp-json\/wp\/v2\/media?parent=762734"}],"wp:term":[{"taxonomy":"product_brand","embeddable":true,"href":"https:\/\/roveyayinevi.com.tr\/index.php\/wp-json\/wp\/v2\/product_brand?post=762734"},{"taxonomy":"product_cat","embeddable":true,"href":"https:\/\/roveyayinevi.com.tr\/index.php\/wp-json\/wp\/v2\/product_cat?post=762734"},{"taxonomy":"product_tag","embeddable":true,"href":"https:\/\/roveyayinevi.com.tr\/index.php\/wp-json\/wp\/v2\/product_tag?post=762734"}],"curies":[{"name":"wp","href":"https:\/\/api.w.org\/{rel}","templated":true}]}}