{"id":762732,"date":"2025-08-28T10:18:45","date_gmt":"2025-08-28T07:18:45","guid":{"rendered":"https:\/\/roveyayinevi.com.tr\/index.php\/urun\/neseli-baloncuklar-biz-de-ucariz\/"},"modified":"2026-04-15T03:27:44","modified_gmt":"2026-04-15T00:27:44","slug":"neseli-baloncuklar-biz-de-ucariz","status":"publish","type":"product","link":"https:\/\/roveyayinevi.com.tr\/index.php\/urun\/neseli-baloncuklar-biz-de-ucariz\/","title":{"rendered":"Ne\u015feli Baloncuklar &#8211; Biz de U\u00e7ar\u0131z!"},"content":{"rendered":"<p>Renkli ve ne\u015feli be\u015f baloncuk tatile gidiyor, hem de u\u00e7akla. G\u00f6ky\u00fcz\u00fcnde u\u00e7man\u0131n bu kadar e\u011flenceli olabilece\u011fi kimin akl\u0131na gelirdi ki? Bu kitaptaki renkli ve ne\u015feli be\u015f baloncuk da ayn\u0131 \u015feyi yap\u0131yor\u2026 \u00c7ocu\u011funuz bu kitap sayesinde e\u011flenirken hem renkleri tan\u0131yacak hem de k\u00fc\u00e7\u00fck motor becerileri elde edecek. Ayr\u0131ca \u00e7\u0131kartmalar\u0131 yap\u0131\u015ft\u0131rarak dikkat geli\u015fimini de sa\u011flam\u0131\u015f olacak.<\/p>\n","protected":false},"excerpt":{"rendered":"<p>Renkli ve ne\u015feli be\u015f baloncuk tatile gidiyor, hem de u\u00e7akla. G\u00f6ky\u00fcz\u00fcnde u\u00e7man\u0131n bu kadar e\u011flenceli olabilece\u011fi kimin akl\u0131na gelirdi ki? Bu kitaptaki renkli ve ne\u015feli be\u015f<span class=\"excerpt-hellip\"> [\u2026]<\/span><\/p>\n","protected":false},"featured_media":0,"template":"","meta":{"_monsterinsights_skip_tracking":false,"_monsterinsights_sitenote_active":false,"_monsterinsights_sitenote_note":"","_monsterinsights_sitenote_category":0},"product_brand":[],"product_cat":[12644,12274],"product_tag":[],"class_list":{"0":"post-762732","1":"product","2":"type-product","3":"status-publish","5":"product_cat-boyama-kitaplari","6":"product_cat-cocuk-ve-genclik-kitaplari","7":"pa_cilt-ciltsiz","8":"pa_tur-kitap","9":"pa_yayinevi-parilti-yayinlari","10":"pa_yazar-kolektif","12":"first","13":"instock","14":"sale","15":"shipping-taxable","16":"purchasable","17":"product-type-simple"},"_links":{"self":[{"href":"https:\/\/roveyayinevi.com.tr\/index.php\/wp-json\/wp\/v2\/product\/762732","targetHints":{"allow":["GET"]}}],"collection":[{"href":"https:\/\/roveyayinevi.com.tr\/index.php\/wp-json\/wp\/v2\/product"}],"about":[{"href":"https:\/\/roveyayinevi.com.tr\/index.php\/wp-json\/wp\/v2\/types\/product"}],"wp:attachment":[{"href":"https:\/\/roveyayinevi.com.tr\/index.php\/wp-json\/wp\/v2\/media?parent=762732"}],"wp:term":[{"taxonomy":"product_brand","embeddable":true,"href":"https:\/\/roveyayinevi.com.tr\/index.php\/wp-json\/wp\/v2\/product_brand?post=762732"},{"taxonomy":"product_cat","embeddable":true,"href":"https:\/\/roveyayinevi.com.tr\/index.php\/wp-json\/wp\/v2\/product_cat?post=762732"},{"taxonomy":"product_tag","embeddable":true,"href":"https:\/\/roveyayinevi.com.tr\/index.php\/wp-json\/wp\/v2\/product_tag?post=762732"}],"curies":[{"name":"wp","href":"https:\/\/api.w.org\/{rel}","templated":true}]}}