{"id":762730,"date":"2025-08-28T10:18:41","date_gmt":"2025-08-28T07:18:41","guid":{"rendered":"https:\/\/roveyayinevi.com.tr\/index.php\/urun\/neseli-baloncuklar-biz-de-egleniriz\/"},"modified":"2026-04-15T03:27:44","modified_gmt":"2026-04-15T00:27:44","slug":"neseli-baloncuklar-biz-de-egleniriz","status":"publish","type":"product","link":"https:\/\/roveyayinevi.com.tr\/index.php\/urun\/neseli-baloncuklar-biz-de-egleniriz\/","title":{"rendered":"Ne\u015feli Baloncuklar &#8211; Biz de E\u011fleniriz!"},"content":{"rendered":"<p>Renkli ve ne\u015feli be\u015f baloncuk evlerinize konuk oluyor. Onlar hayvanlarla nas\u0131l ho\u015f vakit ge\u00e7irilece\u011fini biliyorlar. Bu kitaptaki renkli ve ne\u015feli be\u015f baloncuk da ayn\u0131 \u015feyi yap\u0131yor\u2026 \u00c7ocu\u011funuz bu kitap sayesinde e\u011flenirken hem renkleri tan\u0131yacak hem de k\u00fc\u00e7\u00fck motor becerileri elde edecek. Ayr\u0131ca \u00e7\u0131kartmalar\u0131 yap\u0131\u015ft\u0131rarak dikkat geli\u015fimini de sa\u011flam\u0131\u015f olacak. <\/p>\n","protected":false},"excerpt":{"rendered":"<p>Renkli ve ne\u015feli be\u015f baloncuk evlerinize konuk oluyor. Onlar hayvanlarla nas\u0131l ho\u015f vakit ge\u00e7irilece\u011fini biliyorlar. Bu kitaptaki renkli ve ne\u015feli be\u015f baloncuk da ayn\u0131 \u015feyi yap\u0131yor\u2026<span class=\"excerpt-hellip\"> [\u2026]<\/span><\/p>\n","protected":false},"featured_media":0,"template":"","meta":{"_monsterinsights_skip_tracking":false,"_monsterinsights_sitenote_active":false,"_monsterinsights_sitenote_note":"","_monsterinsights_sitenote_category":0},"product_brand":[],"product_cat":[12274,15842],"product_tag":[],"class_list":{"0":"post-762730","1":"product","2":"type-product","3":"status-publish","5":"product_cat-cocuk-ve-genclik-kitaplari","6":"product_cat-egitici-kitaplar","7":"pa_cilt-ciltsiz","8":"pa_tur-kitap","9":"pa_yayinevi-parilti-yayinlari","10":"pa_yazar-kolektif","12":"first","13":"instock","14":"sale","15":"shipping-taxable","16":"purchasable","17":"product-type-simple"},"_links":{"self":[{"href":"https:\/\/roveyayinevi.com.tr\/index.php\/wp-json\/wp\/v2\/product\/762730","targetHints":{"allow":["GET"]}}],"collection":[{"href":"https:\/\/roveyayinevi.com.tr\/index.php\/wp-json\/wp\/v2\/product"}],"about":[{"href":"https:\/\/roveyayinevi.com.tr\/index.php\/wp-json\/wp\/v2\/types\/product"}],"wp:attachment":[{"href":"https:\/\/roveyayinevi.com.tr\/index.php\/wp-json\/wp\/v2\/media?parent=762730"}],"wp:term":[{"taxonomy":"product_brand","embeddable":true,"href":"https:\/\/roveyayinevi.com.tr\/index.php\/wp-json\/wp\/v2\/product_brand?post=762730"},{"taxonomy":"product_cat","embeddable":true,"href":"https:\/\/roveyayinevi.com.tr\/index.php\/wp-json\/wp\/v2\/product_cat?post=762730"},{"taxonomy":"product_tag","embeddable":true,"href":"https:\/\/roveyayinevi.com.tr\/index.php\/wp-json\/wp\/v2\/product_tag?post=762730"}],"curies":[{"name":"wp","href":"https:\/\/api.w.org\/{rel}","templated":true}]}}