{"id":762727,"date":"2025-08-28T10:18:35","date_gmt":"2025-08-28T07:18:35","guid":{"rendered":"https:\/\/roveyayinevi.com.tr\/index.php\/urun\/cikartmali-boyama-kitabim-seyahat\/"},"modified":"2026-04-15T03:27:44","modified_gmt":"2026-04-15T00:27:44","slug":"cikartmali-boyama-kitabim-seyahat","status":"publish","type":"product","link":"https:\/\/roveyayinevi.com.tr\/index.php\/urun\/cikartmali-boyama-kitabim-seyahat\/","title":{"rendered":"\u00c7\u0131kartmal\u0131 Boyama Kitab\u0131m-Seyahat"},"content":{"rendered":"<p>\u00c7ocuk geli\u015fimi ara\u015ft\u0131rmalar\u0131, k\u00fc\u00e7\u00fck detaylar\u0131 boyaman\u0131n daha etkili oldu\u011funu ortaya \u00e7\u0131karm\u0131\u015ft\u0131r. Bu kitap, boyama etkinlikleri ile \u00e7ocu\u011funuzun geli\u015fimine fayda sa\u011flayacakt\u0131r. Haydi \u201cSeyahat\u201din en e\u011flenceli aktivitelerini renklendirelim. <\/p>\n","protected":false},"excerpt":{"rendered":"<p>\u00c7ocuk geli\u015fimi ara\u015ft\u0131rmalar\u0131, k\u00fc\u00e7\u00fck detaylar\u0131 boyaman\u0131n daha etkili oldu\u011funu ortaya \u00e7\u0131karm\u0131\u015ft\u0131r. Bu kitap, boyama etkinlikleri ile \u00e7ocu\u011funuzun geli\u015fimine fayda sa\u011flayacakt\u0131r. Haydi \u201cSeyahat\u201din en e\u011flenceli aktivitelerini renklendirelim.<\/p>\n","protected":false},"featured_media":0,"template":"","meta":{"_monsterinsights_skip_tracking":false,"_monsterinsights_sitenote_active":false,"_monsterinsights_sitenote_note":"","_monsterinsights_sitenote_category":0},"product_brand":[],"product_cat":[12644,12274],"product_tag":[],"class_list":{"0":"post-762727","1":"product","2":"type-product","3":"status-publish","5":"product_cat-boyama-kitaplari","6":"product_cat-cocuk-ve-genclik-kitaplari","7":"pa_cilt-ciltsiz","8":"pa_tur-kitap","9":"pa_yayinevi-parilti-yayinlari","10":"pa_yazar-kolektif","12":"first","13":"instock","14":"sale","15":"shipping-taxable","16":"purchasable","17":"product-type-simple"},"_links":{"self":[{"href":"https:\/\/roveyayinevi.com.tr\/index.php\/wp-json\/wp\/v2\/product\/762727","targetHints":{"allow":["GET"]}}],"collection":[{"href":"https:\/\/roveyayinevi.com.tr\/index.php\/wp-json\/wp\/v2\/product"}],"about":[{"href":"https:\/\/roveyayinevi.com.tr\/index.php\/wp-json\/wp\/v2\/types\/product"}],"wp:attachment":[{"href":"https:\/\/roveyayinevi.com.tr\/index.php\/wp-json\/wp\/v2\/media?parent=762727"}],"wp:term":[{"taxonomy":"product_brand","embeddable":true,"href":"https:\/\/roveyayinevi.com.tr\/index.php\/wp-json\/wp\/v2\/product_brand?post=762727"},{"taxonomy":"product_cat","embeddable":true,"href":"https:\/\/roveyayinevi.com.tr\/index.php\/wp-json\/wp\/v2\/product_cat?post=762727"},{"taxonomy":"product_tag","embeddable":true,"href":"https:\/\/roveyayinevi.com.tr\/index.php\/wp-json\/wp\/v2\/product_tag?post=762727"}],"curies":[{"name":"wp","href":"https:\/\/api.w.org\/{rel}","templated":true}]}}