{"id":762721,"date":"2025-08-28T10:18:23","date_gmt":"2025-08-28T07:18:23","guid":{"rendered":"https:\/\/roveyayinevi.com.tr\/index.php\/urun\/emanet-ask-2-silme-sendeki-izlerimi-ciltli\/"},"modified":"2026-04-15T03:27:44","modified_gmt":"2026-04-15T00:27:44","slug":"emanet-ask-2-silme-sendeki-izlerimi-ciltli","status":"publish","type":"product","link":"https:\/\/roveyayinevi.com.tr\/index.php\/urun\/emanet-ask-2-silme-sendeki-izlerimi-ciltli\/","title":{"rendered":"Emanet A\u015fk 2 \u2013 Silme Sendeki \u0130zlerimi (Ciltli)"},"content":{"rendered":"<p>Ayn\u0131 ev, ayn\u0131 aile, birbiri i\u00e7in \u00e7arpan iki ayr\u0131 kalp.   Baran\u2019\u0131n y\u0131llar sonra eve d\u00f6nmesinin ard\u0131ndan, akl\u0131yla kalbi aras\u0131nda sava\u015fta kalan A\u00e7elya, ayn\u0131 evin i\u00e7inde uzak durmaya \u00e7al\u0131\u015ft\u0131\u011f\u0131 Baran\u2019\u0131n g\u00fcnden g\u00fcne s\u0131n\u0131rlar\u0131n\u0131 ihlal etmesiyle sars\u0131l\u0131r. Bakt\u0131\u011f\u0131, g\u00f6rd\u00fc\u011f\u00fc her yerde Baran vard\u0131r art\u0131k\u2026 Ondan ka\u00e7abilmek de saklanabilmek de imk\u00e2ns\u0131zd\u0131r.    Baran\u2019\u0131n ondan ne istedi\u011fini biliyordur fakat ya\u015fananlar y\u00fcz\u00fcnden ona hem k\u0131rg\u0131n hem de k\u0131zg\u0131nd\u0131r. Yine de hislerine s\u00f6z ge\u00e7irmesi kolay olmayacakt\u0131r zira A\u00e7elya\u2019y\u0131 geri kazanabilmek i\u00e7in her yolu deneyen Baran pes etmemekte kararl\u0131d\u0131r.    T\u00fcm bunlar olurken, kapkara bir k\u0131\u015f\u0131n ve zorlu bir s\u0131nav\u0131n onlar\u0131 bekledi\u011fini fark edemezler&#8230;    Ge\u00e7mi\u015fte ya\u015fananlar g\u00fcn y\u00fcz\u00fcne \u00e7\u0131kt\u0131\u011f\u0131nda ak\u0131llar kar\u0131\u015facak, kalpteki sevginin yerini \u015f\u00fcphe alacak ve Demirda\u011fl\u0131 ailesindeki herkes kendini bir \u00e7\u0131kmaz\u0131n i\u00e7inde bulacakt\u0131r.      A\u00e7elya yoktu. \u00d6yleyse Baran da yoktu. Onunla beraber ben de kaybolmu\u015ftum. Sayamad\u0131\u011f\u0131m kadar \u00e7ok g\u00fcn ve gece  devrilmi\u015fti yoklu\u011funun \u00fcst\u00fcne.  O gittikten sonra \u00e7ok ya\u011fmur ya\u011fm\u0131\u015ft\u0131 yery\u00fcz\u00fcne,  hi\u00e7birinin i\u00e7imdeki yang\u0131n\u0131 s\u00f6nd\u00fcrmeye  g\u00fcc\u00fcn\u00fcn yetmeyece\u011fi ya\u011fmurlar\u2026  Koca bir nehre d\u00f6n\u00fc\u015fseler ve  i\u00e7ine d\u00fc\u015f\u00fcp bo\u011fulsam bile.   Onu izlerdim uzun uzun\u2026 Ba\u015f\u0131m\u0131 yast\u0131\u011f\u0131n\u0131n  yan\u0131ndaki bo\u015flu\u011fa b\u0131rak\u0131p ona bakt\u0131\u011f\u0131m\u0131,  kendimi tutamay\u0131p  sa\u00e7lar\u0131n\u0131 ok\u015fad\u0131\u011f\u0131m\u0131, parmak u\u00e7lar\u0131ndan \u00f6pecek kadar hasret kald\u0131\u011f\u0131m\u0131 bilmezdi. Baz\u0131 geceler y\u00fcz\u00fcndeki o a\u011flamakl\u0131 ifadeyi izlerken, g\u00f6zya\u015flar\u0131 i\u00e7inde uyuyakald\u0131\u011f\u0131n\u0131 fark edip s\u0131kard\u0131m yumruklar\u0131m\u0131. Sonras\u0131nda uyuyamazd\u0131m geceler boyu\u2026 Ama o, bunlar\u0131n hi\u00e7birini bilmezdi.  <\/p>\n","protected":false},"excerpt":{"rendered":"<p>Ayn\u0131 ev, ayn\u0131 aile, birbiri i\u00e7in \u00e7arpan iki ayr\u0131 kalp. Baran\u2019\u0131n y\u0131llar sonra eve d\u00f6nmesinin ard\u0131ndan, akl\u0131yla kalbi aras\u0131nda sava\u015fta kalan A\u00e7elya, ayn\u0131 evin i\u00e7inde uzak<span class=\"excerpt-hellip\"> [\u2026]<\/span><\/p>\n","protected":false},"featured_media":0,"template":"","meta":{"_monsterinsights_skip_tracking":false,"_monsterinsights_sitenote_active":false,"_monsterinsights_sitenote_note":"","_monsterinsights_sitenote_category":0},"product_brand":[],"product_cat":[12291,12711],"product_tag":[],"class_list":{"0":"post-762721","1":"product","2":"type-product","3":"status-publish","5":"product_cat-edebiyat","6":"product_cat-roman-oyku","7":"pa_cilt-ciltli","8":"pa_tur-kitap","9":"pa_yayinevi-indigo-kitap","10":"pa_yazar-sumeyye-koc","12":"first","13":"instock","14":"sale","15":"shipping-taxable","16":"purchasable","17":"product-type-simple"},"_links":{"self":[{"href":"https:\/\/roveyayinevi.com.tr\/index.php\/wp-json\/wp\/v2\/product\/762721","targetHints":{"allow":["GET"]}}],"collection":[{"href":"https:\/\/roveyayinevi.com.tr\/index.php\/wp-json\/wp\/v2\/product"}],"about":[{"href":"https:\/\/roveyayinevi.com.tr\/index.php\/wp-json\/wp\/v2\/types\/product"}],"wp:attachment":[{"href":"https:\/\/roveyayinevi.com.tr\/index.php\/wp-json\/wp\/v2\/media?parent=762721"}],"wp:term":[{"taxonomy":"product_brand","embeddable":true,"href":"https:\/\/roveyayinevi.com.tr\/index.php\/wp-json\/wp\/v2\/product_brand?post=762721"},{"taxonomy":"product_cat","embeddable":true,"href":"https:\/\/roveyayinevi.com.tr\/index.php\/wp-json\/wp\/v2\/product_cat?post=762721"},{"taxonomy":"product_tag","embeddable":true,"href":"https:\/\/roveyayinevi.com.tr\/index.php\/wp-json\/wp\/v2\/product_tag?post=762721"}],"curies":[{"name":"wp","href":"https:\/\/api.w.org\/{rel}","templated":true}]}}