{"id":762718,"date":"2025-08-28T10:18:17","date_gmt":"2025-08-28T07:18:17","guid":{"rendered":"https:\/\/roveyayinevi.com.tr\/index.php\/urun\/50-maddede-her-turlu-tartismayi-kazanma-sanati\/"},"modified":"2026-04-15T03:27:44","modified_gmt":"2026-04-15T00:27:44","slug":"50-maddede-her-turlu-tartismayi-kazanma-sanati","status":"publish","type":"product","link":"https:\/\/roveyayinevi.com.tr\/index.php\/urun\/50-maddede-her-turlu-tartismayi-kazanma-sanati\/","title":{"rendered":"50 Maddede Her T\u00fcrl\u00fc Tart\u0131\u015fmay\u0131 Kazanma Sanat\u0131"},"content":{"rendered":"<p>G\u00fcn i\u00e7inde ka\u00e7 tart\u0131\u015fmaya girdi\u011finizi biliyor musunuz? Ara\u015ft\u0131rmalara g\u00f6re g\u00fcnde 10\u2019dan fazla! Ve bunun normal bir konu\u015fma m\u0131, yoksa ger\u00e7ek bir tart\u0131\u015fma m\u0131 oldu\u011funu dahi bilmiyorsunuz, bilmiyoruz. Kiminle yapt\u0131\u011f\u0131m\u0131z\u0131 ise hat\u0131rlam\u0131yoruz! Daha ciddi bir soru ise \u015fu: Tart\u0131\u015fmalar\u0131m\u0131zdan ka\u00e7\u0131 istedi\u011fimiz \u015fekilde sonu\u00e7lan\u0131yor? Bunu da bilmiyoruz! \u00c7\u00fcnk\u00fc fark\u0131nda de\u011filiz.   \u0130mparatorlar\u0131n sava\u015f hilelerinden modern gizli servis taktiklerine, bilimsel ara\u015ft\u0131rmalardan filozoflar\u0131n manip\u00fclasyon oyunlar\u0131na i\u015fte size 50 gizli hazine&#8230; Evimizdeki odalarda, ofiste, s\u0131n\u0131flarda, kamera kar\u015f\u0131s\u0131nda veya topluluk \u00f6n\u00fcnde kar\u015f\u0131n\u0131zdakileri h\u00e2kimiyetiniz alt\u0131na almak istemez misiniz? \u00d6yleyse b\u00f6yle buyurun! <\/p>\n","protected":false},"excerpt":{"rendered":"<p>G\u00fcn i\u00e7inde ka\u00e7 tart\u0131\u015fmaya girdi\u011finizi biliyor musunuz? Ara\u015ft\u0131rmalara g\u00f6re g\u00fcnde 10\u2019dan fazla! Ve bunun normal bir konu\u015fma m\u0131, yoksa ger\u00e7ek bir tart\u0131\u015fma m\u0131 oldu\u011funu dahi bilmiyorsunuz,<span class=\"excerpt-hellip\"> [\u2026]<\/span><\/p>\n","protected":false},"featured_media":0,"template":"","meta":{"_monsterinsights_skip_tracking":false,"_monsterinsights_sitenote_active":false,"_monsterinsights_sitenote_note":"","_monsterinsights_sitenote_category":0},"product_brand":[],"product_cat":[12364,12376],"product_tag":[],"class_list":{"0":"post-762718","1":"product","2":"type-product","3":"status-publish","5":"product_cat-genel-konular","6":"product_cat-kisisel-gelisim","7":"pa_cilt-ciltsiz","8":"pa_tur-kitap","9":"pa_yayinevi-kara-karga-yayinlari","10":"pa_yazar-murat-nedim-koca","12":"first","13":"instock","14":"sale","15":"shipping-taxable","16":"purchasable","17":"product-type-simple"},"_links":{"self":[{"href":"https:\/\/roveyayinevi.com.tr\/index.php\/wp-json\/wp\/v2\/product\/762718","targetHints":{"allow":["GET"]}}],"collection":[{"href":"https:\/\/roveyayinevi.com.tr\/index.php\/wp-json\/wp\/v2\/product"}],"about":[{"href":"https:\/\/roveyayinevi.com.tr\/index.php\/wp-json\/wp\/v2\/types\/product"}],"wp:attachment":[{"href":"https:\/\/roveyayinevi.com.tr\/index.php\/wp-json\/wp\/v2\/media?parent=762718"}],"wp:term":[{"taxonomy":"product_brand","embeddable":true,"href":"https:\/\/roveyayinevi.com.tr\/index.php\/wp-json\/wp\/v2\/product_brand?post=762718"},{"taxonomy":"product_cat","embeddable":true,"href":"https:\/\/roveyayinevi.com.tr\/index.php\/wp-json\/wp\/v2\/product_cat?post=762718"},{"taxonomy":"product_tag","embeddable":true,"href":"https:\/\/roveyayinevi.com.tr\/index.php\/wp-json\/wp\/v2\/product_tag?post=762718"}],"curies":[{"name":"wp","href":"https:\/\/api.w.org\/{rel}","templated":true}]}}