{"id":762717,"date":"2025-08-28T10:18:15","date_gmt":"2025-08-28T07:18:15","guid":{"rendered":"https:\/\/roveyayinevi.com.tr\/index.php\/urun\/hayatim-bir-internet-romani-1\/"},"modified":"2026-04-15T03:27:44","modified_gmt":"2026-04-15T00:27:44","slug":"hayatim-bir-internet-romani-1","status":"publish","type":"product","link":"https:\/\/roveyayinevi.com.tr\/index.php\/urun\/hayatim-bir-internet-romani-1\/","title":{"rendered":"Hayat\u0131m Bir \u0130nternet Roman\u0131 1"},"content":{"rendered":"<p>B\u0130R YANDA D\u00d6RT B\u00dcY\u00dcK KRAL, D\u0130\u011eER YANDA D\u00dcNYA G\u00dcZEL\u0130 B\u0130R ANA KARAKTER. BEN NASIL B\u0130R ROMANIN \u0130\u00c7\u0130NE D\u00dc\u015eT\u00dcM B\u00d6YLE! B\u0130R SABAH UYANDI\u011eIMDA HAYATIMIN TAMAMEN DE\u011e\u0130\u015eM\u0130\u015e OLDU\u011eUNU, YAN DA\u0130REMDE G\u00dcZELLER G\u00dcZEL\u0130 B\u0130R KIZIN YA\u015eADI\u011eINI FARK ETT\u0130M. AYRICA D\u00d6RT B\u00dcY\u00dcK KRAL LAKAPLI B\u0130R GRUP \u00c7OCUKLA AYNI SINIFA D\u00dc\u015eM\u00dc\u015eT\u00dcM. ANNEM VE EV\u0130M DE\u011e\u0130\u015eMEM\u0130\u015e OLSA DA B\u0130R ANDA KEND\u0130M\u0130 B\u0130R \u0130NTERNET ROMANININ \u0130\u00c7\u0130NDE BULDUM! BU KURGUSAL HAYATTAN KEND\u0130M\u0130 KURTARMAK \u0130\u00c7\u0130N BAN YEORYEONG\u2019DAN KEND\u0130M\u0130 UZAKLA\u015eTIRMAYA \u00c7ALI\u015eTIM. PEK\u0130 NEDEN HER GE\u00c7EN G\u00dcN DAHA DER\u0130N B\u0130R BATAKLI\u011eA \u00c7EK\u0130L\u0130YORMU\u015e G\u0130B\u0130 H\u0130SSED\u0130YORUM?! <\/p>\n","protected":false},"excerpt":{"rendered":"<p>B\u0130R YANDA D\u00d6RT B\u00dcY\u00dcK KRAL, D\u0130\u011eER YANDA D\u00dcNYA G\u00dcZEL\u0130 B\u0130R ANA KARAKTER. BEN NASIL B\u0130R ROMANIN \u0130\u00c7\u0130NE D\u00dc\u015eT\u00dcM B\u00d6YLE! B\u0130R SABAH UYANDI\u011eIMDA HAYATIMIN TAMAMEN DE\u011e\u0130\u015eM\u0130\u015e OLDU\u011eUNU,<span class=\"excerpt-hellip\"> [\u2026]<\/span><\/p>\n","protected":false},"featured_media":0,"template":"","meta":{"_monsterinsights_skip_tracking":false,"_monsterinsights_sitenote_active":false,"_monsterinsights_sitenote_note":"","_monsterinsights_sitenote_category":0},"product_brand":[],"product_cat":[12416,12291],"product_tag":[],"class_list":{"0":"post-762717","1":"product","2":"type-product","3":"status-publish","5":"product_cat-cizgi-roman","6":"product_cat-edebiyat","7":"pa_cilt-ciltsiz","8":"pa_tur-kitap","9":"pa_yayinevi-athica-yayinlari","10":"pa_yazar-yu-han-ryeo","12":"first","13":"instock","14":"sale","15":"shipping-taxable","16":"purchasable","17":"product-type-simple"},"_links":{"self":[{"href":"https:\/\/roveyayinevi.com.tr\/index.php\/wp-json\/wp\/v2\/product\/762717","targetHints":{"allow":["GET"]}}],"collection":[{"href":"https:\/\/roveyayinevi.com.tr\/index.php\/wp-json\/wp\/v2\/product"}],"about":[{"href":"https:\/\/roveyayinevi.com.tr\/index.php\/wp-json\/wp\/v2\/types\/product"}],"wp:attachment":[{"href":"https:\/\/roveyayinevi.com.tr\/index.php\/wp-json\/wp\/v2\/media?parent=762717"}],"wp:term":[{"taxonomy":"product_brand","embeddable":true,"href":"https:\/\/roveyayinevi.com.tr\/index.php\/wp-json\/wp\/v2\/product_brand?post=762717"},{"taxonomy":"product_cat","embeddable":true,"href":"https:\/\/roveyayinevi.com.tr\/index.php\/wp-json\/wp\/v2\/product_cat?post=762717"},{"taxonomy":"product_tag","embeddable":true,"href":"https:\/\/roveyayinevi.com.tr\/index.php\/wp-json\/wp\/v2\/product_tag?post=762717"}],"curies":[{"name":"wp","href":"https:\/\/api.w.org\/{rel}","templated":true}]}}