{"id":762711,"date":"2025-08-28T10:18:03","date_gmt":"2025-08-28T07:18:03","guid":{"rendered":"https:\/\/roveyayinevi.com.tr\/index.php\/urun\/cantali-renkli-kolay-boyama-kirmizi-kitap\/"},"modified":"2026-04-15T03:27:44","modified_gmt":"2026-04-15T00:27:44","slug":"cantali-renkli-kolay-boyama-kirmizi-kitap","status":"publish","type":"product","link":"https:\/\/roveyayinevi.com.tr\/index.php\/urun\/cantali-renkli-kolay-boyama-kirmizi-kitap\/","title":{"rendered":"\u00c7antal\u0131 Renkli Kolay Boyama- K\u0131rm\u0131z\u0131 Kitap"},"content":{"rendered":"<p>\u201c\u00c7antal\u0131 Renkli Kolay Boyama\u201d serisi \u00e7ocu\u011funuzun hem e\u011flenerek g\u00fczel zaman ge\u00e7irmesini hem de el becerisini geli\u015ftirmesini sa\u011flayacak.<\/p>\n","protected":false},"excerpt":{"rendered":"<p>\u201c\u00c7antal\u0131 Renkli Kolay Boyama\u201d serisi \u00e7ocu\u011funuzun hem e\u011flenerek g\u00fczel zaman ge\u00e7irmesini hem de el becerisini geli\u015ftirmesini sa\u011flayacak.<\/p>\n","protected":false},"featured_media":0,"template":"","meta":{"_monsterinsights_skip_tracking":false,"_monsterinsights_sitenote_active":false,"_monsterinsights_sitenote_note":"","_monsterinsights_sitenote_category":0},"product_brand":[],"product_cat":[12644,12274],"product_tag":[],"class_list":{"0":"post-762711","1":"product","2":"type-product","3":"status-publish","5":"product_cat-boyama-kitaplari","6":"product_cat-cocuk-ve-genclik-kitaplari","7":"pa_cilt-ciltsiz","8":"pa_tur-kitap","9":"pa_yayinevi-parilti-yayinlari","10":"pa_yazar-kolektif","12":"first","13":"instock","14":"sale","15":"shipping-taxable","16":"purchasable","17":"product-type-simple"},"_links":{"self":[{"href":"https:\/\/roveyayinevi.com.tr\/index.php\/wp-json\/wp\/v2\/product\/762711","targetHints":{"allow":["GET"]}}],"collection":[{"href":"https:\/\/roveyayinevi.com.tr\/index.php\/wp-json\/wp\/v2\/product"}],"about":[{"href":"https:\/\/roveyayinevi.com.tr\/index.php\/wp-json\/wp\/v2\/types\/product"}],"wp:attachment":[{"href":"https:\/\/roveyayinevi.com.tr\/index.php\/wp-json\/wp\/v2\/media?parent=762711"}],"wp:term":[{"taxonomy":"product_brand","embeddable":true,"href":"https:\/\/roveyayinevi.com.tr\/index.php\/wp-json\/wp\/v2\/product_brand?post=762711"},{"taxonomy":"product_cat","embeddable":true,"href":"https:\/\/roveyayinevi.com.tr\/index.php\/wp-json\/wp\/v2\/product_cat?post=762711"},{"taxonomy":"product_tag","embeddable":true,"href":"https:\/\/roveyayinevi.com.tr\/index.php\/wp-json\/wp\/v2\/product_tag?post=762711"}],"curies":[{"name":"wp","href":"https:\/\/api.w.org\/{rel}","templated":true}]}}