{"id":762710,"date":"2025-08-28T10:18:01","date_gmt":"2025-08-28T07:18:01","guid":{"rendered":"https:\/\/roveyayinevi.com.tr\/index.php\/urun\/denizkizi-takimyildizi\/"},"modified":"2026-04-08T03:24:27","modified_gmt":"2026-04-08T00:24:27","slug":"denizkizi-takimyildizi","status":"publish","type":"product","link":"https:\/\/roveyayinevi.com.tr\/index.php\/urun\/denizkizi-takimyildizi\/","title":{"rendered":"Denizk\u0131z\u0131 Tak\u0131my\u0131ld\u0131z\u0131"},"content":{"rendered":"<p>\u201cAmantes amentes.\u201d \u201cA\u015fk deliliktir.\u201d (Latince bir deyi\u015f)     Asil, bir gece fark eder ki hayat\u0131nda \u00f6nemli bir yere sahip olan Denizk\u0131z\u0131 Tak\u0131my\u0131ld\u0131z\u0131 art\u0131k o \u00e7ok sevdi\u011fi g\u00f6ky\u00fcz\u00fcnde de\u011fildir. Bu kay\u0131p ba\u015flarda onu umutsuzlu\u011fa s\u00fcr\u00fcklese de sonras\u0131nda \u00e7ok daha farkl\u0131 kap\u0131lar\u0131 a\u00e7arak bir mucizeye tan\u0131k olmas\u0131n\u0131 sa\u011flayacakt\u0131r. Umutsuzluk ve mucizenin \u00e7at\u0131\u015fmas\u0131ndan do\u011fan, Asil&#8217;in hik\u00e2yesi, tam olarak b\u00f6yle ba\u015flar. Esas\u0131nda g\u00f6ky\u00fcz\u00fcndeki bir tak\u0131my\u0131ld\u0131z\u0131n denizk\u0131z\u0131na benzemesiyle ba\u015flayan olaylar \u00f6rg\u00fcs\u00fcnde denizk\u0131z\u0131n\u0131 yan\u0131 ba\u015f\u0131n\u0131zda g\u00f6rd\u00fc\u011f\u00fcn\u00fcz zaman bilin\u00e7 d\u0131\u015f\u0131 olarak in\u015fa etti\u011finiz korkular\u0131n\u0131z\u0131n y\u0131k\u0131lmas\u0131n\u0131n iyi ve k\u00f6t\u00fc anlamda ya\u015fant\u0131n\u0131za ne gibi etkileri olaca\u011f\u0131n\u0131 sorgularken iyi ve k\u00f6t\u00fcn\u00fcn tekilli\u011fine tan\u0131k olman\u0131n dayan\u0131lmaz duygular\u0131n\u0131 ya\u015fayacaks\u0131n\u0131z. Denizk\u0131z\u0131 Tak\u0131my\u0131ld\u0131z\u0131, ger\u00e7ek ve ger\u00e7ek\u00fcst\u00fc anlat\u0131m\u0131n i\u00e7i i\u00e7e ge\u00e7ti\u011fi ve bir \u00fc\u00e7\u00fcnc\u00fc g\u00f6z\u00fcn dilinden mucizelerin insan ya\u015fant\u0131s\u0131ndaki varl\u0131\u011f\u0131n\u0131 ve yerini sorgulatan bir hik\u00e2ye olman\u0131n yan\u0131 s\u0131ra sizleri \u00e7ok \u00f6nemli ve bir o kadar karma\u015f\u0131k bir soruyla ba\u015f ba\u015fa b\u0131rak\u0131yor: Peki, ya mucizeler ger\u00e7ek olursa?<\/p>\n","protected":false},"excerpt":{"rendered":"<p>\u201cAmantes amentes.\u201d \u201cA\u015fk deliliktir.\u201d (Latince bir deyi\u015f) Asil, bir gece fark eder ki hayat\u0131nda \u00f6nemli bir yere sahip olan Denizk\u0131z\u0131 Tak\u0131my\u0131ld\u0131z\u0131 art\u0131k o \u00e7ok sevdi\u011fi g\u00f6ky\u00fcz\u00fcnde<span class=\"excerpt-hellip\"> [\u2026]<\/span><\/p>\n","protected":false},"featured_media":0,"template":"","meta":{"_monsterinsights_skip_tracking":false,"_monsterinsights_sitenote_active":false,"_monsterinsights_sitenote_note":"","_monsterinsights_sitenote_category":0},"product_brand":[],"product_cat":[12291,12711],"product_tag":[],"class_list":{"0":"post-762710","1":"product","2":"type-product","3":"status-publish","5":"product_cat-edebiyat","6":"product_cat-roman-oyku","7":"pa_cilt-ciltsiz","8":"pa_tur-kitap","9":"pa_yayinevi-perseus","10":"pa_yazar-hasan-enes-gunel","12":"first","13":"instock","14":"sale","15":"shipping-taxable","16":"purchasable","17":"product-type-simple"},"_links":{"self":[{"href":"https:\/\/roveyayinevi.com.tr\/index.php\/wp-json\/wp\/v2\/product\/762710","targetHints":{"allow":["GET"]}}],"collection":[{"href":"https:\/\/roveyayinevi.com.tr\/index.php\/wp-json\/wp\/v2\/product"}],"about":[{"href":"https:\/\/roveyayinevi.com.tr\/index.php\/wp-json\/wp\/v2\/types\/product"}],"wp:attachment":[{"href":"https:\/\/roveyayinevi.com.tr\/index.php\/wp-json\/wp\/v2\/media?parent=762710"}],"wp:term":[{"taxonomy":"product_brand","embeddable":true,"href":"https:\/\/roveyayinevi.com.tr\/index.php\/wp-json\/wp\/v2\/product_brand?post=762710"},{"taxonomy":"product_cat","embeddable":true,"href":"https:\/\/roveyayinevi.com.tr\/index.php\/wp-json\/wp\/v2\/product_cat?post=762710"},{"taxonomy":"product_tag","embeddable":true,"href":"https:\/\/roveyayinevi.com.tr\/index.php\/wp-json\/wp\/v2\/product_tag?post=762710"}],"curies":[{"name":"wp","href":"https:\/\/api.w.org\/{rel}","templated":true}]}}