{"id":762709,"date":"2025-08-28T10:17:59","date_gmt":"2025-08-28T07:17:59","guid":{"rendered":"https:\/\/roveyayinevi.com.tr\/index.php\/urun\/yurumek-4\/"},"modified":"2026-04-15T03:27:44","modified_gmt":"2026-04-15T00:27:44","slug":"yurumek-4","status":"publish","type":"product","link":"https:\/\/roveyayinevi.com.tr\/index.php\/urun\/yurumek-4\/","title":{"rendered":"Y\u00fcr\u00fcmek"},"content":{"rendered":"<p>Bir doktorun t\u0131p fak\u00fcltesinden itibaren ba\u015flay\u0131p otuz y\u0131l s\u00fcren k\u00e2bus gibi olan hastal\u0131\u011f\u0131n\u0131 anlat\u0131yor bu kitap. Onun romanla\u015ft\u0131r\u0131lm\u0131\u015f an\u0131lar\u0131n\u0131 okurken \u00e7ok ilgin\u00e7 hikayesine ve m\u00fcthi\u015f azmine tan\u0131k olacaks\u0131n\u0131z. Ruhsal ve bedensel bir sava\u015f g\u00f6z\u00fcn\u00fcz\u00fcn \u00f6n\u00fcnde bir film gibi canlanacak. \u201cY\u00fcr\u00fcmek\u201d bir edebi \u015faheser olmasa da belki de d\u00fcnyada e\u015fi ve benzeri olmayan bir hayat hikayesini ustaca anlatan s\u00fcr\u00fckleyici bir otobiyografi\u2026<\/p>\n","protected":false},"excerpt":{"rendered":"<p>Bir doktorun t\u0131p fak\u00fcltesinden itibaren ba\u015flay\u0131p otuz y\u0131l s\u00fcren k\u00e2bus gibi olan hastal\u0131\u011f\u0131n\u0131 anlat\u0131yor bu kitap. Onun romanla\u015ft\u0131r\u0131lm\u0131\u015f an\u0131lar\u0131n\u0131 okurken \u00e7ok ilgin\u00e7 hikayesine ve m\u00fcthi\u015f azmine<span class=\"excerpt-hellip\"> [\u2026]<\/span><\/p>\n","protected":false},"featured_media":0,"template":"","meta":{"_monsterinsights_skip_tracking":false,"_monsterinsights_sitenote_active":false,"_monsterinsights_sitenote_note":"","_monsterinsights_sitenote_category":0},"product_brand":[],"product_cat":[14009,12291],"product_tag":[],"class_list":{"0":"post-762709","1":"product","2":"type-product","3":"status-publish","5":"product_cat-biyografi-otobiyografi-edebiyat","6":"product_cat-edebiyat","7":"pa_cilt-ciltsiz","8":"pa_tur-kitap","9":"pa_yayinevi-perseus","10":"pa_yazar-cevdet-erdemol","12":"first","13":"instock","14":"sale","15":"shipping-taxable","16":"purchasable","17":"product-type-simple"},"_links":{"self":[{"href":"https:\/\/roveyayinevi.com.tr\/index.php\/wp-json\/wp\/v2\/product\/762709","targetHints":{"allow":["GET"]}}],"collection":[{"href":"https:\/\/roveyayinevi.com.tr\/index.php\/wp-json\/wp\/v2\/product"}],"about":[{"href":"https:\/\/roveyayinevi.com.tr\/index.php\/wp-json\/wp\/v2\/types\/product"}],"wp:attachment":[{"href":"https:\/\/roveyayinevi.com.tr\/index.php\/wp-json\/wp\/v2\/media?parent=762709"}],"wp:term":[{"taxonomy":"product_brand","embeddable":true,"href":"https:\/\/roveyayinevi.com.tr\/index.php\/wp-json\/wp\/v2\/product_brand?post=762709"},{"taxonomy":"product_cat","embeddable":true,"href":"https:\/\/roveyayinevi.com.tr\/index.php\/wp-json\/wp\/v2\/product_cat?post=762709"},{"taxonomy":"product_tag","embeddable":true,"href":"https:\/\/roveyayinevi.com.tr\/index.php\/wp-json\/wp\/v2\/product_tag?post=762709"}],"curies":[{"name":"wp","href":"https:\/\/api.w.org\/{rel}","templated":true}]}}