{"id":762708,"date":"2025-08-28T10:17:57","date_gmt":"2025-08-28T07:17:57","guid":{"rendered":"https:\/\/roveyayinevi.com.tr\/index.php\/urun\/sinci-ve-vovo\/"},"modified":"2026-04-15T03:27:44","modified_gmt":"2026-04-15T00:27:44","slug":"sinci-ve-vovo","status":"publish","type":"product","link":"https:\/\/roveyayinevi.com.tr\/index.php\/urun\/sinci-ve-vovo\/","title":{"rendered":"Sinci ve Vovo"},"content":{"rendered":"<p>Sinci, Antakya&#8217;da dedesinin k\u00fct\u00fcphanesinde bulmu\u015ftu g\u00fcnl\u00fc\u011f\u00fc. Onun a\u00e7mak \u00fczere oldu\u011fu dedektiflik b\u00fcrosunda alaca\u011f\u0131 ilk vakaya vesile olaca\u011f\u0131 hi\u00e7 akl\u0131na gelmemi\u015fti. Hatta sad\u0131k dostu ve yard\u0131mc\u0131s\u0131 Vovo ile k\u00fct\u00fcphanedeki Y\u0131ld\u0131z Ge\u00e7idi&#8217;nde ba\u015flayan macera dolu yolculuklar\u0131na ba\u015flad\u0131klar\u0131nda onu okumay\u0131 hen\u00fcz tamamlamam\u0131\u015ft\u0131 da. Tamamlad\u0131\u011f\u0131nda kim bilir daha neler deneyimleyeceklerdi?   Sinci ve can dostu Vovo i\u015fte bu gizem dolu ilk vakalar\u0131n\u0131 \u00e7\u00f6zerlerken siz okurlar\u0131n hayal g\u00fcc\u00fcne renk katabilmeyi ba\u015far\u0131rlarsa deneyimleyecekleri sonraki maceralara daha bir g\u00fc\u00e7l\u00fc girebilecekler. Ve tabii ben de o\u011flum Ege&#8217;nin hayal \u00fcr\u00fcn\u00fc olan Sinci ve Vovo karakterlerinin yeni maceralar\u0131n\u0131 sizlere aktar\u0131rken daha b\u00fcy\u00fck keyif alaca\u011f\u0131m. Deniz Ak\u00e7ay, Sinci ve Vovo: Galaktik Bir Dedektiflik Hik\u00e2yesi&#8217;nde, iki arkada\u015f\u0131n ba\u015fka boyutlarda ge\u00e7en s\u0131ra d\u0131\u015f\u0131 dedektiflik hik\u00e2yesini ilk eseriyle birlikte okuyucular\u0131yla bulu\u015fturuyor. Kendinizi ba\u015fka diyarlarda bulmaya haz\u0131r olun!<\/p>\n","protected":false},"excerpt":{"rendered":"<p>Sinci, Antakya&#8217;da dedesinin k\u00fct\u00fcphanesinde bulmu\u015ftu g\u00fcnl\u00fc\u011f\u00fc. Onun a\u00e7mak \u00fczere oldu\u011fu dedektiflik b\u00fcrosunda alaca\u011f\u0131 ilk vakaya vesile olaca\u011f\u0131 hi\u00e7 akl\u0131na gelmemi\u015fti. Hatta sad\u0131k dostu ve yard\u0131mc\u0131s\u0131 Vovo<span class=\"excerpt-hellip\"> [\u2026]<\/span><\/p>\n","protected":false},"featured_media":0,"template":"","meta":{"_monsterinsights_skip_tracking":false,"_monsterinsights_sitenote_active":false,"_monsterinsights_sitenote_note":"","_monsterinsights_sitenote_category":0},"product_brand":[],"product_cat":[12291,14777],"product_tag":[],"class_list":{"0":"post-762708","1":"product","2":"type-product","3":"status-publish","5":"product_cat-edebiyat","6":"product_cat-fantastik","7":"pa_cilt-ciltsiz","8":"pa_tur-kitap","9":"pa_yayinevi-perseus","10":"pa_yazar-deniz-akcay","12":"first","13":"instock","14":"sale","15":"shipping-taxable","16":"purchasable","17":"product-type-simple"},"_links":{"self":[{"href":"https:\/\/roveyayinevi.com.tr\/index.php\/wp-json\/wp\/v2\/product\/762708","targetHints":{"allow":["GET"]}}],"collection":[{"href":"https:\/\/roveyayinevi.com.tr\/index.php\/wp-json\/wp\/v2\/product"}],"about":[{"href":"https:\/\/roveyayinevi.com.tr\/index.php\/wp-json\/wp\/v2\/types\/product"}],"wp:attachment":[{"href":"https:\/\/roveyayinevi.com.tr\/index.php\/wp-json\/wp\/v2\/media?parent=762708"}],"wp:term":[{"taxonomy":"product_brand","embeddable":true,"href":"https:\/\/roveyayinevi.com.tr\/index.php\/wp-json\/wp\/v2\/product_brand?post=762708"},{"taxonomy":"product_cat","embeddable":true,"href":"https:\/\/roveyayinevi.com.tr\/index.php\/wp-json\/wp\/v2\/product_cat?post=762708"},{"taxonomy":"product_tag","embeddable":true,"href":"https:\/\/roveyayinevi.com.tr\/index.php\/wp-json\/wp\/v2\/product_tag?post=762708"}],"curies":[{"name":"wp","href":"https:\/\/api.w.org\/{rel}","templated":true}]}}