{"id":762706,"date":"2025-08-28T10:17:53","date_gmt":"2025-08-28T07:17:53","guid":{"rendered":"https:\/\/roveyayinevi.com.tr\/index.php\/urun\/benim-ilk-cikartma-kitabim-rengi-bul\/"},"modified":"2026-04-15T03:27:44","modified_gmt":"2026-04-15T00:27:44","slug":"benim-ilk-cikartma-kitabim-rengi-bul","status":"publish","type":"product","link":"https:\/\/roveyayinevi.com.tr\/index.php\/urun\/benim-ilk-cikartma-kitabim-rengi-bul\/","title":{"rendered":"Benim \u0130lk \u00c7\u0131kartma Kitab\u0131m &#8211; Rengi Bul"},"content":{"rendered":"<p>\u00c7\u0131kartma yap\u0131\u015ft\u0131rmak sadece e\u011flenceli de\u011fil, ayn\u0131 zamanda parmak hareketlerini e\u011fitmek i\u00e7in de \u00e7ok faydal\u0131d\u0131r. Do\u011fru renkte bir \u00e7\u0131kartma se\u00e7mek ise farkl\u0131 renkleri \u00f6\u011frenmeye yard\u0131mc\u0131 olacakt\u0131r. Daire \u00e7\u0131kartmalar ise k\u00fc\u00e7\u00fckler i\u00e7in en uygun \u015fekildir, \u00e7\u00fcnk\u00fc a\u00e7\u0131sal olarak yanl\u0131\u015f yap\u0131\u015ft\u0131r\u0131lmas\u0131 m\u00fcmk\u00fcn de\u011fildir. Bu nedenle sonu\u00e7lar da her zaman ne\u015feli olacakt\u0131r!  <\/p>\n","protected":false},"excerpt":{"rendered":"<p>\u00c7\u0131kartma yap\u0131\u015ft\u0131rmak sadece e\u011flenceli de\u011fil, ayn\u0131 zamanda parmak hareketlerini e\u011fitmek i\u00e7in de \u00e7ok faydal\u0131d\u0131r. Do\u011fru renkte bir \u00e7\u0131kartma se\u00e7mek ise farkl\u0131 renkleri \u00f6\u011frenmeye yard\u0131mc\u0131 olacakt\u0131r. Daire<span class=\"excerpt-hellip\"> [\u2026]<\/span><\/p>\n","protected":false},"featured_media":0,"template":"","meta":{"_monsterinsights_skip_tracking":false,"_monsterinsights_sitenote_active":false,"_monsterinsights_sitenote_note":"","_monsterinsights_sitenote_category":0},"product_brand":[],"product_cat":[12554,12274],"product_tag":[],"class_list":{"0":"post-762706","1":"product","2":"type-product","3":"status-publish","5":"product_cat-cikartmali-kitaplar","6":"product_cat-cocuk-ve-genclik-kitaplari","7":"pa_cilt-ciltsiz","8":"pa_tur-kitap","9":"pa_yayinevi-parilti-yayinlari","10":"pa_yazar-kolektif","12":"first","13":"instock","14":"sale","15":"shipping-taxable","16":"purchasable","17":"product-type-simple"},"_links":{"self":[{"href":"https:\/\/roveyayinevi.com.tr\/index.php\/wp-json\/wp\/v2\/product\/762706","targetHints":{"allow":["GET"]}}],"collection":[{"href":"https:\/\/roveyayinevi.com.tr\/index.php\/wp-json\/wp\/v2\/product"}],"about":[{"href":"https:\/\/roveyayinevi.com.tr\/index.php\/wp-json\/wp\/v2\/types\/product"}],"wp:attachment":[{"href":"https:\/\/roveyayinevi.com.tr\/index.php\/wp-json\/wp\/v2\/media?parent=762706"}],"wp:term":[{"taxonomy":"product_brand","embeddable":true,"href":"https:\/\/roveyayinevi.com.tr\/index.php\/wp-json\/wp\/v2\/product_brand?post=762706"},{"taxonomy":"product_cat","embeddable":true,"href":"https:\/\/roveyayinevi.com.tr\/index.php\/wp-json\/wp\/v2\/product_cat?post=762706"},{"taxonomy":"product_tag","embeddable":true,"href":"https:\/\/roveyayinevi.com.tr\/index.php\/wp-json\/wp\/v2\/product_tag?post=762706"}],"curies":[{"name":"wp","href":"https:\/\/api.w.org\/{rel}","templated":true}]}}