{"id":762705,"date":"2025-08-28T10:17:52","date_gmt":"2025-08-28T07:17:52","guid":{"rendered":"https:\/\/roveyayinevi.com.tr\/index.php\/urun\/cantamin-tuhaf-hikayesi\/"},"modified":"2026-04-13T03:23:40","modified_gmt":"2026-04-13T00:23:40","slug":"cantamin-tuhaf-hikayesi","status":"publish","type":"product","link":"https:\/\/roveyayinevi.com.tr\/index.php\/urun\/cantamin-tuhaf-hikayesi\/","title":{"rendered":"\u00c7antam\u0131n Tuhaf Hikayesi"},"content":{"rendered":"<p>\u00c7antam\u0131n Tuhaf Hik\u00e2yesi, s\u0131radan bir g\u00fcnde, s\u0131radan bir okulda ba\u015flayan ancak Ege\u2019nin s\u0131ra d\u0131\u015f\u0131 \u00e7antas\u0131 nedeniyle inan\u0131lmaz olaylarla devam eden bir hik\u00e2ye.Ege, \u00e7antas\u0131n\u0131n tuhafl\u0131\u011f\u0131n\u0131 \u00f6\u011frendi\u011finde \u00e7ok sevindi ama onun y\u00fcz\u00fcnden ba\u015f\u0131n\u0131n derde girece\u011fini hatta hayat\u0131n\u0131n tamamen de\u011fi\u015fece\u011fini bilmiyordu.<\/p>\n","protected":false},"excerpt":{"rendered":"<p>\u00c7antam\u0131n Tuhaf Hik\u00e2yesi, s\u0131radan bir g\u00fcnde, s\u0131radan bir okulda ba\u015flayan ancak Ege\u2019nin s\u0131ra d\u0131\u015f\u0131 \u00e7antas\u0131 nedeniyle inan\u0131lmaz olaylarla devam eden bir hik\u00e2ye.Ege, \u00e7antas\u0131n\u0131n tuhafl\u0131\u011f\u0131n\u0131 \u00f6\u011frendi\u011finde \u00e7ok<span class=\"excerpt-hellip\"> [\u2026]<\/span><\/p>\n","protected":false},"featured_media":0,"template":"","meta":{"_monsterinsights_skip_tracking":false,"_monsterinsights_sitenote_active":false,"_monsterinsights_sitenote_note":"","_monsterinsights_sitenote_category":0},"product_brand":[],"product_cat":[12274,12284],"product_tag":[],"class_list":{"0":"post-762705","1":"product","2":"type-product","3":"status-publish","5":"product_cat-cocuk-ve-genclik-kitaplari","6":"product_cat-hikayeler","7":"pa_cilt-ciltsiz","8":"pa_tur-kitap","9":"pa_yayinevi-beyaz-balina-yayinlari","10":"pa_yazar-sezer-un","12":"first","13":"instock","14":"sale","15":"shipping-taxable","16":"purchasable","17":"product-type-simple"},"_links":{"self":[{"href":"https:\/\/roveyayinevi.com.tr\/index.php\/wp-json\/wp\/v2\/product\/762705","targetHints":{"allow":["GET"]}}],"collection":[{"href":"https:\/\/roveyayinevi.com.tr\/index.php\/wp-json\/wp\/v2\/product"}],"about":[{"href":"https:\/\/roveyayinevi.com.tr\/index.php\/wp-json\/wp\/v2\/types\/product"}],"wp:attachment":[{"href":"https:\/\/roveyayinevi.com.tr\/index.php\/wp-json\/wp\/v2\/media?parent=762705"}],"wp:term":[{"taxonomy":"product_brand","embeddable":true,"href":"https:\/\/roveyayinevi.com.tr\/index.php\/wp-json\/wp\/v2\/product_brand?post=762705"},{"taxonomy":"product_cat","embeddable":true,"href":"https:\/\/roveyayinevi.com.tr\/index.php\/wp-json\/wp\/v2\/product_cat?post=762705"},{"taxonomy":"product_tag","embeddable":true,"href":"https:\/\/roveyayinevi.com.tr\/index.php\/wp-json\/wp\/v2\/product_tag?post=762705"}],"curies":[{"name":"wp","href":"https:\/\/api.w.org\/{rel}","templated":true}]}}