{"id":762704,"date":"2025-08-28T10:17:50","date_gmt":"2025-08-28T07:17:50","guid":{"rendered":"https:\/\/roveyayinevi.com.tr\/index.php\/urun\/gencler-icin-ozguven-gelistirme\/"},"modified":"2026-04-15T03:27:44","modified_gmt":"2026-04-15T00:27:44","slug":"gencler-icin-ozguven-gelistirme","status":"publish","type":"product","link":"https:\/\/roveyayinevi.com.tr\/index.php\/urun\/gencler-icin-ozguven-gelistirme\/","title":{"rendered":"Gen\u00e7ler \u0130\u00e7in \u00d6zg\u00fcven Geli\u015ftirme"},"content":{"rendered":"<p>Bir gencin her durumda kendinden emin hissetmesi i\u00e7in bir rehber!.. G\u00fcven, insanlar\u0131 kendinize \u00e7eken ve hedeflerinize ula\u015fman\u0131za yakla\u015fman\u0131za yard\u0131mc\u0131 olan bir m\u0131knat\u0131s gibidir. Kendinize inand\u0131\u011f\u0131n\u0131zda, hayat\u0131n yolunuza \u00e7\u0131kard\u0131\u011f\u0131 her \u015feyin \u00fcstesinden gelebilecek zek\u00e2, yetenek ve maharete sahip oldu\u011funuz mesaj\u0131n\u0131 g\u00f6nderirsiniz. Ve ger\u00e7ek \u015fu ki, bu yeteneklere sahipsiniz. Bu kitap, kendinize g\u00fcveninizi nas\u0131l ortaya \u00e7\u0131karaca\u011f\u0131n\u0131z\u0131, kendinizi ne kadar tuhaf hissederseniz hissedin veya ne kadar korkutucu olursa olsun, her durumda kendiniz olabilmenizi g\u00f6sterir. Bu \u00f6zg\u00fcven e\u011fitmenli\u011fi \u00e7al\u0131\u015fma kitab\u0131ndaki e\u011flenceli egzersizler ve ipu\u00e7lar\u0131, kendinizden ku\u015fku duyma duygular\u0131n\u0131 a\u015fman\u0131za yard\u0131mc\u0131 olacak, kendinize inanman\u0131z\u0131, arkada\u015fl\u0131klar\u0131n\u0131z\u0131 g\u00fc\u00e7lendirmenizi ve her zorlu\u011fu do\u011frudan kar\u015f\u0131laman\u0131z\u0131 destekleyecektir. g\u00fc\u00e7lendirmenizi ve her zorlu\u011fu do\u011frudan kar\u015f\u0131laman\u0131z\u0131 destekleyecektir. \u2022 Sizi a\u015fa\u011f\u0131 \u00e7eken ku\u015fkulu d\u00fc\u015f\u00fcnceleri fark edin ve \u00fcstesinden gelin. \u2022 Kendinden emin d\u00fc\u015f\u00fcncelerinizi, kendinden emin eylemlere d\u00f6n\u00fc\u015ft\u00fcr\u00fcn. \u2022 Dopdolu bir sosyal ya\u015fam\u0131n keyfini \u00e7\u0131kar\u0131n ve yeni arkada\u015flar edinin. \u2022 Okulda kendinizi daha zeki hissedin ve ders d\u0131\u015f\u0131 yeteneklerinizi geli\u015ftirin.<\/p>\n","protected":false},"excerpt":{"rendered":"<p>Bir gencin her durumda kendinden emin hissetmesi i\u00e7in bir rehber!.. G\u00fcven, insanlar\u0131 kendinize \u00e7eken ve hedeflerinize ula\u015fman\u0131za yakla\u015fman\u0131za yard\u0131mc\u0131 olan bir m\u0131knat\u0131s gibidir. Kendinize inand\u0131\u011f\u0131n\u0131zda, hayat\u0131n<span class=\"excerpt-hellip\"> [\u2026]<\/span><\/p>\n","protected":false},"featured_media":0,"template":"","meta":{"_monsterinsights_skip_tracking":false,"_monsterinsights_sitenote_active":false,"_monsterinsights_sitenote_note":"","_monsterinsights_sitenote_category":0},"product_brand":[],"product_cat":[20502,12357],"product_tag":[],"class_list":{"0":"post-762704","1":"product","2":"type-product","3":"status-publish","5":"product_cat-basvuru-kitaplari-psikoloji","6":"product_cat-psikoloji","7":"pa_cilt-ciltsiz","8":"pa_tur-kitap","9":"pa_yayinevi-psikonet-yayinlari","10":"pa_yazar-marci-g-fox-leslie-sokol","12":"first","13":"instock","14":"sale","15":"shipping-taxable","16":"purchasable","17":"product-type-simple"},"_links":{"self":[{"href":"https:\/\/roveyayinevi.com.tr\/index.php\/wp-json\/wp\/v2\/product\/762704","targetHints":{"allow":["GET"]}}],"collection":[{"href":"https:\/\/roveyayinevi.com.tr\/index.php\/wp-json\/wp\/v2\/product"}],"about":[{"href":"https:\/\/roveyayinevi.com.tr\/index.php\/wp-json\/wp\/v2\/types\/product"}],"wp:attachment":[{"href":"https:\/\/roveyayinevi.com.tr\/index.php\/wp-json\/wp\/v2\/media?parent=762704"}],"wp:term":[{"taxonomy":"product_brand","embeddable":true,"href":"https:\/\/roveyayinevi.com.tr\/index.php\/wp-json\/wp\/v2\/product_brand?post=762704"},{"taxonomy":"product_cat","embeddable":true,"href":"https:\/\/roveyayinevi.com.tr\/index.php\/wp-json\/wp\/v2\/product_cat?post=762704"},{"taxonomy":"product_tag","embeddable":true,"href":"https:\/\/roveyayinevi.com.tr\/index.php\/wp-json\/wp\/v2\/product_tag?post=762704"}],"curies":[{"name":"wp","href":"https:\/\/api.w.org\/{rel}","templated":true}]}}