{"id":762700,"date":"2025-08-28T10:17:43","date_gmt":"2025-08-28T07:17:43","guid":{"rendered":"https:\/\/roveyayinevi.com.tr\/index.php\/urun\/kemikler-ve-kartlar\/"},"modified":"2026-04-15T03:27:43","modified_gmt":"2026-04-15T00:27:43","slug":"kemikler-ve-kartlar","status":"publish","type":"product","link":"https:\/\/roveyayinevi.com.tr\/index.php\/urun\/kemikler-ve-kartlar\/","title":{"rendered":"Kemikler ve Kartlar"},"content":{"rendered":"<p>\u201c\u0130nsanl\u0131k, y\u00fczy\u0131llarca zarlar\u0131 kumar oynamak i\u00e7in kulland\u0131. Oysa zarlar, tercihlerimizin hayat\u0131m\u0131z\u0131 etkileyen ihtimalleri do\u011furmas\u0131n\u0131n bir sembol\u00fcyd\u00fc. \u0130nsanlar bunu unuttular.\u201d D\u00fcnya \u00fczerinde geceyi ayd\u0131nlatmas\u0131yla \u00fcnl\u00fc bir\u00e7ok kumarhanenin aksine sabah\u0131n alt\u0131s\u0131nda ve yaln\u0131zca altm\u0131\u015f dakikal\u0131\u011f\u0131na a\u00e7\u0131lan Duryodhana Kumarhanesi\u2019nde kalabal\u0131k tek bir masada toplanm\u0131\u015f. Masan\u0131n ucunda ba\u015ftan a\u015fa\u011f\u0131 siyah k\u0131yafetlere b\u00fcr\u00fcnm\u00fc\u015f gen\u00e7 bir adam duruyor. Zarlarla \u00fcst \u00fcste be\u015f defa alt\u0131 atan bu gen\u00e7 kumarbaz, alt\u0131nc\u0131s\u0131n\u0131 da atmak \u00fczere. Duryodhana Kumarhanesi\u2019nde her \u015feyin de\u011fi\u015fece\u011fi garip bir g\u00fcn ya\u015fan\u0131yor. Ve zarlar yuvarlan\u0131yor&#8230; Semih Ellialt\u0131, ilk roman\u0131 Kemikler ve Kartlar\u2019da, katman katman a\u00e7\u0131lan fantastik bir hik\u00e2yeye davet ediyor okuru. Kader, talih, \u00f6zg\u00fcr irade gibi kavramlar\u0131 kendisine \u00f6zg\u00fc bir \u00fcslupla kurcal\u0131yor; bir anlamda, kartlar yeniden da\u011f\u0131t\u0131l\u0131yor! <\/p>\n","protected":false},"excerpt":{"rendered":"<p>\u201c\u0130nsanl\u0131k, y\u00fczy\u0131llarca zarlar\u0131 kumar oynamak i\u00e7in kulland\u0131. Oysa zarlar, tercihlerimizin hayat\u0131m\u0131z\u0131 etkileyen ihtimalleri do\u011furmas\u0131n\u0131n bir sembol\u00fcyd\u00fc. \u0130nsanlar bunu unuttular.\u201d D\u00fcnya \u00fczerinde geceyi ayd\u0131nlatmas\u0131yla \u00fcnl\u00fc bir\u00e7ok kumarhanenin<span class=\"excerpt-hellip\"> [\u2026]<\/span><\/p>\n","protected":false},"featured_media":0,"template":"","meta":{"_monsterinsights_skip_tracking":false,"_monsterinsights_sitenote_active":false,"_monsterinsights_sitenote_note":"","_monsterinsights_sitenote_category":0},"product_brand":[],"product_cat":[12291,12711],"product_tag":[],"class_list":{"0":"post-762700","1":"product","2":"type-product","3":"status-publish","5":"product_cat-edebiyat","6":"product_cat-roman-oyku","7":"pa_cilt-ciltsiz","8":"pa_tur-kitap","9":"pa_yayinevi-ithaki-yayinlari","10":"pa_yazar-semih-ellialti","12":"first","13":"instock","14":"sale","15":"shipping-taxable","16":"purchasable","17":"product-type-simple"},"_links":{"self":[{"href":"https:\/\/roveyayinevi.com.tr\/index.php\/wp-json\/wp\/v2\/product\/762700","targetHints":{"allow":["GET"]}}],"collection":[{"href":"https:\/\/roveyayinevi.com.tr\/index.php\/wp-json\/wp\/v2\/product"}],"about":[{"href":"https:\/\/roveyayinevi.com.tr\/index.php\/wp-json\/wp\/v2\/types\/product"}],"wp:attachment":[{"href":"https:\/\/roveyayinevi.com.tr\/index.php\/wp-json\/wp\/v2\/media?parent=762700"}],"wp:term":[{"taxonomy":"product_brand","embeddable":true,"href":"https:\/\/roveyayinevi.com.tr\/index.php\/wp-json\/wp\/v2\/product_brand?post=762700"},{"taxonomy":"product_cat","embeddable":true,"href":"https:\/\/roveyayinevi.com.tr\/index.php\/wp-json\/wp\/v2\/product_cat?post=762700"},{"taxonomy":"product_tag","embeddable":true,"href":"https:\/\/roveyayinevi.com.tr\/index.php\/wp-json\/wp\/v2\/product_tag?post=762700"}],"curies":[{"name":"wp","href":"https:\/\/api.w.org\/{rel}","templated":true}]}}