{"id":762696,"date":"2025-08-28T10:17:34","date_gmt":"2025-08-28T07:17:34","guid":{"rendered":"https:\/\/roveyayinevi.com.tr\/index.php\/urun\/kurt-kralin-laneti\/"},"modified":"2026-04-15T03:27:43","modified_gmt":"2026-04-15T00:27:43","slug":"kurt-kralin-laneti","status":"publish","type":"product","link":"https:\/\/roveyayinevi.com.tr\/index.php\/urun\/kurt-kralin-laneti\/","title":{"rendered":"Kurt Kral\u0131n Laneti"},"content":{"rendered":"<p>\u00d6l\u00fcmc\u00fcl laneti olan fae bir kurt kral\u2026 Laneti bozmak i\u00e7in yap\u0131lan korkun\u00e7 bir pazarl\u0131k&#8230; Gemma Bellefleur, ge\u00e7mi\u015fini geride b\u0131rakmak ve ortaya \u00e7\u0131kan bir skandal y\u00fcz\u00fcnden kalbinin k\u0131r\u0131ld\u0131\u011f\u0131 o g\u00fcn\u00fc unutmak istiyordur. Ama onu fidye i\u00e7in al\u0131koymakla tehdit eden d\u00fczenbaz bir fae kral\u0131 taraf\u0131ndan yakaland\u0131ktan sonra kendini bir kez daha dedikodular\u0131n merkezinde bulacakt\u0131r. Yak\u0131nda can\u0131n\u0131 alacak bir lanetle bo\u011fu\u015fan, insanlardan nefret eden Kral Elliot\u2019sa kendini kurtarmak i\u00e7in her \u015feyi yapmaya haz\u0131rd\u0131r. Gemma bunu kendi avantaj\u0131na kullanabilirse, \u00f6zg\u00fcrl\u00fc\u011f\u00fcne giden yolda pazarl\u0131k yapabilecektir. Tek yapmas\u0131 gereken lanetin bozulmas\u0131 i\u00e7in krala yard\u0131m etmektir. Tek bir sorun vard\u0131r. Laneti bozmak i\u00e7in bir k\u0131z\u0131n kand\u0131r\u0131lmas\u0131 ve canavara benzeyen, huysuz Elliot&#8217;a \u00e2\u015f\u0131k edilmesi gerekmektedir. Yap\u0131lan sinsi bir ittifakla planlar i\u015flemeye ba\u015flar ve Gemma ile Elliot yak\u0131nla\u015f\u0131rlar. \u00c7ok ge\u00e7meden nefretin yerini beklenmedik duygular al\u0131r. Ama Gemma bununla sava\u015fmak zorundad\u0131r. \u00c7\u00fcnk\u00fc lanet bozuldu\u011funda Elliot ger\u00e7ek formuna yani kurda d\u00f6n\u00fc\u015fecek ve her \u015feyi unutup Gemma\u2019y\u0131 da sonsuza dek kaybedecektir. Gemma, kral\u0131n hayat\u0131n\u0131 kurtarmak i\u00e7in duygular\u0131n\u0131 feda edebilecek midir? Yoksa a\u015fk onu daha da b\u00fcy\u00fck bir \u015feyden, kalbinden vazge\u00e7meye mi zorlayacakt\u0131r?<\/p>\n","protected":false},"excerpt":{"rendered":"<p>\u00d6l\u00fcmc\u00fcl laneti olan fae bir kurt kral\u2026 Laneti bozmak i\u00e7in yap\u0131lan korkun\u00e7 bir pazarl\u0131k&#8230; Gemma Bellefleur, ge\u00e7mi\u015fini geride b\u0131rakmak ve ortaya \u00e7\u0131kan bir skandal y\u00fcz\u00fcnden kalbinin<span class=\"excerpt-hellip\"> [\u2026]<\/span><\/p>\n","protected":false},"featured_media":0,"template":"","meta":{"_monsterinsights_skip_tracking":false,"_monsterinsights_sitenote_active":false,"_monsterinsights_sitenote_note":"","_monsterinsights_sitenote_category":0},"product_brand":[],"product_cat":[12291,12711],"product_tag":[],"class_list":{"0":"post-762696","1":"product","2":"type-product","3":"status-publish","5":"product_cat-edebiyat","6":"product_cat-roman-oyku","7":"pa_cilt-ciltsiz","8":"pa_tur-kitap","9":"pa_yayinevi-artemis-yayinlari","10":"pa_yazar-tessonja-odette","12":"first","13":"instock","14":"sale","15":"shipping-taxable","16":"purchasable","17":"product-type-simple"},"_links":{"self":[{"href":"https:\/\/roveyayinevi.com.tr\/index.php\/wp-json\/wp\/v2\/product\/762696","targetHints":{"allow":["GET"]}}],"collection":[{"href":"https:\/\/roveyayinevi.com.tr\/index.php\/wp-json\/wp\/v2\/product"}],"about":[{"href":"https:\/\/roveyayinevi.com.tr\/index.php\/wp-json\/wp\/v2\/types\/product"}],"wp:attachment":[{"href":"https:\/\/roveyayinevi.com.tr\/index.php\/wp-json\/wp\/v2\/media?parent=762696"}],"wp:term":[{"taxonomy":"product_brand","embeddable":true,"href":"https:\/\/roveyayinevi.com.tr\/index.php\/wp-json\/wp\/v2\/product_brand?post=762696"},{"taxonomy":"product_cat","embeddable":true,"href":"https:\/\/roveyayinevi.com.tr\/index.php\/wp-json\/wp\/v2\/product_cat?post=762696"},{"taxonomy":"product_tag","embeddable":true,"href":"https:\/\/roveyayinevi.com.tr\/index.php\/wp-json\/wp\/v2\/product_tag?post=762696"}],"curies":[{"name":"wp","href":"https:\/\/api.w.org\/{rel}","templated":true}]}}