{"id":762695,"date":"2025-08-28T10:17:33","date_gmt":"2025-08-28T07:17:33","guid":{"rendered":"https:\/\/roveyayinevi.com.tr\/index.php\/urun\/uygarligin-huzursuzlugu-2\/"},"modified":"2026-04-15T03:27:43","modified_gmt":"2026-04-15T00:27:43","slug":"uygarligin-huzursuzlugu-2","status":"publish","type":"product","link":"https:\/\/roveyayinevi.com.tr\/index.php\/urun\/uygarligin-huzursuzlugu-2\/","title":{"rendered":"Uygarl\u0131\u011f\u0131n Huzursuzlu\u011fu"},"content":{"rendered":"<p>\u201cUygar\u201d bir ahlak\u0131n egemenli\u011fi alt\u0131nda bireylerin sa\u011fl\u0131\u011f\u0131n\u0131n ve ya\u015fam verimlili\u011finin bozulabilece\u011fini ve nihayetinde kendisine dayat\u0131lan fedak\u00e2rl\u0131klar nedeniyle bireye verilen bu zarar\u0131n \u00f6yle bir boyuta ula\u015fabilece\u011fini varsaymak do\u011fald\u0131r ki \u201cuygar\u201d ama\u00e7 ve hedefin kendisi de dolayl\u0131 olarak tehlikeye girecektir. Ger\u00e7ekten de von Ehrenfels, sorumlulu\u011funu \u015fu anda Bat\u0131 toplumumuzda h\u00e2kim olan cinsel ahlak kurallar\u0131na y\u00fckledi\u011fi bir dizi zararl\u0131 etkiye i\u015faret etmekte ve uygarl\u0131\u011f\u0131n ilerlemesi i\u00e7in y\u00fcksek de\u011ferini tamamen kabul etmesine ra\u011fmen, reforma ihtiya\u00e7 duydu\u011funa karar vererek sonuca varmaktad\u0131r. G\u00fcn\u00fcm\u00fcz cinsel ahlak\u0131n\u0131n karakteristik \u00f6zelli\u011fi, kad\u0131nlardan talep edilenlerin erke\u011fin cinsel ya\u015fam\u0131na da yay\u0131lmas\u0131 ve tek e\u015fli evlilik d\u0131\u015f\u0131nda her t\u00fcrl\u00fc cinsel ili\u015fkinin tabu haline getirilmesidir. \u00d6yle olsa bile, cinsiyetler aras\u0131ndaki do\u011fal fark\u0131n g\u00f6z \u00f6n\u00fcnde bulundurulmas\u0131, erke\u011fin kusurlar\u0131n\u0131n daha az k\u0131nanmas\u0131n\u0131 ve dolay\u0131s\u0131yla erkek i\u00e7in \u00e7ifte bir ahlak kural\u0131n\u0131n kabul edilmesini gerektirir. Bu \u00e7ifte kural\u0131 kabul eden bir toplum; \u201chakikat, d\u00fcr\u00fcstl\u00fck ve insanl\u0131k sevgisine\u201d ancak dar ve s\u0131n\u0131rl\u0131 bir \u00f6l\u00e7\u00fcde ula\u015fabilir ve \u00fcyelerini hakikati gizlemeye, \u00f6rtbas etmeye, kendini kand\u0131rmaya ve ba\u015fkalar\u0131n\u0131 kand\u0131rmaya meylettirmek zorundad\u0131r. <\/p>\n","protected":false},"excerpt":{"rendered":"<p>\u201cUygar\u201d bir ahlak\u0131n egemenli\u011fi alt\u0131nda bireylerin sa\u011fl\u0131\u011f\u0131n\u0131n ve ya\u015fam verimlili\u011finin bozulabilece\u011fini ve nihayetinde kendisine dayat\u0131lan fedak\u00e2rl\u0131klar nedeniyle bireye verilen bu zarar\u0131n \u00f6yle bir boyuta ula\u015fabilece\u011fini varsaymak<span class=\"excerpt-hellip\"> [\u2026]<\/span><\/p>\n","protected":false},"featured_media":0,"template":"","meta":{"_monsterinsights_skip_tracking":false,"_monsterinsights_sitenote_active":false,"_monsterinsights_sitenote_note":"","_monsterinsights_sitenote_category":0},"product_brand":[],"product_cat":[12358,12357],"product_tag":[],"class_list":{"0":"post-762695","1":"product","2":"type-product","3":"status-publish","5":"product_cat-genel-psikoloji","6":"product_cat-psikoloji","7":"pa_cilt-ciltsiz","8":"pa_tur-kitap","9":"pa_yayinevi-kirmizi-ada-yayinlari","10":"pa_yazar-sigmund-freud","12":"first","13":"instock","14":"sale","15":"shipping-taxable","16":"purchasable","17":"product-type-simple"},"_links":{"self":[{"href":"https:\/\/roveyayinevi.com.tr\/index.php\/wp-json\/wp\/v2\/product\/762695","targetHints":{"allow":["GET"]}}],"collection":[{"href":"https:\/\/roveyayinevi.com.tr\/index.php\/wp-json\/wp\/v2\/product"}],"about":[{"href":"https:\/\/roveyayinevi.com.tr\/index.php\/wp-json\/wp\/v2\/types\/product"}],"wp:attachment":[{"href":"https:\/\/roveyayinevi.com.tr\/index.php\/wp-json\/wp\/v2\/media?parent=762695"}],"wp:term":[{"taxonomy":"product_brand","embeddable":true,"href":"https:\/\/roveyayinevi.com.tr\/index.php\/wp-json\/wp\/v2\/product_brand?post=762695"},{"taxonomy":"product_cat","embeddable":true,"href":"https:\/\/roveyayinevi.com.tr\/index.php\/wp-json\/wp\/v2\/product_cat?post=762695"},{"taxonomy":"product_tag","embeddable":true,"href":"https:\/\/roveyayinevi.com.tr\/index.php\/wp-json\/wp\/v2\/product_tag?post=762695"}],"curies":[{"name":"wp","href":"https:\/\/api.w.org\/{rel}","templated":true}]}}