{"id":762694,"date":"2025-08-28T10:17:31","date_gmt":"2025-08-28T07:17:31","guid":{"rendered":"https:\/\/roveyayinevi.com.tr\/index.php\/urun\/dogaustu\/"},"modified":"2026-04-15T03:27:43","modified_gmt":"2026-04-15T00:27:43","slug":"dogaustu","status":"publish","type":"product","link":"https:\/\/roveyayinevi.com.tr\/index.php\/urun\/dogaustu\/","title":{"rendered":"Do\u011fa\u00fcst\u00fc"},"content":{"rendered":"<p>Ba\u015flang\u0131\u00e7ta \u00f6n\u00fcm\u00fczde iki yol var. Ya \u201ctuhafl\u0131k\u201d kelimesine tarihi s\u00fcre\u00e7 i\u00e7inde hangi anlam\u0131n y\u00fcklendi\u011fini bulabiliriz ya da bizde tuhaf hissi uyand\u0131ran ki\u015filerin, \u015feylerin, duyumlar\u0131n, deneyimlerin ve durumlar\u0131n t\u00fcm \u00f6zelliklerini toplayabilir ve ard\u0131ndan t\u00fcm bu \u00f6rneklerin ortak noktalar\u0131ndan tekinsizli\u011fin bilinmeyen do\u011fas\u0131n\u0131 \u00e7\u0131karabiliriz. Hemen s\u00f6yleyeyim, her iki yol da ayn\u0131 sonuca g\u00f6t\u00fcr\u00fcr: \u201ctuhafl\u0131k\u201d uzun zamand\u0131r bildi\u011fimiz, bir zamanlar \u00e7ok tan\u0131d\u0131k olan bir \u015feye geri g\u00f6t\u00fcren \u00fcrk\u00fct\u00fcc\u00fc s\u0131n\u0131ft\u0131r. <\/p>\n","protected":false},"excerpt":{"rendered":"<p>Ba\u015flang\u0131\u00e7ta \u00f6n\u00fcm\u00fczde iki yol var. Ya \u201ctuhafl\u0131k\u201d kelimesine tarihi s\u00fcre\u00e7 i\u00e7inde hangi anlam\u0131n y\u00fcklendi\u011fini bulabiliriz ya da bizde tuhaf hissi uyand\u0131ran ki\u015filerin, \u015feylerin, duyumlar\u0131n, deneyimlerin ve<span class=\"excerpt-hellip\"> [\u2026]<\/span><\/p>\n","protected":false},"featured_media":0,"template":"","meta":{"_monsterinsights_skip_tracking":false,"_monsterinsights_sitenote_active":false,"_monsterinsights_sitenote_note":"","_monsterinsights_sitenote_category":0},"product_brand":[],"product_cat":[12358,12357],"product_tag":[],"class_list":{"0":"post-762694","1":"product","2":"type-product","3":"status-publish","5":"product_cat-genel-psikoloji","6":"product_cat-psikoloji","7":"pa_cilt-ciltsiz","8":"pa_tur-kitap","9":"pa_yayinevi-kirmizi-ada-yayinlari","10":"pa_yazar-sigmund-freud","12":"first","13":"instock","14":"sale","15":"shipping-taxable","16":"purchasable","17":"product-type-simple"},"_links":{"self":[{"href":"https:\/\/roveyayinevi.com.tr\/index.php\/wp-json\/wp\/v2\/product\/762694","targetHints":{"allow":["GET"]}}],"collection":[{"href":"https:\/\/roveyayinevi.com.tr\/index.php\/wp-json\/wp\/v2\/product"}],"about":[{"href":"https:\/\/roveyayinevi.com.tr\/index.php\/wp-json\/wp\/v2\/types\/product"}],"wp:attachment":[{"href":"https:\/\/roveyayinevi.com.tr\/index.php\/wp-json\/wp\/v2\/media?parent=762694"}],"wp:term":[{"taxonomy":"product_brand","embeddable":true,"href":"https:\/\/roveyayinevi.com.tr\/index.php\/wp-json\/wp\/v2\/product_brand?post=762694"},{"taxonomy":"product_cat","embeddable":true,"href":"https:\/\/roveyayinevi.com.tr\/index.php\/wp-json\/wp\/v2\/product_cat?post=762694"},{"taxonomy":"product_tag","embeddable":true,"href":"https:\/\/roveyayinevi.com.tr\/index.php\/wp-json\/wp\/v2\/product_tag?post=762694"}],"curies":[{"name":"wp","href":"https:\/\/api.w.org\/{rel}","templated":true}]}}