{"id":762693,"date":"2025-08-28T10:17:29","date_gmt":"2025-08-28T07:17:29","guid":{"rendered":"https:\/\/roveyayinevi.com.tr\/index.php\/urun\/buhurdan-fanteziler\/"},"modified":"2026-04-15T03:27:43","modified_gmt":"2026-04-15T00:27:43","slug":"buhurdan-fanteziler","status":"publish","type":"product","link":"https:\/\/roveyayinevi.com.tr\/index.php\/urun\/buhurdan-fanteziler\/","title":{"rendered":"Buhurdan -Fanteziler-"},"content":{"rendered":"<p>T\u00fcrk edebiyat\u0131nda mensur \u015fiir t\u00fcr\u00fcnde eser veren ender sanat\u00e7\u0131lardan Mehmet Beh\u00e7et, mensur \u015fiirlerini fantez\u00eeler alt ba\u015fl\u0131\u011f\u0131yla 1925 y\u0131l\u0131nda yay\u0131mlanan Buh\u00fbrdan adl\u0131 kitapta toplar. Arap harfleriyle bas\u0131l\u0131 olan bu kitapta 4 b\u00f6l\u00fcm, 22 mensur \u015fiir-fantezi (Buh\u00fbrdan [1. B\u00f6l\u00fcm], Asya, D\u00fcnya G\u00fczeli, Solgun Ay, Bir Fatiha, Onun Hayali, \u0130stihale, Karanl\u0131k [2. B\u00f6l\u00fcm], Kara Mabet, Karanl\u0131\u011f\u0131n Tecellisi, Kara Cemaat, Kara \u00c2yin, G\u00fcne\u015fin Kitab\u0131ndan [3. B\u00f6l\u00fcm], Evvel Zaman \u0130\u00e7inde [4. B\u00f6l\u00fcm], Me\u00e7h\u00fble, G\u00f6zler, Sa\u00e7lar, Dudaklar, Alev, Tem\u00e2s, B\u00fbseler, Ses bulunmaktad\u0131r.   Buh\u00fbrdan\u2019\u0131n T\u00fcrkiye T\u00fcrk\u00e7esine aktar\u0131lmas\u0131 cumhuriyetin ilk y\u0131llar\u0131n\u0131 kapsayan d\u00f6nemin alg\u0131lanmas\u0131 ve \u00f6\u011fretmen ve \u015fair olan Mehmet Beh\u00e7et\u2019in yaz\u0131n d\u00fcnyas\u0131n\u0131n gelece\u011fe aktar\u0131lmas\u0131 a\u00e7\u0131s\u0131ndan \u00f6nemlidir. Eserde yer alan anlat\u0131lar, sadece kendi zaman\u0131n\u0131 de\u011fil ge\u00e7mi\u015fi, din\u00ee alg\u0131y\u0131, tasavvuf\u00ee \u00f6geleri, bireysel ile ilahi a\u015fk\u0131, varl\u0131\u011f\u0131n hi\u00e7le\u015fme ile yeniden do\u011fma durumunu yitim ve bitim ekseninde ele al\u0131r.  <\/p>\n","protected":false},"excerpt":{"rendered":"<p>T\u00fcrk edebiyat\u0131nda mensur \u015fiir t\u00fcr\u00fcnde eser veren ender sanat\u00e7\u0131lardan Mehmet Beh\u00e7et, mensur \u015fiirlerini fantez\u00eeler alt ba\u015fl\u0131\u011f\u0131yla 1925 y\u0131l\u0131nda yay\u0131mlanan Buh\u00fbrdan adl\u0131 kitapta toplar. Arap harfleriyle bas\u0131l\u0131<span class=\"excerpt-hellip\"> [\u2026]<\/span><\/p>\n","protected":false},"featured_media":0,"template":"","meta":{"_monsterinsights_skip_tracking":false,"_monsterinsights_sitenote_active":false,"_monsterinsights_sitenote_note":"","_monsterinsights_sitenote_category":0},"product_brand":[],"product_cat":[12291,12509],"product_tag":[],"class_list":{"0":"post-762693","1":"product","2":"type-product","3":"status-publish","5":"product_cat-edebiyat","6":"product_cat-siir","7":"pa_cilt-ciltsiz","8":"pa_tur-kitap","9":"pa_yayinevi-telve-kitap","10":"pa_yazar-mehmet-behcet","12":"first","13":"instock","14":"sale","15":"shipping-taxable","16":"purchasable","17":"product-type-simple"},"_links":{"self":[{"href":"https:\/\/roveyayinevi.com.tr\/index.php\/wp-json\/wp\/v2\/product\/762693","targetHints":{"allow":["GET"]}}],"collection":[{"href":"https:\/\/roveyayinevi.com.tr\/index.php\/wp-json\/wp\/v2\/product"}],"about":[{"href":"https:\/\/roveyayinevi.com.tr\/index.php\/wp-json\/wp\/v2\/types\/product"}],"wp:attachment":[{"href":"https:\/\/roveyayinevi.com.tr\/index.php\/wp-json\/wp\/v2\/media?parent=762693"}],"wp:term":[{"taxonomy":"product_brand","embeddable":true,"href":"https:\/\/roveyayinevi.com.tr\/index.php\/wp-json\/wp\/v2\/product_brand?post=762693"},{"taxonomy":"product_cat","embeddable":true,"href":"https:\/\/roveyayinevi.com.tr\/index.php\/wp-json\/wp\/v2\/product_cat?post=762693"},{"taxonomy":"product_tag","embeddable":true,"href":"https:\/\/roveyayinevi.com.tr\/index.php\/wp-json\/wp\/v2\/product_tag?post=762693"}],"curies":[{"name":"wp","href":"https:\/\/api.w.org\/{rel}","templated":true}]}}