{"id":762690,"date":"2025-08-28T10:17:24","date_gmt":"2025-08-28T07:17:24","guid":{"rendered":"https:\/\/roveyayinevi.com.tr\/index.php\/urun\/afetin-ay-macerasi\/"},"modified":"2026-04-15T03:27:43","modified_gmt":"2026-04-15T00:27:43","slug":"afetin-ay-macerasi","status":"publish","type":"product","link":"https:\/\/roveyayinevi.com.tr\/index.php\/urun\/afetin-ay-macerasi\/","title":{"rendered":"Afet\u2019in Ay Maceras\u0131"},"content":{"rendered":"<p>\u201cAfet, bir s\u00fcredir y\u0131ld\u0131zlar ve uzay hakk\u0131nda daha \u00e7ok \u015fey bilmek istiyordu. Geceleri g\u00f6ky\u00fcz\u00fcne bak\u0131yor, y\u0131ld\u0131zlar\u0131 saymay\u0131 deniyor ve uzayda ya\u015fam hakk\u0131nda \u00f6\u011fretmenleriyle ailesini soru ya\u011fmuruna tutmaktan b\u0131km\u0131yordu. \u2018Uzayda ya\u015fam olup olmad\u0131\u011f\u0131 hakk\u0131nda hen\u00fcz bir kan\u0131t yok Afet\u2026\u2019 ya da  \u2018Afet\u00e7i\u011fim, daha \u00f6nce de dedi\u011fim gibi bug\u00fcne kadar bir ya\u015fam bulgusuna rastlanmad\u0131. Ama koskoca evrende yaln\u0131z olmayabiliriz, belki ileride bulunacakt\u0131r\u2026\u2019 yan\u0131tlar\u0131 Afet\u2019e yetmiyordu.\u201d    Gazeteci yazar \u00d6zlem \u00d6zdemir, ge\u00e7lerimize Cumhuriyet de\u011ferlerini anlatt\u0131\u011f\u0131 eserlerine bir yenisini ekliyor: Afet\u2019in Ay Maceras\u0131. Kahraman\u0131m\u0131z Afet\u2019e bu kez NASA\u2019da \u00e7al\u0131\u015fan ilk T\u00fcrk kad\u0131n\u0131, \u201cApollo Ba\u015far\u0131 \u00d6d\u00fcl\u00fc\u201d sahibi Dilhan Eryurt e\u015flik ediyor..<\/p>\n","protected":false},"excerpt":{"rendered":"<p>\u201cAfet, bir s\u00fcredir y\u0131ld\u0131zlar ve uzay hakk\u0131nda daha \u00e7ok \u015fey bilmek istiyordu. Geceleri g\u00f6ky\u00fcz\u00fcne bak\u0131yor, y\u0131ld\u0131zlar\u0131 saymay\u0131 deniyor ve uzayda ya\u015fam hakk\u0131nda \u00f6\u011fretmenleriyle ailesini soru ya\u011fmuruna<span class=\"excerpt-hellip\"> [\u2026]<\/span><\/p>\n","protected":false},"featured_media":0,"template":"","meta":{"_monsterinsights_skip_tracking":false,"_monsterinsights_sitenote_active":false,"_monsterinsights_sitenote_note":"","_monsterinsights_sitenote_category":0},"product_brand":[],"product_cat":[12274,12284],"product_tag":[],"class_list":{"0":"post-762690","1":"product","2":"type-product","3":"status-publish","5":"product_cat-cocuk-ve-genclik-kitaplari","6":"product_cat-hikayeler","7":"pa_cilt-ciltsiz","8":"pa_tur-kitap","9":"pa_yayinevi-kirmizi-kedi-yayinevi","10":"pa_yazar-ozlem-ozdemir","12":"first","13":"instock","14":"sale","15":"shipping-taxable","16":"purchasable","17":"product-type-simple"},"_links":{"self":[{"href":"https:\/\/roveyayinevi.com.tr\/index.php\/wp-json\/wp\/v2\/product\/762690","targetHints":{"allow":["GET"]}}],"collection":[{"href":"https:\/\/roveyayinevi.com.tr\/index.php\/wp-json\/wp\/v2\/product"}],"about":[{"href":"https:\/\/roveyayinevi.com.tr\/index.php\/wp-json\/wp\/v2\/types\/product"}],"wp:attachment":[{"href":"https:\/\/roveyayinevi.com.tr\/index.php\/wp-json\/wp\/v2\/media?parent=762690"}],"wp:term":[{"taxonomy":"product_brand","embeddable":true,"href":"https:\/\/roveyayinevi.com.tr\/index.php\/wp-json\/wp\/v2\/product_brand?post=762690"},{"taxonomy":"product_cat","embeddable":true,"href":"https:\/\/roveyayinevi.com.tr\/index.php\/wp-json\/wp\/v2\/product_cat?post=762690"},{"taxonomy":"product_tag","embeddable":true,"href":"https:\/\/roveyayinevi.com.tr\/index.php\/wp-json\/wp\/v2\/product_tag?post=762690"}],"curies":[{"name":"wp","href":"https:\/\/api.w.org\/{rel}","templated":true}]}}