{"id":762688,"date":"2025-08-28T10:17:20","date_gmt":"2025-08-28T07:17:20","guid":{"rendered":"https:\/\/roveyayinevi.com.tr\/index.php\/urun\/ekolojik-yasam-ve-kendini-bulma-sanati\/"},"modified":"2026-04-03T03:19:57","modified_gmt":"2026-04-03T00:19:57","slug":"ekolojik-yasam-ve-kendini-bulma-sanati","status":"publish","type":"product","link":"https:\/\/roveyayinevi.com.tr\/index.php\/urun\/ekolojik-yasam-ve-kendini-bulma-sanati\/","title":{"rendered":"Ekolojik Ya\u015fam ve Kendini Bulma Sanat\u0131"},"content":{"rendered":"<p>\u201cBir tohum, d\u00fcnyadaki bereketin simgesidir, bar\u0131nd\u0131rd\u0131\u011f\u0131 ya\u015fam potansiyeli sonsuzdur.\u201d Viktor Ananias Son y\u0131llarda ekonomik krizler, pandemi ve 6 \u015eubat depremi ile birlikte pek \u00e7ok insan kentten k\u0131rsala g\u00f6\u00e7 etti veya bunu istiyor. Mustafa Alper \u00dclgen de, trafik, i\u015f stresi ve ekonomik kayg\u0131larla dolu vah\u015fi ya\u015fam ko\u015fullar\u0131nda, \u00e7al\u0131\u015ft\u0131\u011f\u0131 mermer \u015fantiyesinden do\u011faya dair d\u00fc\u015fler kuran bir m\u00fchendisken, kedirgen pe\u015finde ba\u015flayan ot toplama yolculu\u011fu, Bu\u011fday dergisi, Viktor Ananias ve ekok\u00f6y fikri ile tan\u0131\u015fmas\u0131yla, Kaz Da\u011flar\u0131\u2019nda bir ya\u015fama kadar uzan\u0131yor. Kentten k\u00f6ye ta\u015f\u0131nma karar\u0131 vermesinin ard\u0131ndan, sadece kendi ekme\u011fini yapabilmek ve tavuklar\u0131na yem sa\u011flamak i\u00e7in ba\u015flad\u0131\u011f\u0131 bu\u011fday ekimi, bug\u00fcn her y\u0131l y\u00fczlerce d\u00f6n\u00fcm araziye 37 \u00e7e\u015fit yerel bu\u011fday\u0131n ekilmesiyle biyo\u00e7e\u015fitlili\u011fe katk\u0131da bulunuyor. Yerel bu\u011fday \u00e7e\u015fitlerini \u00fcreten ve yerel tatlar konusunda \u00e7al\u0131\u015fan \u00dclgen, ayn\u0131 zamanda Kaz Da\u011flar\u0131\u2019ndaki maden talan\u0131na kar\u015f\u0131 m\u00fccadele eden bir do\u011fa savunucusu. Ekolojik Ya\u015fam ve Kendini Bulma Sanat\u0131-Do\u011faya D\u00f6n\u00fc\u015f, kent ya\u015fam\u0131ndan bunalan insanlara, ait olduklar\u0131 yuvay\u0131 bulmalar\u0131 ve bu yuvan\u0131n do\u011fayla uyum, kolektif ya\u015fam ve ekonomi ile birlikte nas\u0131l s\u00fcrd\u00fcr\u00fclebilir olabilece\u011fini, bir do\u011fa savunucusunun ger\u00e7ek deneyimleri \u00fczerinden anlat\u0131yor. \u201c&#8230;Eko, Yunancada ev demektir. Ev yuvad\u0131r. Her canl\u0131 kendine bir yuva arar, kurar ama t\u00fcm canl\u0131lar i\u00e7in as\u0131l yuva, \u00fczerinde ya\u015fad\u0131\u011f\u0131m\u0131z yeryuvarla\u011f\u0131d\u0131r. \u0130\u015fte Mustafa Alper \u00dclgen\u2019in anlat\u0131s\u0131 boyunca bunun neden b\u00f6yle oldu\u011funu tam olarak anl\u0131yoruz.\u201d Bora Ercan<\/p>\n","protected":false},"excerpt":{"rendered":"<p>\u201cBir tohum, d\u00fcnyadaki bereketin simgesidir, bar\u0131nd\u0131rd\u0131\u011f\u0131 ya\u015fam potansiyeli sonsuzdur.\u201d Viktor Ananias Son y\u0131llarda ekonomik krizler, pandemi ve 6 \u015eubat depremi ile birlikte pek \u00e7ok insan kentten<span class=\"excerpt-hellip\"> [\u2026]<\/span><\/p>\n","protected":false},"featured_media":0,"template":"","meta":{"_monsterinsights_skip_tracking":false,"_monsterinsights_sitenote_active":false,"_monsterinsights_sitenote_note":"","_monsterinsights_sitenote_category":0},"product_brand":[],"product_cat":[12364,12376],"product_tag":[],"class_list":{"0":"post-762688","1":"product","2":"type-product","3":"status-publish","5":"product_cat-genel-konular","6":"product_cat-kisisel-gelisim","7":"pa_cilt-ciltsiz","8":"pa_tur-kitap","9":"pa_yayinevi-literatur-yayinevi","10":"pa_yazar-mustafa-alper-ulgen","12":"first","13":"instock","14":"sale","15":"shipping-taxable","16":"purchasable","17":"product-type-simple"},"_links":{"self":[{"href":"https:\/\/roveyayinevi.com.tr\/index.php\/wp-json\/wp\/v2\/product\/762688","targetHints":{"allow":["GET"]}}],"collection":[{"href":"https:\/\/roveyayinevi.com.tr\/index.php\/wp-json\/wp\/v2\/product"}],"about":[{"href":"https:\/\/roveyayinevi.com.tr\/index.php\/wp-json\/wp\/v2\/types\/product"}],"wp:attachment":[{"href":"https:\/\/roveyayinevi.com.tr\/index.php\/wp-json\/wp\/v2\/media?parent=762688"}],"wp:term":[{"taxonomy":"product_brand","embeddable":true,"href":"https:\/\/roveyayinevi.com.tr\/index.php\/wp-json\/wp\/v2\/product_brand?post=762688"},{"taxonomy":"product_cat","embeddable":true,"href":"https:\/\/roveyayinevi.com.tr\/index.php\/wp-json\/wp\/v2\/product_cat?post=762688"},{"taxonomy":"product_tag","embeddable":true,"href":"https:\/\/roveyayinevi.com.tr\/index.php\/wp-json\/wp\/v2\/product_tag?post=762688"}],"curies":[{"name":"wp","href":"https:\/\/api.w.org\/{rel}","templated":true}]}}