{"id":762685,"date":"2025-08-28T10:17:17","date_gmt":"2025-08-28T07:17:17","guid":{"rendered":"https:\/\/roveyayinevi.com.tr\/index.php\/urun\/nato-gecmisi-gunceli-ve-gelecegi\/"},"modified":"2026-04-15T03:27:43","modified_gmt":"2026-04-15T00:27:43","slug":"nato-gecmisi-gunceli-ve-gelecegi","status":"publish","type":"product","link":"https:\/\/roveyayinevi.com.tr\/index.php\/urun\/nato-gecmisi-gunceli-ve-gelecegi\/","title":{"rendered":"NATO: Ge\u00e7mi\u015fi, G\u00fcnceli ve Gelece\u011fi"},"content":{"rendered":"<p>Bu kitapta Kuzey Atlanik Antla\u015fmas\u0131 \u00d6rg\u00fct\u00fc\u2019n\u00fcn (NATO) kurulmas\u0131na giden s\u00fcrecin \u00f6zellik ve dinamikleri ele al\u0131nmaktad\u0131r. NATO, 2. D\u00fcnya Sava\u015f\u0131\u2019n\u0131n meydan verdi\u011fi insani travma ve b\u00fcy\u00fck maddi kayb\u0131n sonras\u0131nda ortaya \u00e7\u0131km\u0131\u015f ve k\u00fcresel d\u00fczende yap\u0131sal bir d\u00f6n\u00fc\u015f\u00fcm ortaya \u00e7\u0131karm\u0131\u015ft\u0131r. Ancak 1955\u2019te Var\u015fova Pakt\u0131\u2019n\u0131n kurulmas\u0131yla d\u00fcnya bir \u201cSo\u011fuk Sava\u015f\u201d d\u00f6nemine girmi\u015ftir. Bu kitapta So\u011fuk Sava\u015f ve sonras\u0131 d\u00f6neminin NATO\u2019ya olan etkileri ve \u0130ttifak\u0131n bu d\u00f6nemde ge\u00e7irdi\u011fi d\u00f6n\u00fc\u015f\u00fcmlerin analizini bulacaks\u0131n\u0131z. meydana gelen de\u011fi\u015fiklikler \u0131\u015f\u0131\u011f\u0131nda melez sava\u015f konseptine nas\u0131l var\u0131lm\u0131\u015f oldu\u011fu de\u011ferlendirilmektedir. Art\u0131k uluslararas\u0131 alandaki silahl\u0131 \u00e7at\u0131\u015fmalar\u0131, iki ulus-devlet aras\u0131ndaki geleneksel \u00e7at\u0131\u015fma tan\u0131mlar\u0131yla a\u00e7\u0131klamak zor g\u00f6r\u00fcn\u00fcyor. Melez sava\u015f\u0131n \u00e7arp\u0131c\u0131 bir \u00f6rne\u011fi olmas\u0131 sebebiyle, bu \u00e7er\u00e7evede Suriye\u2019deki sava\u015f\u0131n \u00f6zellikleri \u00f6rnek olarak verilmi\u015f; Afganistan ve Irak sava\u015flar\u0131 da analiz edilmi\u015ftir. Ukrayna\u2019da \u00e7\u0131kan sava\u015f\u0131 da Bat\u0131\u2019n\u0131n yeni g\u00fcvenlik doktrinleri ile yorumlamak m\u00fcmk\u00fcnd\u00fcr. Bu y\u00f6n\u00fcyle melez sava\u015f konsepti, d\u00fcnyadaki mevcut sava\u015flara yeni bir a\u00e7\u0131klama tarz\u0131 sunmaktad\u0131r. Bu kitapta neler var? \u2022 NATO\u2019nun kurulu\u015f s\u00fcreci ve dinamikleri \u2022 So\u011fuk Sava\u015f ve sonraki d\u00f6nemde NATO \u2022 ABD \u00f6nc\u00fcl\u00fc\u011f\u00fcndeki tek kutuplu d\u00fcnya \u2022 Tek kutupluluk kar\u015f\u0131s\u0131nda ortaya \u00e7\u0131kan diren\u00e7ler \u2022 Tek kutuplu d\u00f6nemdeki \u00e7at\u0131\u015fma ve istikrars\u0131zl\u0131klar \u2022 Ukrayna sava\u015f\u0131 ve Rusya\u2019n\u0131n k\u00fcresel g\u00fcvenlik mimarisi \u2022 G\u00fcn\u00fcm\u00fcz stratejilerinde NATO\u2019nun rol\u00fc ve gelece\u011fi \u2022 T\u00fcrkiye\u2019de NATO\u2019yla olan ili\u015fkilerine dair \u00f6ng\u00f6r\u00fcler<\/p>\n","protected":false},"excerpt":{"rendered":"<p>Bu kitapta Kuzey Atlanik Antla\u015fmas\u0131 \u00d6rg\u00fct\u00fc\u2019n\u00fcn (NATO) kurulmas\u0131na giden s\u00fcrecin \u00f6zellik ve dinamikleri ele al\u0131nmaktad\u0131r. NATO, 2. D\u00fcnya Sava\u015f\u0131\u2019n\u0131n meydan verdi\u011fi insani travma ve b\u00fcy\u00fck maddi<span class=\"excerpt-hellip\"> [\u2026]<\/span><\/p>\n","protected":false},"featured_media":0,"template":"","meta":{"_monsterinsights_skip_tracking":false,"_monsterinsights_sitenote_active":false,"_monsterinsights_sitenote_note":"","_monsterinsights_sitenote_category":0},"product_brand":[],"product_cat":[13590,12337],"product_tag":[],"class_list":{"0":"post-762685","1":"product","2":"type-product","3":"status-publish","5":"product_cat-arastirma-inceleme-politika-siyaset","6":"product_cat-politika-siyaset","7":"pa_cilt-ciltsiz","8":"pa_tur-kitap","9":"pa_yayinevi-ankara-universitesi-yayinevi","10":"pa_yazar-mehmet-fatih-ceylan","12":"first","13":"instock","14":"sale","15":"shipping-taxable","16":"purchasable","17":"product-type-simple"},"_links":{"self":[{"href":"https:\/\/roveyayinevi.com.tr\/index.php\/wp-json\/wp\/v2\/product\/762685","targetHints":{"allow":["GET"]}}],"collection":[{"href":"https:\/\/roveyayinevi.com.tr\/index.php\/wp-json\/wp\/v2\/product"}],"about":[{"href":"https:\/\/roveyayinevi.com.tr\/index.php\/wp-json\/wp\/v2\/types\/product"}],"wp:attachment":[{"href":"https:\/\/roveyayinevi.com.tr\/index.php\/wp-json\/wp\/v2\/media?parent=762685"}],"wp:term":[{"taxonomy":"product_brand","embeddable":true,"href":"https:\/\/roveyayinevi.com.tr\/index.php\/wp-json\/wp\/v2\/product_brand?post=762685"},{"taxonomy":"product_cat","embeddable":true,"href":"https:\/\/roveyayinevi.com.tr\/index.php\/wp-json\/wp\/v2\/product_cat?post=762685"},{"taxonomy":"product_tag","embeddable":true,"href":"https:\/\/roveyayinevi.com.tr\/index.php\/wp-json\/wp\/v2\/product_tag?post=762685"}],"curies":[{"name":"wp","href":"https:\/\/api.w.org\/{rel}","templated":true}]}}