{"id":762684,"date":"2025-08-28T10:17:15","date_gmt":"2025-08-28T07:17:15","guid":{"rendered":"https:\/\/roveyayinevi.com.tr\/index.php\/urun\/muhendislik-jeolojisi\/"},"modified":"2026-04-15T03:27:43","modified_gmt":"2026-04-15T00:27:43","slug":"muhendislik-jeolojisi","status":"publish","type":"product","link":"https:\/\/roveyayinevi.com.tr\/index.php\/urun\/muhendislik-jeolojisi\/","title":{"rendered":"M\u00fchendislik Jeolojisi"},"content":{"rendered":"<p>Ula\u015f\u0131m altyap\u0131lar\u0131 ve yap\u0131lar\u0131n tasar\u0131m ve in\u015faat\u0131 ile madencilik operasyonlar\u0131nda kapsaml\u0131 bir jeoloji bilgisi elzemdir. Kentsel, k\u0131rsal ve \u00e7evresel planlama ile jeolojijk tehlikelerin \u00f6nlenmesi ve azalt\u0131lmas\u0131 alan\u0131nda \u00e7al\u0131\u015fanlar i\u00e7in de jeolojinin iyi anla\u015f\u0131lmas\u0131 kritik derecede \u00f6nemlidir.   M\u00fchendislik jeolojisi ko\u015fullar\u0131 m\u00fchendislik tasar\u0131m\u0131 ve in\u015faat\u0131 ile b\u00fct\u00fcnle\u015ftirerek jeolojik yap\u0131n\u0131n yorumlanmas\u0131n\u0131 sa\u011flar; hem de yer ko\u015fullar\u0131n\u0131 ve hem de \u00e7evreyi hesaba katan m\u00fchendislik \u00e7\u00f6z\u00fcmleri \u00fcretir.   \u00c7al\u0131\u015fma \u00f6rnekleri ve zengin grafiklerle kapsaml\u0131 bi\u00e7imde donat\u0131lan bu kitapta m\u00fchendislik jeolojisi konular\u0131 d\u00f6rt ba\u015fl\u0131k alt\u0131nda verilmi\u015ftir:   &#8211; Esaslar: Zemin mekani\u011fi, kaya mekani\u011fi ve hidrojeoloji &#8211; Y\u00f6ntemler: Saha incelemeleri, kaya k\u00fctlesi karakterizasyonu ve m\u00fchendislik jeolojisi haritalamas\u0131 &#8211; Uygulamalar: Temeller, \u015fev durayl\u0131l\u0131\u011f\u0131, t\u00fcnelcilik, barajlar ve rezervuarlar ile toprak yap\u0131lar &#8211; Jeolojik Tehlikeler: Heyelanlar, di\u011fer k\u00fctle hareketleri, deprem tehlikeleri ve jeolojik tehlikelerin \u00f6nlenmesi ve azalt\u0131lmas\u0131   M\u00fchendislik Jeolojisi ba\u015fl\u0131kl\u0131 kitap, akademisyenler i\u00e7in bir lisans ve lisans\u00fcst\u00fc ders kitab\u0131 olman\u0131n yan\u0131nda, uygulamac\u0131 m\u00fchendislik jeologlar\u0131, jeoloji ve jeoteknik m\u00fchendisleri ile temeller, toprak yap\u0131lar ile altyap\u0131 kaz\u0131lar\u0131 ve binalar\u0131n tasar\u0131m ve in\u015faat\u0131 ve madencilik operasyonlar\u0131 ile u\u011fra\u015fan in\u015faat ve maden m\u00fchendisleri i\u00e7in de bir temel kaynak kitab\u0131 olarak haz\u0131rlanm\u0131\u015ft\u0131r.<\/p>\n","protected":false},"excerpt":{"rendered":"<p>Ula\u015f\u0131m altyap\u0131lar\u0131 ve yap\u0131lar\u0131n tasar\u0131m ve in\u015faat\u0131 ile madencilik operasyonlar\u0131nda kapsaml\u0131 bir jeoloji bilgisi elzemdir. Kentsel, k\u0131rsal ve \u00e7evresel planlama ile jeolojijk tehlikelerin \u00f6nlenmesi ve azalt\u0131lmas\u0131<span class=\"excerpt-hellip\"> [\u2026]<\/span><\/p>\n","protected":false},"featured_media":0,"template":"","meta":{"_monsterinsights_skip_tracking":false,"_monsterinsights_sitenote_active":false,"_monsterinsights_sitenote_note":"","_monsterinsights_sitenote_category":0},"product_brand":[],"product_cat":[12573,12566],"product_tag":[],"class_list":{"0":"post-762684","1":"product","2":"type-product","3":"status-publish","5":"product_cat-akademik-kitaplar","6":"product_cat-egitim","7":"pa_cilt-ciltsiz","8":"pa_tur-kitap","9":"pa_yayinevi-ankara-universitesi-yayinevi","10":"pa_yazar-luis-i-gonzalez-de-vallejo-mercedes-ferrer","12":"first","13":"instock","14":"sale","15":"shipping-taxable","16":"purchasable","17":"product-type-simple"},"_links":{"self":[{"href":"https:\/\/roveyayinevi.com.tr\/index.php\/wp-json\/wp\/v2\/product\/762684","targetHints":{"allow":["GET"]}}],"collection":[{"href":"https:\/\/roveyayinevi.com.tr\/index.php\/wp-json\/wp\/v2\/product"}],"about":[{"href":"https:\/\/roveyayinevi.com.tr\/index.php\/wp-json\/wp\/v2\/types\/product"}],"wp:attachment":[{"href":"https:\/\/roveyayinevi.com.tr\/index.php\/wp-json\/wp\/v2\/media?parent=762684"}],"wp:term":[{"taxonomy":"product_brand","embeddable":true,"href":"https:\/\/roveyayinevi.com.tr\/index.php\/wp-json\/wp\/v2\/product_brand?post=762684"},{"taxonomy":"product_cat","embeddable":true,"href":"https:\/\/roveyayinevi.com.tr\/index.php\/wp-json\/wp\/v2\/product_cat?post=762684"},{"taxonomy":"product_tag","embeddable":true,"href":"https:\/\/roveyayinevi.com.tr\/index.php\/wp-json\/wp\/v2\/product_tag?post=762684"}],"curies":[{"name":"wp","href":"https:\/\/api.w.org\/{rel}","templated":true}]}}