{"id":762682,"date":"2025-08-28T10:17:13","date_gmt":"2025-08-28T07:17:13","guid":{"rendered":"https:\/\/roveyayinevi.com.tr\/index.php\/urun\/islamiyet-hiristiyanlik-kavramlari-sozlugu-2-cilt\/"},"modified":"2026-04-15T03:27:43","modified_gmt":"2026-04-15T00:27:43","slug":"islamiyet-hiristiyanlik-kavramlari-sozlugu-2-cilt","status":"publish","type":"product","link":"https:\/\/roveyayinevi.com.tr\/index.php\/urun\/islamiyet-hiristiyanlik-kavramlari-sozlugu-2-cilt\/","title":{"rendered":"\u0130slamiyet-H\u0131ristiyanl\u0131k Kavramlar\u0131 S\u00f6zl\u00fc\u011f\u00fc (2 Cilt)"},"content":{"rendered":"<p>\u0130slamiyet-H\u0131ristiyanl\u0131k Kavramlar\u0131 S\u00f6zl\u00fc\u011f\u00fc (2 Cilt)<\/p>\n","protected":false},"excerpt":{"rendered":"<p>\u0130slamiyet-H\u0131ristiyanl\u0131k Kavramlar\u0131 S\u00f6zl\u00fc\u011f\u00fc (2 Cilt)<\/p>\n","protected":false},"featured_media":0,"template":"","meta":{"_monsterinsights_skip_tracking":false,"_monsterinsights_sitenote_active":false,"_monsterinsights_sitenote_note":"","_monsterinsights_sitenote_category":0},"product_brand":[],"product_cat":[12573,12566],"product_tag":[],"class_list":{"0":"post-762682","1":"product","2":"type-product","3":"status-publish","5":"product_cat-akademik-kitaplar","6":"product_cat-egitim","7":"pa_cilt-takim","8":"pa_tur-kitap","9":"pa_yayinevi-ankara-universitesi-yayinevi","10":"pa_yazar-kolektif","12":"first","13":"instock","14":"sale","15":"shipping-taxable","16":"purchasable","17":"product-type-simple"},"_links":{"self":[{"href":"https:\/\/roveyayinevi.com.tr\/index.php\/wp-json\/wp\/v2\/product\/762682","targetHints":{"allow":["GET"]}}],"collection":[{"href":"https:\/\/roveyayinevi.com.tr\/index.php\/wp-json\/wp\/v2\/product"}],"about":[{"href":"https:\/\/roveyayinevi.com.tr\/index.php\/wp-json\/wp\/v2\/types\/product"}],"wp:attachment":[{"href":"https:\/\/roveyayinevi.com.tr\/index.php\/wp-json\/wp\/v2\/media?parent=762682"}],"wp:term":[{"taxonomy":"product_brand","embeddable":true,"href":"https:\/\/roveyayinevi.com.tr\/index.php\/wp-json\/wp\/v2\/product_brand?post=762682"},{"taxonomy":"product_cat","embeddable":true,"href":"https:\/\/roveyayinevi.com.tr\/index.php\/wp-json\/wp\/v2\/product_cat?post=762682"},{"taxonomy":"product_tag","embeddable":true,"href":"https:\/\/roveyayinevi.com.tr\/index.php\/wp-json\/wp\/v2\/product_tag?post=762682"}],"curies":[{"name":"wp","href":"https:\/\/api.w.org\/{rel}","templated":true}]}}