{"id":762677,"date":"2025-08-28T10:17:07","date_gmt":"2025-08-28T07:17:07","guid":{"rendered":"https:\/\/roveyayinevi.com.tr\/index.php\/urun\/muslumanlik-ve-hiristiyanlikta-insan-der-mensch-in-christentum-und-islam\/"},"modified":"2026-04-15T03:27:43","modified_gmt":"2026-04-15T00:27:43","slug":"muslumanlik-ve-hiristiyanlikta-insan-der-mensch-in-christentum-und-islam","status":"publish","type":"product","link":"https:\/\/roveyayinevi.com.tr\/index.php\/urun\/muslumanlik-ve-hiristiyanlikta-insan-der-mensch-in-christentum-und-islam\/","title":{"rendered":"M\u00fcsl\u00fcmanl\u0131k ve H\u0131ristiyanl\u0131k\u2019ta \u0130nsan \/ Der Mensch in Christentum und Islam"},"content":{"rendered":"<p>H\u0131ristiyan ve M\u00fcsl\u00fcman teologlar, kendi dinlerinden hareket ederek, dinsel geleneklerinin insan olman\u0131n anlam\u0131na ve insan\u0131n geli\u015fimine katk\u0131s\u0131n\u0131 ara\u015ft\u0131r\u0131yorlar. Hedef ise her bir dinin teolojisi ile insan\u0131n varolu\u015fu aras\u0131ndaki ilgiyi kurmakt\u0131r. Teologlar\u0131n \u00e7\u0131k\u0131\u015f noktas\u0131n\u0131 \u0130lahi vahyin insan i\u00e7in oldu\u011funa dair temel kanaat olu\u015fturuyor. Vahiy insan i\u00e7indir ve onu anlayacak ve anlamland\u0131racak olan yine insand\u0131r. Bak\u0131\u015f a\u00e7\u0131s\u0131 insana y\u00f6nelince dinler aras\u0131 sayg\u0131n\u0131n ana ko\u015fulu olan birbirimizi anlamada ortak y\u00f6nlerimiz kadar farkl\u0131l\u0131klar\u0131m\u0131z \u00fczerinde de d\u00fc\u015f\u00fcnme imkan\u0131 do\u011fuyor.<\/p>\n","protected":false},"excerpt":{"rendered":"<p>H\u0131ristiyan ve M\u00fcsl\u00fcman teologlar, kendi dinlerinden hareket ederek, dinsel geleneklerinin insan olman\u0131n anlam\u0131na ve insan\u0131n geli\u015fimine katk\u0131s\u0131n\u0131 ara\u015ft\u0131r\u0131yorlar. Hedef ise her bir dinin teolojisi ile insan\u0131n<span class=\"excerpt-hellip\"> [\u2026]<\/span><\/p>\n","protected":false},"featured_media":0,"template":"","meta":{"_monsterinsights_skip_tracking":false,"_monsterinsights_sitenote_active":false,"_monsterinsights_sitenote_note":"","_monsterinsights_sitenote_category":0},"product_brand":[],"product_cat":[13036,12718,12719],"product_tag":[],"class_list":{"0":"post-762677","1":"product","2":"type-product","3":"status-publish","5":"product_cat-arastirma-inceleme-islam","6":"product_cat-din","7":"product_cat-islam","8":"pa_cilt-ciltsiz","9":"pa_tur-kitap","10":"pa_yayinevi-ankara-universitesi-yayinevi","11":"pa_yazar-kolektif","13":"first","14":"instock","15":"sale","16":"shipping-taxable","17":"purchasable","18":"product-type-simple"},"_links":{"self":[{"href":"https:\/\/roveyayinevi.com.tr\/index.php\/wp-json\/wp\/v2\/product\/762677","targetHints":{"allow":["GET"]}}],"collection":[{"href":"https:\/\/roveyayinevi.com.tr\/index.php\/wp-json\/wp\/v2\/product"}],"about":[{"href":"https:\/\/roveyayinevi.com.tr\/index.php\/wp-json\/wp\/v2\/types\/product"}],"wp:attachment":[{"href":"https:\/\/roveyayinevi.com.tr\/index.php\/wp-json\/wp\/v2\/media?parent=762677"}],"wp:term":[{"taxonomy":"product_brand","embeddable":true,"href":"https:\/\/roveyayinevi.com.tr\/index.php\/wp-json\/wp\/v2\/product_brand?post=762677"},{"taxonomy":"product_cat","embeddable":true,"href":"https:\/\/roveyayinevi.com.tr\/index.php\/wp-json\/wp\/v2\/product_cat?post=762677"},{"taxonomy":"product_tag","embeddable":true,"href":"https:\/\/roveyayinevi.com.tr\/index.php\/wp-json\/wp\/v2\/product_tag?post=762677"}],"curies":[{"name":"wp","href":"https:\/\/api.w.org\/{rel}","templated":true}]}}