{"id":762676,"date":"2025-08-28T10:17:06","date_gmt":"2025-08-28T07:17:06","guid":{"rendered":"https:\/\/roveyayinevi.com.tr\/index.php\/urun\/medya-cocukluk-ve-genclik\/"},"modified":"2026-04-15T03:27:43","modified_gmt":"2026-04-15T00:27:43","slug":"medya-cocukluk-ve-genclik","status":"publish","type":"product","link":"https:\/\/roveyayinevi.com.tr\/index.php\/urun\/medya-cocukluk-ve-genclik\/","title":{"rendered":"Medya, \u00c7ocukluk ve Gen\u00e7lik"},"content":{"rendered":"<p>Medya, \u00c7ocukluk ve Gen\u00e7lik kitab\u0131; ya korunan ya da su\u00e7lu diye damgalanarak kendisinden korunulan, hem e\u015fitsizlik, hem de kimli\u011finin tan\u0131mlanmamas\u0131 nedeniyle d\u0131\u015flanan, kendisine s\u00f6z hakk\u0131 verilmeyen \u00e7ocuklar\u0131n ve gen\u00e7lerin medyada temsiline ve kendilerinin bu temsilleri anlamland\u0131rmas\u0131na odaklan\u0131yor. \u00c7ocuk ve gen\u00e7 \u015feklinde homejen bir gruptan s\u00f6z edilmeyip; s\u0131n\u0131fsal, etnik, toplumsal cinsiyet vb. farkl\u0131l\u0131k ve e\u015fitsizlikler \u00fczerinde duran bu kitaptaki t\u00fcm b\u00f6l\u00fcmler \u00f6zg\u00fcn ara\u015ft\u0131rmalara dayan\u0131yor. Analiz edilen metinlerin haber, reklam, \u00f6yk\u00fc, \u015fiir, f\u0131kra ve karikat\u00fcr gibi geni\u015f bir yelpaze olu\u015fturdu\u011fu kitapta, medyada temsil ve anlamland\u0131rma pratikleri ara\u015ft\u0131r\u0131ld\u0131\u011f\u0131ndan, i\u00e7erik ve s\u00f6ylem analizi yan\u0131s\u0131ra, g\u00f6r\u00fc\u015fme ve odak grup teknikleri de kullan\u0131larak \u00e7ocuklar\u0131n ve gen\u00e7lerin s\u00f6zleri ve g\u00f6r\u00fc\u015flerine yer verilmektedir. Medyada a\u011f\u0131rl\u0131kla \u00e7ocuklar\u0131n bilgiye eri\u015fim, kat\u0131l\u0131m ve geli\u015fme haklar\u0131n\u0131n ihlal edildi\u011fini ortaya koyan bu \u00e7al\u0131\u015fma, iyimser olmaya pek de olanak tan\u0131mamaktad\u0131r. \u00d6te yandan, bu kitaptaki gibi ara\u015ft\u0131rmalar\u0131n dola\u015f\u0131ma girmesi ve hak savunucusu \u00f6rg\u00fctlerin s\u00fcrd\u00fcrd\u00fc\u011f\u00fc m\u00fccadelenin ivme kazanmas\u0131, kamusal s\u00f6ylem ve siyasalar\u0131n daha adil y\u00f6nde d\u00f6n\u00fc\u015fmesine katk\u0131da bulunabilir. <\/p>\n","protected":false},"excerpt":{"rendered":"<p>Medya, \u00c7ocukluk ve Gen\u00e7lik kitab\u0131; ya korunan ya da su\u00e7lu diye damgalanarak kendisinden korunulan, hem e\u015fitsizlik, hem de kimli\u011finin tan\u0131mlanmamas\u0131 nedeniyle d\u0131\u015flanan, kendisine s\u00f6z hakk\u0131 verilmeyen<span class=\"excerpt-hellip\"> [\u2026]<\/span><\/p>\n","protected":false},"featured_media":0,"template":"","meta":{"_monsterinsights_skip_tracking":false,"_monsterinsights_sitenote_active":false,"_monsterinsights_sitenote_note":"","_monsterinsights_sitenote_category":0},"product_brand":[],"product_cat":[15983,13488],"product_tag":[],"class_list":{"0":"post-762676","1":"product","2":"type-product","3":"status-publish","5":"product_cat-iletisim-ve-medya","6":"product_cat-toplum-ve-insan","7":"pa_cilt-ciltsiz","8":"pa_tur-kitap","9":"pa_yayinevi-ankara-universitesi-yayinevi","10":"pa_yazar-mine-gencel-bek","12":"first","13":"instock","14":"sale","15":"shipping-taxable","16":"purchasable","17":"product-type-simple"},"_links":{"self":[{"href":"https:\/\/roveyayinevi.com.tr\/index.php\/wp-json\/wp\/v2\/product\/762676","targetHints":{"allow":["GET"]}}],"collection":[{"href":"https:\/\/roveyayinevi.com.tr\/index.php\/wp-json\/wp\/v2\/product"}],"about":[{"href":"https:\/\/roveyayinevi.com.tr\/index.php\/wp-json\/wp\/v2\/types\/product"}],"wp:attachment":[{"href":"https:\/\/roveyayinevi.com.tr\/index.php\/wp-json\/wp\/v2\/media?parent=762676"}],"wp:term":[{"taxonomy":"product_brand","embeddable":true,"href":"https:\/\/roveyayinevi.com.tr\/index.php\/wp-json\/wp\/v2\/product_brand?post=762676"},{"taxonomy":"product_cat","embeddable":true,"href":"https:\/\/roveyayinevi.com.tr\/index.php\/wp-json\/wp\/v2\/product_cat?post=762676"},{"taxonomy":"product_tag","embeddable":true,"href":"https:\/\/roveyayinevi.com.tr\/index.php\/wp-json\/wp\/v2\/product_tag?post=762676"}],"curies":[{"name":"wp","href":"https:\/\/api.w.org\/{rel}","templated":true}]}}