{"id":762673,"date":"2025-08-28T10:17:02","date_gmt":"2025-08-28T07:17:02","guid":{"rendered":"https:\/\/roveyayinevi.com.tr\/index.php\/urun\/batinin-guvenlik-doktrinlerindeki-degisim-melez-savas-konsepti\/"},"modified":"2026-04-15T03:27:43","modified_gmt":"2026-04-15T00:27:43","slug":"batinin-guvenlik-doktrinlerindeki-degisim-melez-savas-konsepti","status":"publish","type":"product","link":"https:\/\/roveyayinevi.com.tr\/index.php\/urun\/batinin-guvenlik-doktrinlerindeki-degisim-melez-savas-konsepti\/","title":{"rendered":"Bat\u0131\u2019n\u0131n G\u00fcvenlik Doktrinlerindeki De\u011fi\u015fim: Melez Sava\u015f Konsepti"},"content":{"rendered":"<p>Elinizdeki kitapta tarihsel boyut i\u00e7erisinde Bat\u0131l\u0131 devletlerin g\u00fcvenlik doktrinlerinde meydana gelen de\u011fi\u015fiklikler \u0131\u015f\u0131\u011f\u0131nda melez sava\u015f konseptine nas\u0131l var\u0131lm\u0131\u015f oldu\u011fu de\u011ferlendirilmektedir. Art\u0131k uluslararas\u0131 alandaki silahl\u0131 \u00e7at\u0131\u015fmalar\u0131, iki ulus-devlet aras\u0131ndaki geleneksel \u00e7at\u0131\u015fma tan\u0131mlar\u0131yla a\u00e7\u0131klamak zor g\u00f6r\u00fcn\u00fcyor. Melez sava\u015f\u0131n \u00e7arp\u0131c\u0131 bir \u00f6rne\u011fi olmas\u0131 sebebiyle, bu \u00e7er\u00e7evede Suriye\u2019deki sava\u015f\u0131n \u00f6zellikleri \u00f6rnek olarak verilmi\u015f; Afganistan ve Irak sava\u015flar\u0131 da analiz edilmi\u015ftir. Ukrayna\u2019da \u00e7\u0131kan sava\u015f\u0131 da Bat\u0131\u2019n\u0131n yeni g\u00fcvenlik doktrinleri ile yorumlamak m\u00fcmk\u00fcnd\u00fcr. Bu y\u00f6n\u00fcyle melez sava\u015f konsepti, d\u00fcnyadaki mevcut sava\u015flara yeni bir a\u00e7\u0131klama tarz\u0131 sunmaktad\u0131r. <\/p>\n","protected":false},"excerpt":{"rendered":"<p>Elinizdeki kitapta tarihsel boyut i\u00e7erisinde Bat\u0131l\u0131 devletlerin g\u00fcvenlik doktrinlerinde meydana gelen de\u011fi\u015fiklikler \u0131\u015f\u0131\u011f\u0131nda melez sava\u015f konseptine nas\u0131l var\u0131lm\u0131\u015f oldu\u011fu de\u011ferlendirilmektedir. Art\u0131k uluslararas\u0131 alandaki silahl\u0131 \u00e7at\u0131\u015fmalar\u0131, iki<span class=\"excerpt-hellip\"> [\u2026]<\/span><\/p>\n","protected":false},"featured_media":0,"template":"","meta":{"_monsterinsights_skip_tracking":false,"_monsterinsights_sitenote_active":false,"_monsterinsights_sitenote_note":"","_monsterinsights_sitenote_category":0},"product_brand":[],"product_cat":[12337,17225],"product_tag":[],"class_list":{"0":"post-762673","1":"product","2":"type-product","3":"status-publish","5":"product_cat-politika-siyaset","6":"product_cat-uluslararasi-iliskiler","7":"pa_cilt-ciltsiz","8":"pa_tur-kitap","9":"pa_yayinevi-ankara-universitesi-yayinevi","10":"pa_yazar-ahmet-bulent-meric","12":"first","13":"instock","14":"sale","15":"shipping-taxable","16":"purchasable","17":"product-type-simple"},"_links":{"self":[{"href":"https:\/\/roveyayinevi.com.tr\/index.php\/wp-json\/wp\/v2\/product\/762673","targetHints":{"allow":["GET"]}}],"collection":[{"href":"https:\/\/roveyayinevi.com.tr\/index.php\/wp-json\/wp\/v2\/product"}],"about":[{"href":"https:\/\/roveyayinevi.com.tr\/index.php\/wp-json\/wp\/v2\/types\/product"}],"wp:attachment":[{"href":"https:\/\/roveyayinevi.com.tr\/index.php\/wp-json\/wp\/v2\/media?parent=762673"}],"wp:term":[{"taxonomy":"product_brand","embeddable":true,"href":"https:\/\/roveyayinevi.com.tr\/index.php\/wp-json\/wp\/v2\/product_brand?post=762673"},{"taxonomy":"product_cat","embeddable":true,"href":"https:\/\/roveyayinevi.com.tr\/index.php\/wp-json\/wp\/v2\/product_cat?post=762673"},{"taxonomy":"product_tag","embeddable":true,"href":"https:\/\/roveyayinevi.com.tr\/index.php\/wp-json\/wp\/v2\/product_tag?post=762673"}],"curies":[{"name":"wp","href":"https:\/\/api.w.org\/{rel}","templated":true}]}}