{"id":762671,"date":"2025-08-28T10:17:00","date_gmt":"2025-08-28T07:17:00","guid":{"rendered":"https:\/\/roveyayinevi.com.tr\/index.php\/urun\/evlilikte-mutlulugun-ve-mutsuzlugun-nedenleri\/"},"modified":"2026-04-03T03:19:56","modified_gmt":"2026-04-03T00:19:56","slug":"evlilikte-mutlulugun-ve-mutsuzlugun-nedenleri","status":"publish","type":"product","link":"https:\/\/roveyayinevi.com.tr\/index.php\/urun\/evlilikte-mutlulugun-ve-mutsuzlugun-nedenleri\/","title":{"rendered":"Evlilikte Mutlulu\u011fun ve Mutsuzlu\u011fun Nedenleri"},"content":{"rendered":"<p>Evlilik; farkl\u0131 veya benzer de\u011ferler, k\u00fclt\u00fcrler i\u00e7erisinde yeti\u015fmi\u015f olan iki yeti\u015fkin bireyin ortak bir hayat\u0131 payla\u015fmas\u0131, duygusal, biyolojik ve sosyal alanlardaki ihtiya\u00e7lar\u0131n\u0131 kar\u015f\u0131lama amac\u0131 ile hayatlar\u0131n birle\u015ftirilmesidir. Kar\u015f\u0131l\u0131\u011f\u0131, sevgi, sayg\u0131, g\u00fcven finansal durum vesairedir. Bunlardan biri ve birka\u00e7\u0131n\u0131n eksikli\u011fi mutsuzluk yarat\u0131yor. Ba\u015fta cinsel hayat olmak \u00fczere, bask\u0131, ilgisizlik, hatalar\u0131 affetmemek, do\u011frular\u0131 tart\u0131\u015famaya kapal\u0131 olmak. kavga ve ba\u015fkalar\u0131na ilgi duyma vs. mutsuzluk olu\u015fturdu\u011fu gibi e\u015fleri bo\u015fanmaya kadar ta\u015f\u0131r. Olan kendilerine, \u00e7ocuklar\u0131na olur. <\/p>\n","protected":false},"excerpt":{"rendered":"<p>Evlilik; farkl\u0131 veya benzer de\u011ferler, k\u00fclt\u00fcrler i\u00e7erisinde yeti\u015fmi\u015f olan iki yeti\u015fkin bireyin ortak bir hayat\u0131 payla\u015fmas\u0131, duygusal, biyolojik ve sosyal alanlardaki ihtiya\u00e7lar\u0131n\u0131 kar\u015f\u0131lama amac\u0131 ile hayatlar\u0131n<span class=\"excerpt-hellip\"> [\u2026]<\/span><\/p>\n","protected":false},"featured_media":0,"template":"","meta":{"_monsterinsights_skip_tracking":false,"_monsterinsights_sitenote_active":false,"_monsterinsights_sitenote_note":"","_monsterinsights_sitenote_category":0},"product_brand":[],"product_cat":[12364,12376],"product_tag":[],"class_list":{"0":"post-762671","1":"product","2":"type-product","3":"status-publish","5":"product_cat-genel-konular","6":"product_cat-kisisel-gelisim","7":"pa_cilt-ciltsiz","8":"pa_tur-kitap","9":"pa_yayinevi-gulnar-yayinlari","10":"pa_yazar-alihan-iren","12":"first","13":"instock","14":"sale","15":"shipping-taxable","16":"purchasable","17":"product-type-simple"},"_links":{"self":[{"href":"https:\/\/roveyayinevi.com.tr\/index.php\/wp-json\/wp\/v2\/product\/762671","targetHints":{"allow":["GET"]}}],"collection":[{"href":"https:\/\/roveyayinevi.com.tr\/index.php\/wp-json\/wp\/v2\/product"}],"about":[{"href":"https:\/\/roveyayinevi.com.tr\/index.php\/wp-json\/wp\/v2\/types\/product"}],"wp:attachment":[{"href":"https:\/\/roveyayinevi.com.tr\/index.php\/wp-json\/wp\/v2\/media?parent=762671"}],"wp:term":[{"taxonomy":"product_brand","embeddable":true,"href":"https:\/\/roveyayinevi.com.tr\/index.php\/wp-json\/wp\/v2\/product_brand?post=762671"},{"taxonomy":"product_cat","embeddable":true,"href":"https:\/\/roveyayinevi.com.tr\/index.php\/wp-json\/wp\/v2\/product_cat?post=762671"},{"taxonomy":"product_tag","embeddable":true,"href":"https:\/\/roveyayinevi.com.tr\/index.php\/wp-json\/wp\/v2\/product_tag?post=762671"}],"curies":[{"name":"wp","href":"https:\/\/api.w.org\/{rel}","templated":true}]}}