{"id":762670,"date":"2025-08-28T10:16:59","date_gmt":"2025-08-28T07:16:59","guid":{"rendered":"https:\/\/roveyayinevi.com.tr\/index.php\/urun\/burdur-arkeoloji-muzesi-teshir-salonu\/"},"modified":"2026-04-15T03:27:43","modified_gmt":"2026-04-15T00:27:43","slug":"burdur-arkeoloji-muzesi-teshir-salonu","status":"publish","type":"product","link":"https:\/\/roveyayinevi.com.tr\/index.php\/urun\/burdur-arkeoloji-muzesi-teshir-salonu\/","title":{"rendered":"Burdur Arkeoloji M\u00fczesi Te\u015fhir Salonu"},"content":{"rendered":"<p>Kitap kapsam\u0131nda, Burdur Arkeoloji M\u00fczesi te\u015fhir salonunda sergilenen 45 adet serbest heykelt\u0131ra\u015fl\u0131k eseri, kaleme al\u0131nm\u0131\u015ft\u0131r. Bu heykelt\u0131ra\u015fl\u0131k eserlerinin b\u00fcy\u00fck bir k\u0131sm\u0131 Pisidia\u2019n\u0131n \u00f6nemli kentlerinden Sagalassos ve Kremna Antik Kentleri ba\u015fta olmak \u00fczere Burdur ve yak\u0131n \u00e7evresinden ele ge\u00e7mi\u015ftir. Bir k\u0131sm\u0131n\u0131n ise buluntu yeri bilinmemektedir. \u0130rdelenen heykelt\u0131ra\u015fl\u0131k eserleri ise ideal eserler ba\u015fta olmak \u00fczere portrelerden olu\u015fur. \u0130deal eserler, k\u00f6ken vurgusuyla birlikte ikonografik, stilistik ve \u00fcslupsal de\u011ferlendirmeler birlikte ele al\u0131narak bir tarihlendirmeye gidilmi\u015ftir. Roma D\u00f6nemi portreleri ise Roma \u0130mparatorluk d\u00f6nemi portre sanat\u0131na y\u00f6n veren imparator ve imparatori\u00e7elerin sa\u00e7 stili\/modalar\u0131 a\u00e7\u0131klanarak tarihlendirme \u00f6nerileri getirilmi\u015f ve bunun yan\u0131 s\u0131ra imparatorlar\u0131n sanatsal tercihlerinin sonucu olarak ortaya \u00e7\u0131kan \u00fcslupsal \u00f6zellikler de g\u00f6z \u00f6n\u00fcne al\u0131nm\u0131\u015ft\u0131r. Bu metodoloji sonucunda da Burdur Arkeoloji M\u00fczesi te\u015fhir salonunda sergilenen serbest heykelt\u0131ra\u015fl\u0131k eserleri b\u00fct\u00fcnc\u00fcl bir \u015fekilde detayl\u0131ca irdelenerek bilim d\u00fcnyas\u0131na sunulmu\u015ftur.<\/p>\n","protected":false},"excerpt":{"rendered":"<p>Kitap kapsam\u0131nda, Burdur Arkeoloji M\u00fczesi te\u015fhir salonunda sergilenen 45 adet serbest heykelt\u0131ra\u015fl\u0131k eseri, kaleme al\u0131nm\u0131\u015ft\u0131r. Bu heykelt\u0131ra\u015fl\u0131k eserlerinin b\u00fcy\u00fck bir k\u0131sm\u0131 Pisidia\u2019n\u0131n \u00f6nemli kentlerinden Sagalassos ve<span class=\"excerpt-hellip\"> [\u2026]<\/span><\/p>\n","protected":false},"featured_media":0,"template":"","meta":{"_monsterinsights_skip_tracking":false,"_monsterinsights_sitenote_active":false,"_monsterinsights_sitenote_note":"","_monsterinsights_sitenote_category":0},"product_brand":[],"product_cat":[44608,12408],"product_tag":[],"class_list":{"0":"post-762670","1":"product","2":"type-product","3":"status-publish","5":"product_cat-diger-sanat","6":"product_cat-sanat","7":"pa_cilt-ciltsiz","8":"pa_tur-kitap","9":"pa_yayinevi-bilgin-kultur-sanat","10":"pa_yazar-mesut-can-kaya-yasar-arli-evren-sahin","12":"first","13":"instock","14":"sale","15":"shipping-taxable","16":"purchasable","17":"product-type-simple"},"_links":{"self":[{"href":"https:\/\/roveyayinevi.com.tr\/index.php\/wp-json\/wp\/v2\/product\/762670","targetHints":{"allow":["GET"]}}],"collection":[{"href":"https:\/\/roveyayinevi.com.tr\/index.php\/wp-json\/wp\/v2\/product"}],"about":[{"href":"https:\/\/roveyayinevi.com.tr\/index.php\/wp-json\/wp\/v2\/types\/product"}],"wp:attachment":[{"href":"https:\/\/roveyayinevi.com.tr\/index.php\/wp-json\/wp\/v2\/media?parent=762670"}],"wp:term":[{"taxonomy":"product_brand","embeddable":true,"href":"https:\/\/roveyayinevi.com.tr\/index.php\/wp-json\/wp\/v2\/product_brand?post=762670"},{"taxonomy":"product_cat","embeddable":true,"href":"https:\/\/roveyayinevi.com.tr\/index.php\/wp-json\/wp\/v2\/product_cat?post=762670"},{"taxonomy":"product_tag","embeddable":true,"href":"https:\/\/roveyayinevi.com.tr\/index.php\/wp-json\/wp\/v2\/product_tag?post=762670"}],"curies":[{"name":"wp","href":"https:\/\/api.w.org\/{rel}","templated":true}]}}