{"id":762668,"date":"2025-08-28T10:16:54","date_gmt":"2025-08-28T07:16:54","guid":{"rendered":"https:\/\/roveyayinevi.com.tr\/index.php\/urun\/bizim-mucitler-5-kitap\/"},"modified":"2026-04-03T03:19:56","modified_gmt":"2026-04-03T00:19:56","slug":"bizim-mucitler-5-kitap","status":"publish","type":"product","link":"https:\/\/roveyayinevi.com.tr\/index.php\/urun\/bizim-mucitler-5-kitap\/","title":{"rendered":"Bizim Mucitler (5 Kitap)"},"content":{"rendered":"<p>S\u0131k\u0131 durun \u201cBizim Mucitler\u201d sizi bulundu\u011funuz yerden al\u0131yor ve bir\u00e7ok icatla tan\u0131\u015ft\u0131rmak i\u00e7in e\u011flenceli bir yolculu\u011fa \u00e7\u0131kar\u0131yor. \u201cBizim Mucitler\u201d seti sizi astronomi, matematik, fizik, kimya ve mimari icatlar\u0131yla bulu\u015fturuyor. San\u0131r\u0131m \u201cBizim Mucitler\u201dle tan\u0131\u015fmak i\u00e7in sen de heyecanl\u0131s\u0131n. Yapman gereken \u00e7ok basit. Muhte\u015fem mucitlerle bu yolculu\u011fa \u00e7\u0131kman. Haydi hemen okumaya ba\u015fla; hem e\u011flence hem de bilgi dolu bu maceraya sen de kat\u0131l.   \u00b7        Kim \u00c7\u0131kard\u0131 Bu \u0130catlar\u0131 \u00b7        Astronomi Benim \u0130\u015fim \u00b7        Bir, \u0130ki, \u00dc\u00e7, T\u0131p! \u00b7        Navigasyon Yokken Biz Vard\u0131k \u00b7        Onu da Biz Yapt\u0131k <\/p>\n","protected":false},"excerpt":{"rendered":"<p>S\u0131k\u0131 durun \u201cBizim Mucitler\u201d sizi bulundu\u011funuz yerden al\u0131yor ve bir\u00e7ok icatla tan\u0131\u015ft\u0131rmak i\u00e7in e\u011flenceli bir yolculu\u011fa \u00e7\u0131kar\u0131yor. \u201cBizim Mucitler\u201d seti sizi astronomi, matematik, fizik, kimya ve<span class=\"excerpt-hellip\"> [\u2026]<\/span><\/p>\n","protected":false},"featured_media":0,"template":"","meta":{"_monsterinsights_skip_tracking":false,"_monsterinsights_sitenote_active":false,"_monsterinsights_sitenote_note":"","_monsterinsights_sitenote_category":0},"product_brand":[],"product_cat":[12274,12284],"product_tag":[],"class_list":{"0":"post-762668","1":"product","2":"type-product","3":"status-publish","5":"product_cat-cocuk-ve-genclik-kitaplari","6":"product_cat-hikayeler","7":"pa_cilt-set","8":"pa_tur-kitap","9":"pa_yayinevi-nesil-cocuk-yayinlari","10":"pa_yazar-abdil-mert","12":"first","13":"instock","14":"sale","15":"shipping-taxable","16":"purchasable","17":"product-type-simple"},"_links":{"self":[{"href":"https:\/\/roveyayinevi.com.tr\/index.php\/wp-json\/wp\/v2\/product\/762668","targetHints":{"allow":["GET"]}}],"collection":[{"href":"https:\/\/roveyayinevi.com.tr\/index.php\/wp-json\/wp\/v2\/product"}],"about":[{"href":"https:\/\/roveyayinevi.com.tr\/index.php\/wp-json\/wp\/v2\/types\/product"}],"wp:attachment":[{"href":"https:\/\/roveyayinevi.com.tr\/index.php\/wp-json\/wp\/v2\/media?parent=762668"}],"wp:term":[{"taxonomy":"product_brand","embeddable":true,"href":"https:\/\/roveyayinevi.com.tr\/index.php\/wp-json\/wp\/v2\/product_brand?post=762668"},{"taxonomy":"product_cat","embeddable":true,"href":"https:\/\/roveyayinevi.com.tr\/index.php\/wp-json\/wp\/v2\/product_cat?post=762668"},{"taxonomy":"product_tag","embeddable":true,"href":"https:\/\/roveyayinevi.com.tr\/index.php\/wp-json\/wp\/v2\/product_tag?post=762668"}],"curies":[{"name":"wp","href":"https:\/\/api.w.org\/{rel}","templated":true}]}}