{"id":762667,"date":"2025-08-28T10:16:52","date_gmt":"2025-08-28T07:16:52","guid":{"rendered":"https:\/\/roveyayinevi.com.tr\/index.php\/urun\/tahta-bavul-siirleri\/"},"modified":"2026-04-15T03:27:43","modified_gmt":"2026-04-15T00:27:43","slug":"tahta-bavul-siirleri","status":"publish","type":"product","link":"https:\/\/roveyayinevi.com.tr\/index.php\/urun\/tahta-bavul-siirleri\/","title":{"rendered":"Tahta Bavul \u015eiirleri"},"content":{"rendered":"<p>Sen ki k\u0131rk kelimeden Filizlenip hayat\u0131m\u0131 ku\u015fatan K\u0131rk hicran tohumunun Tek \u00e7i\u00e7e\u011fisin yurdumda a\u00e7an Dualar\u0131m\u0131n esrarl\u0131 el\u00e7ileri Y\u00fcz\u00fcn\u00fc sakl\u0131yor \u0131s\u0131rganlardan Bir kad\u0131n kendini aynalarda Aramaya ba\u015flad\u0131ysa g\u00fcn boyu Bir tahta bavuldur y\u00fcre\u011fi \u015fimdi Hik\u00e2yemi meczuplara anlatan <\/p>\n","protected":false},"excerpt":{"rendered":"<p>Sen ki k\u0131rk kelimeden Filizlenip hayat\u0131m\u0131 ku\u015fatan K\u0131rk hicran tohumunun Tek \u00e7i\u00e7e\u011fisin yurdumda a\u00e7an Dualar\u0131m\u0131n esrarl\u0131 el\u00e7ileri Y\u00fcz\u00fcn\u00fc sakl\u0131yor \u0131s\u0131rganlardan Bir kad\u0131n kendini aynalarda Aramaya ba\u015flad\u0131ysa<span class=\"excerpt-hellip\"> [\u2026]<\/span><\/p>\n","protected":false},"featured_media":0,"template":"","meta":{"_monsterinsights_skip_tracking":false,"_monsterinsights_sitenote_active":false,"_monsterinsights_sitenote_note":"","_monsterinsights_sitenote_category":0},"product_brand":[],"product_cat":[12291,12509],"product_tag":[],"class_list":{"0":"post-762667","1":"product","2":"type-product","3":"status-publish","5":"product_cat-edebiyat","6":"product_cat-siir","7":"pa_cilt-ciltsiz","8":"pa_tur-kitap","9":"pa_yayinevi-muhit-kitap","10":"pa_yazar-nurullah-genc","12":"first","13":"instock","14":"sale","15":"shipping-taxable","16":"purchasable","17":"product-type-simple"},"_links":{"self":[{"href":"https:\/\/roveyayinevi.com.tr\/index.php\/wp-json\/wp\/v2\/product\/762667","targetHints":{"allow":["GET"]}}],"collection":[{"href":"https:\/\/roveyayinevi.com.tr\/index.php\/wp-json\/wp\/v2\/product"}],"about":[{"href":"https:\/\/roveyayinevi.com.tr\/index.php\/wp-json\/wp\/v2\/types\/product"}],"wp:attachment":[{"href":"https:\/\/roveyayinevi.com.tr\/index.php\/wp-json\/wp\/v2\/media?parent=762667"}],"wp:term":[{"taxonomy":"product_brand","embeddable":true,"href":"https:\/\/roveyayinevi.com.tr\/index.php\/wp-json\/wp\/v2\/product_brand?post=762667"},{"taxonomy":"product_cat","embeddable":true,"href":"https:\/\/roveyayinevi.com.tr\/index.php\/wp-json\/wp\/v2\/product_cat?post=762667"},{"taxonomy":"product_tag","embeddable":true,"href":"https:\/\/roveyayinevi.com.tr\/index.php\/wp-json\/wp\/v2\/product_tag?post=762667"}],"curies":[{"name":"wp","href":"https:\/\/api.w.org\/{rel}","templated":true}]}}