{"id":762666,"date":"2025-08-28T10:16:50","date_gmt":"2025-08-28T07:16:50","guid":{"rendered":"https:\/\/roveyayinevi.com.tr\/index.php\/urun\/sesin-uzgun-geliyor\/"},"modified":"2026-04-15T03:27:43","modified_gmt":"2026-04-15T00:27:43","slug":"sesin-uzgun-geliyor","status":"publish","type":"product","link":"https:\/\/roveyayinevi.com.tr\/index.php\/urun\/sesin-uzgun-geliyor\/","title":{"rendered":"Sesin \u00dczg\u00fcn Geliyor"},"content":{"rendered":"<p>Ah \u0130brahim Uzak g\u00f6r\u00fc\u015fl\u00fc da\u011flardan bakt\u0131n, Ya\u011fmuru yazard\u0131n ya\u011fs\u0131n ya\u011fmas\u0131n, D\u00fcnyan\u0131n tenine el s\u00fcrmedin ey Hayattan kalm\u0131\u015f gibi ya\u015fad\u0131n.   Beraber s\u00f6ylenen ne varsa yanl\u0131\u015f Kal\u0131c\u0131 hasarlar ald\u0131n insandan, Yol yak\u0131nken d\u00f6nmedin Daha da d\u00f6nemezsin.   Emekle var\u0131lan o yorgun yerden, Biraz da t\u00fcrk\u00fcler dinlesin seni Anlat istersen. <\/p>\n","protected":false},"excerpt":{"rendered":"<p>Ah \u0130brahim Uzak g\u00f6r\u00fc\u015fl\u00fc da\u011flardan bakt\u0131n, Ya\u011fmuru yazard\u0131n ya\u011fs\u0131n ya\u011fmas\u0131n, D\u00fcnyan\u0131n tenine el s\u00fcrmedin ey Hayattan kalm\u0131\u015f gibi ya\u015fad\u0131n. Beraber s\u00f6ylenen ne varsa yanl\u0131\u015f Kal\u0131c\u0131 hasarlar<span class=\"excerpt-hellip\"> [\u2026]<\/span><\/p>\n","protected":false},"featured_media":0,"template":"","meta":{"_monsterinsights_skip_tracking":false,"_monsterinsights_sitenote_active":false,"_monsterinsights_sitenote_note":"","_monsterinsights_sitenote_category":0},"product_brand":[],"product_cat":[12291,12509],"product_tag":[],"class_list":{"0":"post-762666","1":"product","2":"type-product","3":"status-publish","5":"product_cat-edebiyat","6":"product_cat-siir","7":"pa_cilt-ciltsiz","8":"pa_tur-kitap","9":"pa_yayinevi-muhit-kitap","10":"pa_yazar-ibrahim-tenekeci","12":"first","13":"instock","14":"sale","15":"shipping-taxable","16":"purchasable","17":"product-type-simple"},"_links":{"self":[{"href":"https:\/\/roveyayinevi.com.tr\/index.php\/wp-json\/wp\/v2\/product\/762666","targetHints":{"allow":["GET"]}}],"collection":[{"href":"https:\/\/roveyayinevi.com.tr\/index.php\/wp-json\/wp\/v2\/product"}],"about":[{"href":"https:\/\/roveyayinevi.com.tr\/index.php\/wp-json\/wp\/v2\/types\/product"}],"wp:attachment":[{"href":"https:\/\/roveyayinevi.com.tr\/index.php\/wp-json\/wp\/v2\/media?parent=762666"}],"wp:term":[{"taxonomy":"product_brand","embeddable":true,"href":"https:\/\/roveyayinevi.com.tr\/index.php\/wp-json\/wp\/v2\/product_brand?post=762666"},{"taxonomy":"product_cat","embeddable":true,"href":"https:\/\/roveyayinevi.com.tr\/index.php\/wp-json\/wp\/v2\/product_cat?post=762666"},{"taxonomy":"product_tag","embeddable":true,"href":"https:\/\/roveyayinevi.com.tr\/index.php\/wp-json\/wp\/v2\/product_tag?post=762666"}],"curies":[{"name":"wp","href":"https:\/\/api.w.org\/{rel}","templated":true}]}}